{"id":7328,"date":"2024-01-31T13:16:28","date_gmt":"2024-01-31T12:16:28","guid":{"rendered":"https:\/\/ferrygut.com\/product\/munchkin-bamboo-suction-plates-bambusteller-mit-saugnapf\/"},"modified":"2025-04-28T15:26:23","modified_gmt":"2025-04-28T13:26:23","slug":"munchkin-bamboo-suction-plates-bambusteller-mit-saugnapf","status":"publish","type":"product","link":"https:\/\/ferrygut.com\/de\/produkt\/munchkin-bamboo-suction-plates-bambusteller-mit-saugnapf\/","title":{"rendered":"Munchkin Bamboo Suction Plates &#8211; Bambusteller mit Saugnapf"},"content":{"rendered":"<p>Der Munchkin Bambusteller ist nicht einfach nur ein weiterer Kinderteller; er bietet Komfort und Sicherheit mit praktischen Funktionen.<br \/>\nMit einem Saugnapf an der Unterseite, der Verschmutzungen und Verrutschen verhindert, tiefen Seiten, sp\u00fclmaschinenfest, 3 F\u00e4chern zum Essen, der M\u00f6glichkeit, deinem Kind das selbstst\u00e4ndige Essen beizubringen, und aus strapazierf\u00e4higem Bambus, der einiges aush\u00e4lt, macht dieser Teller jede Mahlzeit f\u00fcr Eltern und Kind angenehm und sorgenfrei. <\/p>\n<h5>Saugnapf an der Unterseite, um Manipulationen und Bewegungen zu verhindern<\/h5>\n<p>Der Kinderteller verf\u00fcgt \u00fcber einen praktischen Saugnapf an der Unterseite, der ihn fest auf dem Esstisch h\u00e4lt.<br \/>\nDas verhindert nicht nur Versch\u00fcttungen, sondern auch ungewollte Bewegungen beim Essen. <\/p>\n<h5>Tiefe W\u00e4nde f\u00fcr bequemes Dinieren<\/h5>\n<p>Der Teller hat tiefe Seiten, wodurch er ideal zum Servieren von So\u00dfen ist und ein Versch\u00fctten verhindert.<\/p>\n<h5>Sp\u00fclmaschinentauglich f\u00fcr zus\u00e4tzlichen Komfort<\/h5>\n<p>Der Teller ist sp\u00fclmaschinenfest und l\u00e4sst sich daher schnell und einfach reinigen.<br \/>\nKein \u00c4rger mit separaten Operationen und mehr Zeit f\u00fcr sch\u00f6ne Momente mit deinem Kind. <\/p>\n<h5>3 verschiedene Tabletts zum Essen f\u00fcr abwechslungsreiche Mahlzeiten<\/h5>\n<p>Der Teller hat 3 verschiedene F\u00e4cher, ideal zum Servieren verschiedener Mahlzeiten.<br \/>\nF\u00f6rdern Sie die Entwicklung von Geschmack und Essgewohnheiten bei Ihrem Kind. <\/p>\n<h5>Hilft dem Kind zu lernen, selbstst\u00e4ndig zu essen und sich zu entwickeln<\/h5>\n<p>Das Design des Tellers f\u00f6rdert das selbstst\u00e4ndige Essen und hilft deinem Kind, spielerisch neue Essf\u00e4higkeiten zu entwickeln.<\/p>\n<h5>Aus strapazierf\u00e4higem Bambus f\u00fcr eine lange Nutzungsdauer<\/h5>\n<p>Der Teller besteht aus nachhaltigem Bambus, der nicht nur umweltfreundlich ist, sondern auch einiges aushalten kann.<br \/>\nEine Investition in langfristige Nutzung und angenehme Essensmomente. <\/p>\n<h5>Fazit: Entdecke die Leichtigkeit des sicheren und lehrreichen Essens mit dem Munchkin Bambus-Babyteller<\/h5>\n<p>Entscheide dich f\u00fcr Komfort, Sicherheit und Lernen mit dem Munchkin Baby Board aus Bambus.<br \/>\nDieser Teller macht jede Mahlzeit zum Vergn\u00fcgen und f\u00f6rdert die Entwicklung deines Kindes.<br \/>\nEntdecke noch heute den Munchkin Bambus-Babyteller f\u00fcr sorglose und genussvolle Essensmomente!  <\/p>\n<h5>Wichtige Merkmale:<\/h5>\n<ul>\n<li>Saugnapf an der Unterseite, um Manipulationen und Bewegungen zu verhindern<\/li>\n<li>Tiefe W\u00e4nde f\u00fcr bequemes Essen<\/li>\n<li>Sp\u00fclmaschinentauglich f\u00fcr zus\u00e4tzlichen Komfort<\/li>\n<li>3 verschiedene F\u00e4cher zum Essen f\u00fcr abwechslungsreiche Mahlzeiten<\/li>\n<li>Hilft dem Baby zu lernen, selbstst\u00e4ndig zu essen, um sich zu entwickeln<\/li>\n<li>Hergestellt aus haltbarem Bambus f\u00fcr eine lange Lebensdauer<\/li>\n<\/ul>\n","protected":false},"excerpt":{"rendered":"<p>Der Munchkin Bambusteller ist nicht einfach nur ein weiterer Kinderteller; er bietet Komfort und Sicherheit mit praktischen Funktionen. Mit einem Saugnapf an der Unterseite, der Verschmutzungen und Verrutschen verhindert, tiefen Seiten, sp\u00fclmaschinenfest, 3 F\u00e4chern zum Essen, der M\u00f6glichkeit, deinem Kind das selbstst\u00e4ndige Essen beizubringen, und aus strapazierf\u00e4higem Bambus, der einiges aush\u00e4lt, macht dieser Teller jede [&hellip;]<\/p>\n","protected":false},"featured_media":7329,"comment_status":"closed","ping_status":"closed","template":"","meta":{"_acf_changed":false,"_seopress_robots_primary_cat":"55","_seopress_titles_title":"Bambusteller mit Saugnapf | Munchkin | FerryGut","_seopress_titles_desc":"Kinderteller mit Saugnapf, um Manipulationen zu verhindern. Heute bestellt, morgen zu dir nach Hause geliefert. Zahle keine Versandkosten bei FerryGut.  ","_seopress_robots_index":""},"product_brand":[],"product_cat":[2882,2895,2897],"product_tag":[],"brands":[5289],"channels":[],"class_list":{"0":"post-7328","1":"product","2":"type-product","3":"status-publish","4":"has-post-thumbnail","6":"product_cat-baby-kind","7":"product_cat-essen-und-trinken","8":"product_cat-kindergeschirr","9":"brands-munchkin","11":"first","12":"outofstock","13":"taxable","14":"shipping-taxable","15":"purchasable","16":"product-type-simple"},"acf":[],"weight_unit":"kg","dimension_unit":"cm","packaging_unit":"St\u00fccke","country_of_origin":"China","weee_germany":"DE97744419","website_url":"https:\/\/ferrygut.com\/","verkoper":"FerryGut.com","postcode":"5048CD","telefoonnummer":"+31850000735","_links":{"self":[{"href":"https:\/\/ferrygut.com\/de\/wp-json\/wp\/v2\/product\/7328","targetHints":{"allow":["GET"]}}],"collection":[{"href":"https:\/\/ferrygut.com\/de\/wp-json\/wp\/v2\/product"}],"about":[{"href":"https:\/\/ferrygut.com\/de\/wp-json\/wp\/v2\/types\/product"}],"replies":[{"embeddable":true,"href":"https:\/\/ferrygut.com\/de\/wp-json\/wp\/v2\/comments?post=7328"}],"wp:featuredmedia":[{"embeddable":true,"href":"https:\/\/ferrygut.com\/de\/wp-json\/wp\/v2\/media\/7329"}],"wp:attachment":[{"href":"https:\/\/ferrygut.com\/de\/wp-json\/wp\/v2\/media?parent=7328"}],"wp:term":[{"taxonomy":"product_brand","embeddable":true,"href":"https:\/\/ferrygut.com\/de\/wp-json\/wp\/v2\/product_brand?post=7328"},{"taxonomy":"product_cat","embeddable":true,"href":"https:\/\/ferrygut.com\/de\/wp-json\/wp\/v2\/product_cat?post=7328"},{"taxonomy":"product_tag","embeddable":true,"href":"https:\/\/ferrygut.com\/de\/wp-json\/wp\/v2\/product_tag?post=7328"},{"taxonomy":"brands","embeddable":true,"href":"https:\/\/ferrygut.com\/de\/wp-json\/wp\/v2\/brands?post=7328"},{"taxonomy":"channels","embeddable":true,"href":"https:\/\/ferrygut.com\/de\/wp-json\/wp\/v2\/channels?post=7328"}],"curies":[{"name":"wp","href":"https:\/\/api.w.org\/{rel}","templated":true}]}}