{"id":7290,"date":"2024-02-01T09:14:49","date_gmt":"2024-02-01T08:14:49","guid":{"rendered":"https:\/\/ferrygut.com\/product\/munchkin-bento-box-brottopf\/"},"modified":"2025-04-28T13:50:51","modified_gmt":"2025-04-28T11:50:51","slug":"munchkin-bento-box-brottopf-2","status":"publish","type":"product","link":"https:\/\/ferrygut.com\/de\/produkt\/munchkin-bento-box-brottopf-2\/","title":{"rendered":"Munchkin &#8211; Bento Box &#8211; Brottopf"},"content":{"rendered":"<p><em><strong>Praktischer Brotkasten mit Edelstahlbesteck &#8211; Inklusive Edelstahlbesteck, sp\u00fclmaschinenfest, hilft dem Kind, selbstst\u00e4ndig essen zu lernen, aus haltbarem Kunststoff, kindgerechtes Design mit 5 F\u00e4chern und einem Griff<\/strong><\/em><\/p>\n<p>Die Munchkin Bento Bread Drum Lunchbox ist nicht einfach nur eine weitere Lunchbox, sondern eine praktische und stilvolle L\u00f6sung f\u00fcr die Mahlzeiten deines Kindes. Mit dem mitgelieferten Besteck aus rostfreiem Stahl, das sp\u00fclmaschinenfest ist, und der M\u00f6glichkeit, deinem Kind beizubringen, selbstst\u00e4ndig zu essen, und dem strapazierf\u00e4higen Kunststoff, der einiges aush\u00e4lt, macht diese Lunchbox jede Mahlzeit bequem und macht Eltern und Kind Spa\u00df. <\/p>\n<h5>Inklusive Besteck aus rostfreiem Stahl f\u00fcr kompletten Komfort<\/h5>\n<p>Die Lunchbox wird mit einem praktischen Besteck aus Edelstahl geliefert, damit du alles f\u00fcr eine vollst\u00e4ndige Mahlzeit zur Hand hast, egal wo du bist.<\/p>\n<h5>Sp\u00fclmaschinentauglich f\u00fcr zus\u00e4tzlichen Komfort<\/h5>\n<p>Die Lunchbox ist sp\u00fclmaschinenfest und l\u00e4sst sich daher schnell und einfach reinigen. Das spart Zeit und M\u00fche und du kannst mehr Zeit mit deinem Kind verbringen. <\/p>\n<h5>Hilft dem Kind zu lernen, selbstst\u00e4ndig zu essen und sich zu entwickeln<\/h5>\n<p>Das Design der Brotdose f\u00f6rdert das selbstst\u00e4ndige Essen und hilft deinem Kind, spielerisch neue Essf\u00e4higkeiten zu entwickeln.<\/p>\n<h5>Aus strapazierf\u00e4higem Kunststoff f\u00fcr den langfristigen Einsatz<\/h5>\n<p>Die Lunchbox ist aus strapazierf\u00e4higem Kunststoff gefertigt, der nicht nur St\u00f6\u00dfen standh\u00e4lt, sondern auch eine langfristige Nutzung erm\u00f6glicht.<\/p>\n<h5>Kinderfreundliches Design mit 5 F\u00e4chern und einem Tragegriff<\/h5>\n<p>Mit 5 F\u00e4chern und einem Griff ist das Design der Lunchbox kinderfreundlich und bietet Platz f\u00fcr eine Vielzahl von Lebensmitteln.<\/p>\n<h5>Fazit: Entdecke die Leichtigkeit des stilvollen und organisierten Essens mit der Munchkin Bento Brottrommel-Lunchbox<\/h5>\n<p>Entscheide dich f\u00fcr Komfort, Stil und Organisation mit der Munchkin Bento Lunchbox. Mit dieser Lunchbox ist jede Mahlzeit bequem und macht Spa\u00df, und sie f\u00f6rdert die Entwicklung deines Kindes. Entdecke noch heute die Munchkin Bento Brottrommel-Lunchbox f\u00fcr sorgenfreie und lustige Essensmomente!  <\/p>\n<h5>Wichtige Merkmale:<\/h5>\n<ul>\n<li>Inklusive Besteck aus rostfreiem Stahl f\u00fcr kompletten Komfort<\/li>\n<li>Sp\u00fclmaschinentauglich f\u00fcr zus\u00e4tzlichen Komfort<\/li>\n<li>Hilft dem Baby zu lernen, selbstst\u00e4ndig zu essen, um sich zu entwickeln<\/li>\n<li>Aus strapazierf\u00e4higem Kunststoff f\u00fcr den langfristigen Einsatz<\/li>\n<li>Kinderfreundliches Design mit 5 F\u00e4chern und einem Griff<\/li>\n<\/ul>\n","protected":false},"excerpt":{"rendered":"<p>Praktischer Brotkasten mit Edelstahlbesteck &#8211; Inklusive Edelstahlbesteck, sp\u00fclmaschinenfest, hilft dem Kind, selbstst\u00e4ndig essen zu lernen, aus haltbarem Kunststoff, kindgerechtes Design mit 5 F\u00e4chern und einem Griff Die Munchkin Bento Bread Drum Lunchbox ist nicht einfach nur eine weitere Lunchbox, sondern eine praktische und stilvolle L\u00f6sung f\u00fcr die Mahlzeiten deines Kindes. Mit dem mitgelieferten Besteck aus [&hellip;]<\/p>\n","protected":false},"featured_media":7299,"comment_status":"closed","ping_status":"closed","template":"","meta":{"_acf_changed":false,"_seopress_robots_primary_cat":"557","_seopress_titles_title":"Broteimer | Munchkin | Gr\u00fcn\/Blau | FerryGut.com","_seopress_titles_desc":"Die ideale Lunchbox f\u00fcr die Mahlzeit deines Kindes | 5 F\u00e4cher | Inklusives Edelstahlbesteck | Hier bestellen! | Vor 22:00 Uhr bestellt, morgen geliefert ","_seopress_robots_index":""},"product_brand":[],"product_cat":[2882,2925,2895],"product_tag":[],"brands":[5289],"channels":[],"class_list":{"0":"post-7290","1":"product","2":"type-product","3":"status-publish","4":"has-post-thumbnail","6":"product_cat-baby-kind","7":"product_cat-brotdosen","8":"product_cat-essen-und-trinken","9":"brands-munchkin","11":"first","12":"outofstock","13":"taxable","14":"shipping-taxable","15":"purchasable","16":"product-type-simple"},"acf":[],"weight_unit":"kg","dimension_unit":"cm","packaging_unit":"St\u00fccke","country_of_origin":"China","weee_germany":"DE97744419","website_url":"https:\/\/ferrygut.com\/","verkoper":"FerryGut.com","postcode":"5048CD","telefoonnummer":"+31850000735","_links":{"self":[{"href":"https:\/\/ferrygut.com\/de\/wp-json\/wp\/v2\/product\/7290","targetHints":{"allow":["GET"]}}],"collection":[{"href":"https:\/\/ferrygut.com\/de\/wp-json\/wp\/v2\/product"}],"about":[{"href":"https:\/\/ferrygut.com\/de\/wp-json\/wp\/v2\/types\/product"}],"replies":[{"embeddable":true,"href":"https:\/\/ferrygut.com\/de\/wp-json\/wp\/v2\/comments?post=7290"}],"wp:featuredmedia":[{"embeddable":true,"href":"https:\/\/ferrygut.com\/de\/wp-json\/wp\/v2\/media\/7299"}],"wp:attachment":[{"href":"https:\/\/ferrygut.com\/de\/wp-json\/wp\/v2\/media?parent=7290"}],"wp:term":[{"taxonomy":"product_brand","embeddable":true,"href":"https:\/\/ferrygut.com\/de\/wp-json\/wp\/v2\/product_brand?post=7290"},{"taxonomy":"product_cat","embeddable":true,"href":"https:\/\/ferrygut.com\/de\/wp-json\/wp\/v2\/product_cat?post=7290"},{"taxonomy":"product_tag","embeddable":true,"href":"https:\/\/ferrygut.com\/de\/wp-json\/wp\/v2\/product_tag?post=7290"},{"taxonomy":"brands","embeddable":true,"href":"https:\/\/ferrygut.com\/de\/wp-json\/wp\/v2\/brands?post=7290"},{"taxonomy":"channels","embeddable":true,"href":"https:\/\/ferrygut.com\/de\/wp-json\/wp\/v2\/channels?post=7290"}],"curies":[{"name":"wp","href":"https:\/\/api.w.org\/{rel}","templated":true}]}}