{"id":7246,"date":"2024-02-01T11:21:25","date_gmt":"2024-02-01T10:21:25","guid":{"rendered":"https:\/\/ferrygut.com\/product\/munchkin-sabbat-tasche-gruen\/"},"modified":"2025-04-28T13:44:24","modified_gmt":"2025-04-28T11:44:24","slug":"munchkin-sabbat-tasche-gruen","status":"publish","type":"product","link":"https:\/\/ferrygut.com\/de\/produkt\/munchkin-sabbat-tasche-gruen\/","title":{"rendered":"Munchkin &#8211; Sabbat Tasche &#8211; Gr\u00fcn"},"content":{"rendered":"<p>Praktischer Fruchtsauger in Gr\u00fcn im verspielten blauen Design &#8211; Ideal f\u00fcr die Einf\u00fchrung von fester Nahrung, f\u00f6rdert das selbstst\u00e4ndige Essen, leicht zu bef\u00fcllen und zu reinigen, aus sicherem und BPA-freiem Material hergestellt<\/p>\n<p>Der Munchkin Fresh Food Feeder wurde entwickelt, um feste Nahrung auf eine sichere und spielerische Weise einzuf\u00fchren. Mit seinem praktischen Fruchtsauger im leuchtend blauen Design f\u00f6rdert dieser Sauger das selbstst\u00e4ndige Essen und bietet eine gesunde und sichere M\u00f6glichkeit, dein Kind an verschiedene Geschm\u00e4cker und Texturen heranzuf\u00fchren. <\/p>\n<h5>Ideal f\u00fcr die Einf\u00fchrung von fester Nahrung<\/h5>\n<p>Der Fresh Food Feeder ist ideal f\u00fcr die Einf\u00fchrung fester Nahrung f\u00fcr dein Kind. Es erm\u00f6glicht den Eltern, neue Geschmacksrichtungen und Texturen sicher und kontrolliert einzuf\u00fchren. <\/p>\n<h5>Ermutigt zum selbstst\u00e4ndigen Essen<\/h5>\n<p>Mit seinem benutzerfreundlichen Design f\u00f6rdert der Fresh Food Feeder das selbstst\u00e4ndige Essen und gibt deinem Kind die M\u00f6glichkeit, seine Geschmacksnerven zu entwickeln und seine motorischen F\u00e4higkeiten zu verbessern.<\/p>\n<h5>Leicht zu bef\u00fcllen und zu reinigen<\/h5>\n<p>Der Futterautomat l\u00e4sst sich leicht mit Obst- oder Gem\u00fcsest\u00fccken bef\u00fcllen, und das Netzdesign verhindert die Gefahr des Verschluckens. Au\u00dferdem ist der Frischfutterautomat leicht zu zerlegen und zu reinigen, so dass Eltern ihn m\u00fchelos benutzen k\u00f6nnen. <\/p>\n<h5>Hergestellt aus sicherem und BPA-freiem Material<\/h5>\n<p>Bei Munchkin steht die Sicherheit an erster Stelle. Der Fresh Food Feeder ist aus hochwertigem und BPA-freiem Material hergestellt, sodass Eltern ihr Kind getrost gesundes Essen genie\u00dfen lassen k\u00f6nnen. <\/p>\n<h5>Fazit: Gesundes und sicheres Essen mit dem Munchkin Fresh Food Feeder entdecken<\/h5>\n<p>Entscheide dich f\u00fcr gesundes und sicheres Essen mit dem Munchkin Fresh Food Feeder. Mit seinem leuchtend blauen Design und seinen benutzerfreundlichen Funktionen macht dieser Tr\u00e4nkeautomat den \u00dcbergang zu fester Nahrung zum Vergn\u00fcgen und ohne Sorgen. Bestelle den Munchkin Fresh Food Feeder noch heute und lass dein Kleines auf eine leckere Entdeckungsreise gehen!  <\/p>\n<h2>Wichtige Merkmale:<\/h2>\n<ul>\n<li>Ideal f\u00fcr die Einf\u00fchrung fester Nahrung<\/li>\n<li>Ermutigt zum selbstst\u00e4ndigen Essen<\/li>\n<li>Leicht zu bef\u00fcllen und zu reinigen<\/li>\n<li>Hergestellt aus sicherem und BPA-freiem Material<\/li>\n<\/ul>\n","protected":false},"excerpt":{"rendered":"<p>Praktischer Fruchtsauger in Gr\u00fcn im verspielten blauen Design &#8211; Ideal f\u00fcr die Einf\u00fchrung von fester Nahrung, f\u00f6rdert das selbstst\u00e4ndige Essen, leicht zu bef\u00fcllen und zu reinigen, aus sicherem und BPA-freiem Material hergestellt Der Munchkin Fresh Food Feeder wurde entwickelt, um feste Nahrung auf eine sichere und spielerische Weise einzuf\u00fchren. Mit seinem praktischen Fruchtsauger im leuchtend [&hellip;]<\/p>\n","protected":false},"featured_media":7247,"comment_status":"closed","ping_status":"closed","template":"","meta":{"_acf_changed":false,"_seopress_robots_primary_cat":"57","_seopress_titles_title":"Sabbat-Tasche f\u00fcr Kinder | Munchkin | Gr\u00fcn | FerryGut.com","_seopress_titles_desc":"F\u00fchre dein Kind auf sichere Weise an verschiedene Geschmacksrichtungen heran, indem du diesen Kauartikel direkt bei FerryGut bestellst! | Vor 22:00 Uhr bestellt, morgen geliefert ","_seopress_robots_index":""},"product_brand":[],"product_cat":[2882,2920,2895],"product_tag":[],"brands":[5289],"channels":[],"class_list":{"0":"post-7246","1":"product","2":"type-product","3":"status-publish","4":"has-post-thumbnail","6":"product_cat-baby-kind","7":"product_cat-beisringe","8":"product_cat-essen-und-trinken","9":"brands-munchkin","11":"first","12":"outofstock","13":"taxable","14":"shipping-taxable","15":"purchasable","16":"product-type-simple"},"acf":[],"weight_unit":"kg","dimension_unit":"cm","packaging_unit":"St\u00fccke","country_of_origin":"China","weee_germany":"DE97744419","website_url":"https:\/\/ferrygut.com\/","verkoper":"FerryGut.com","postcode":"5048CD","telefoonnummer":"+31850000735","_links":{"self":[{"href":"https:\/\/ferrygut.com\/de\/wp-json\/wp\/v2\/product\/7246","targetHints":{"allow":["GET"]}}],"collection":[{"href":"https:\/\/ferrygut.com\/de\/wp-json\/wp\/v2\/product"}],"about":[{"href":"https:\/\/ferrygut.com\/de\/wp-json\/wp\/v2\/types\/product"}],"replies":[{"embeddable":true,"href":"https:\/\/ferrygut.com\/de\/wp-json\/wp\/v2\/comments?post=7246"}],"wp:featuredmedia":[{"embeddable":true,"href":"https:\/\/ferrygut.com\/de\/wp-json\/wp\/v2\/media\/7247"}],"wp:attachment":[{"href":"https:\/\/ferrygut.com\/de\/wp-json\/wp\/v2\/media?parent=7246"}],"wp:term":[{"taxonomy":"product_brand","embeddable":true,"href":"https:\/\/ferrygut.com\/de\/wp-json\/wp\/v2\/product_brand?post=7246"},{"taxonomy":"product_cat","embeddable":true,"href":"https:\/\/ferrygut.com\/de\/wp-json\/wp\/v2\/product_cat?post=7246"},{"taxonomy":"product_tag","embeddable":true,"href":"https:\/\/ferrygut.com\/de\/wp-json\/wp\/v2\/product_tag?post=7246"},{"taxonomy":"brands","embeddable":true,"href":"https:\/\/ferrygut.com\/de\/wp-json\/wp\/v2\/brands?post=7246"},{"taxonomy":"channels","embeddable":true,"href":"https:\/\/ferrygut.com\/de\/wp-json\/wp\/v2\/channels?post=7246"}],"curies":[{"name":"wp","href":"https:\/\/api.w.org\/{rel}","templated":true}]}}