{"id":7233,"date":"2024-02-01T13:47:45","date_gmt":"2024-02-01T12:47:45","guid":{"rendered":"https:\/\/ferrygut.com\/product\/munchkin-baby-food-feeder-silikon-sabberbeutel-gruen\/"},"modified":"2025-04-28T13:47:09","modified_gmt":"2025-04-28T11:47:09","slug":"munchkin-baby-food-feeder-silikon-sabberbeutel-gruen","status":"publish","type":"product","link":"https:\/\/ferrygut.com\/de\/produkt\/munchkin-baby-food-feeder-silikon-sabberbeutel-gruen\/","title":{"rendered":"Munchkin Baby Food Feeder &#8211; Silikon-Sabberbeutel &#8211; Gr\u00fcn"},"content":{"rendered":"<p>Praktische Maultasche in Gr\u00fcn im verspielten Design &#8211; Ideal f\u00fcr die Einf\u00fchrung von fester Nahrung, f\u00f6rdert das selbstst\u00e4ndige Essen, leicht zu bef\u00fcllen und zu reinigen, aus sicherem und BPA-freiem Material<\/p>\n<p>Der Munchkin Baby Food Feeder wurde entwickelt, um feste Nahrung auf eine sichere und spielerische Weise einzuf\u00fchren.<br \/>\nMit seinem praktischen Fruchtsauger bietet dieser Sauger eine gesunde und sichere M\u00f6glichkeit, dein Kind an verschiedene Geschm\u00e4cker und Texturen heranzuf\u00fchren. <\/p>\n<h5>Ideal f\u00fcr die Einf\u00fchrung von fester Nahrung<\/h5>\n<p>Der Baby Food Feeder ist ideal f\u00fcr die Einf\u00fchrung fester Nahrung f\u00fcr dein Kind.<br \/>\nEs erm\u00f6glicht den Eltern, neue Geschmacksrichtungen und Texturen sicher und kontrolliert einzuf\u00fchren. <\/p>\n<h5>Ermutigt zum selbstst\u00e4ndigen Essen<\/h5>\n<p>Mit seinem benutzerfreundlichen Design f\u00f6rdert der Baby Food Feeder das selbstst\u00e4ndige Essen und gibt deinem Kind die M\u00f6glichkeit, seine Geschmacksnerven zu entwickeln und seine motorischen F\u00e4higkeiten zu verbessern.<\/p>\n<h5>Leicht zu bef\u00fcllen und zu reinigen<\/h5>\n<p>Der Futterautomat l\u00e4sst sich leicht mit Obst- oder Gem\u00fcsest\u00fcckchen bef\u00fcllen, und das Silikondesign verhindert die Gefahr des Verschluckens.<br \/>\nAu\u00dferdem ist der Baby Food Feeder leicht zu zerlegen und zu reinigen, so dass die Eltern ihn m\u00fchelos benutzen k\u00f6nnen. <\/p>\n<h5>Hergestellt aus sicherem und BPA-freiem Material<\/h5>\n<p>Bei Munchkin steht die Sicherheit an erster Stelle.<br \/>\nDer Baby Food Feeder ist aus hochwertigem und BPA-freiem Material hergestellt, sodass Eltern ihr Kind getrost gesundes Essen genie\u00dfen lassen k\u00f6nnen. <\/p>\n<h5>Fazit: Gesundes und unbeschwertes Essen mit dem Munchkin Baby Food Feeder entdecken<\/h5>\n<p>Entscheide dich f\u00fcr eine gesunde und sorgenfreie Ern\u00e4hrung mit dem Munchkin Baby Food Feeder.<br \/>\nMit seinen benutzerfreundlichen Funktionen und seinem sicheren Design macht dieser Tr\u00e4nkeautomat den \u00dcbergang zu fester Nahrung zum Vergn\u00fcgen und einfach.<br \/>\nBestelle den Munchkin Baby Food Feeder noch heute und lass dein Kleines auf eine leckere Entdeckungsreise gehen!  <\/p>\n<h5>Wichtige Merkmale:<\/h5>\n<ul>\n<li>Ideal f\u00fcr die Einf\u00fchrung fester Nahrung<\/li>\n<li>Ermutigt zum selbstst\u00e4ndigen Essen<\/li>\n<li>Leicht zu bef\u00fcllen und zu reinigen<\/li>\n<li>Hergestellt aus sicherem und BPA-freiem Material<\/li>\n<\/ul>\n","protected":false},"excerpt":{"rendered":"<p>Praktische Maultasche in Gr\u00fcn im verspielten Design &#8211; Ideal f\u00fcr die Einf\u00fchrung von fester Nahrung, f\u00f6rdert das selbstst\u00e4ndige Essen, leicht zu bef\u00fcllen und zu reinigen, aus sicherem und BPA-freiem Material Der Munchkin Baby Food Feeder wurde entwickelt, um feste Nahrung auf eine sichere und spielerische Weise einzuf\u00fchren. Mit seinem praktischen Fruchtsauger bietet dieser Sauger eine [&hellip;]<\/p>\n","protected":false},"featured_media":7234,"comment_status":"closed","ping_status":"closed","template":"","meta":{"_acf_changed":false,"_seopress_robots_primary_cat":"57","_seopress_titles_title":"Silikons\u00e4belbeutel | Munckin | Gr\u00fcn | FerryGut","_seopress_titles_desc":"Sabbat-Tasche, die das selbstst\u00e4ndige Essen f\u00f6rdert. \u00dcber FerryGut vor 22:00 Uhr bestellt, morgen geliefert oder an eine Abholstelle liefern lassen. ","_seopress_robots_index":""},"product_brand":[],"product_cat":[2882,2920,2895],"product_tag":[],"brands":[5289],"channels":[],"class_list":{"0":"post-7233","1":"product","2":"type-product","3":"status-publish","4":"has-post-thumbnail","6":"product_cat-baby-kind","7":"product_cat-beisringe","8":"product_cat-essen-und-trinken","9":"brands-munchkin","11":"first","12":"outofstock","13":"taxable","14":"shipping-taxable","15":"purchasable","16":"product-type-simple"},"acf":[],"weight_unit":"kg","dimension_unit":"cm","packaging_unit":"St\u00fccke","country_of_origin":"China","weee_germany":"DE97744419","website_url":"https:\/\/ferrygut.com\/","verkoper":"FerryGut.com","postcode":"5048CD","telefoonnummer":"+31850000735","_links":{"self":[{"href":"https:\/\/ferrygut.com\/de\/wp-json\/wp\/v2\/product\/7233","targetHints":{"allow":["GET"]}}],"collection":[{"href":"https:\/\/ferrygut.com\/de\/wp-json\/wp\/v2\/product"}],"about":[{"href":"https:\/\/ferrygut.com\/de\/wp-json\/wp\/v2\/types\/product"}],"replies":[{"embeddable":true,"href":"https:\/\/ferrygut.com\/de\/wp-json\/wp\/v2\/comments?post=7233"}],"wp:featuredmedia":[{"embeddable":true,"href":"https:\/\/ferrygut.com\/de\/wp-json\/wp\/v2\/media\/7234"}],"wp:attachment":[{"href":"https:\/\/ferrygut.com\/de\/wp-json\/wp\/v2\/media?parent=7233"}],"wp:term":[{"taxonomy":"product_brand","embeddable":true,"href":"https:\/\/ferrygut.com\/de\/wp-json\/wp\/v2\/product_brand?post=7233"},{"taxonomy":"product_cat","embeddable":true,"href":"https:\/\/ferrygut.com\/de\/wp-json\/wp\/v2\/product_cat?post=7233"},{"taxonomy":"product_tag","embeddable":true,"href":"https:\/\/ferrygut.com\/de\/wp-json\/wp\/v2\/product_tag?post=7233"},{"taxonomy":"brands","embeddable":true,"href":"https:\/\/ferrygut.com\/de\/wp-json\/wp\/v2\/brands?post=7233"},{"taxonomy":"channels","embeddable":true,"href":"https:\/\/ferrygut.com\/de\/wp-json\/wp\/v2\/channels?post=7233"}],"curies":[{"name":"wp","href":"https:\/\/api.w.org\/{rel}","templated":true}]}}