{"id":7174,"date":"2024-02-05T10:08:47","date_gmt":"2024-02-05T09:08:47","guid":{"rendered":"https:\/\/ferrygut.com\/product\/munchkin-4pk-squirtin-barnyard-friend-4-verschiedene-badefiguren\/"},"modified":"2025-04-29T09:13:18","modified_gmt":"2025-04-29T07:13:18","slug":"munchkin-4pk-squirtin-barnyard-friend-4-verschiedene-badefiguren","status":"publish","type":"product","link":"https:\/\/ferrygut.com\/de\/produkt\/munchkin-4pk-squirtin-barnyard-friend-4-verschiedene-badefiguren\/","title":{"rendered":"Munchkin 4pk Squirtin&#8217; Barnyard Friend &#8211; 4 verschiedene Badefiguren"},"content":{"rendered":"<p>Mit den Munchkin Farm Bad Squirters wird der Bauernhof in der Badewanne zum Leben erweckt.<br \/>\nDieses Set mit 4 Badefiguren, die niedliche und spritzende Bauernhoftiere verspr\u00fchen, bringt einen Hauch von l\u00e4ndlichem Spa\u00df in die Badezeit deiner Kleinen und macht das Baden zu einem spielerischen Abenteuer. <\/p>\n<h5><strong>Lebendige Bauernhoftiere f\u00fcr Badespa\u00df<\/strong><\/h5>\n<p>Die Farm Bad Squirters sind als fr\u00f6hliche Bauernhoftiere gestaltet, darunter K\u00fche, Schweine, H\u00fchner und mehr.<br \/>\nDie leuchtenden Farben und freundlichen Gesichter machen diese Spielzeuge f\u00fcr deine Kleinen attraktiv und regen die Fantasie beim Spielen an. <\/p>\n<h5><strong>Wasserspa\u00df spritzen<\/strong><\/h5>\n<p>Das Set ist mit einer lustigen Wasserspritzfunktion ausgestattet.<br \/>\nEintauchen, auspressen und losspritzen!<br \/>\nDein Kleines kann Wasser saugen und spritzen, was f\u00fcr ein aktives und lustiges Spiel sorgt.<br \/>\nDas f\u00f6rdert nicht nur die Hand-Augen-Koordination, sondern zaubert auch ein L\u00e4cheln in kleine Gesichter.   <\/p>\n<h5><strong>Sicher und leicht zu pflegen<\/strong><\/h5>\n<p>Aus hochwertigem und BPA-freiem Material hergestellt, sind die spritzenden Bauernhof-Figuren sicher f\u00fcr dein Kind.<br \/>\nNach dem Spielen k\u00f6nnen die Spielzeuge leicht gereinigt und getrocknet werden, bereit f\u00fcr das n\u00e4chste Wasserabenteuer auf dem Bauernhof. <\/p>\n<h5><strong>Stimulation der Sinne<\/strong><\/h5>\n<p>Das Spielen mit den spritzenden Bauernhof-Figuren regt die verschiedenen Sinne deines Kindes an.<br \/>\nVom F\u00fchlen des Wassers \u00fcber das Sehen des Spritzens bis hin zum H\u00f6ren des Wasserger\u00e4usches &#8211; dieses Spielzeug bietet eine multisensorische Erfahrung, die die Entwicklung deines Kindes f\u00f6rdert. <\/p>\n<h5><strong>Ideales Geschenk f\u00fcr kleine Abenteurer<\/strong><\/h5>\n<p>Dieses Set aus 4 Badequirtern ist nicht nur ein Spa\u00df f\u00fcr dein eigenes Kind, sondern auch eine tolle Geschenkidee f\u00fcr andere junge Abenteurer.<br \/>\nMit diesen niedlichen und zappelnden Bauernhof-Figuren bringst du den Spa\u00df des Bauernhofs in die Badewanne deines Kindes. <\/p>\n<h5><strong>Wichtige Merkmale:<\/strong><\/h5>\n<ul>\n<li>4er-Set mit einem lustigen Bauernhof-Motiv<\/li>\n<li>Lebendige und bunte Bauernhoftiere<\/li>\n<li>Spr\u00fchende Wasserspritzfunktion f\u00fcr aktives Spielen<\/li>\n<li>Sicher und leicht zu pflegen<\/li>\n<li>Hergestellt aus langlebigen und hochwertigen Materialien<\/li>\n<\/ul>\n","protected":false},"excerpt":{"rendered":"<p>Mit den Munchkin Farm Bad Squirters wird der Bauernhof in der Badewanne zum Leben erweckt. Dieses Set mit 4 Badefiguren, die niedliche und spritzende Bauernhoftiere verspr\u00fchen, bringt einen Hauch von l\u00e4ndlichem Spa\u00df in die Badezeit deiner Kleinen und macht das Baden zu einem spielerischen Abenteuer. Lebendige Bauernhoftiere f\u00fcr Badespa\u00df Die Farm Bad Squirters sind als [&hellip;]<\/p>\n","protected":false},"featured_media":7175,"comment_status":"closed","ping_status":"closed","template":"","meta":{"_acf_changed":false,"_seopress_robots_primary_cat":"567","_seopress_titles_title":"Munchkin | 4 Badefiguren | Bauernhoftiere | FerryGut","_seopress_titles_desc":"Verschiedene Badefiguren mit Wasserspr\u00fchfunktion. Bestelle es jetzt, ideal f\u00fcr junge Abenteurer. Bei FerryGut ist das die Lieferung am n\u00e4chsten Tag.  ","_seopress_robots_index":""},"product_brand":[],"product_cat":[2882,2924,2909],"product_tag":[],"brands":[5289],"channels":[],"class_list":{"0":"post-7174","1":"product","2":"type-product","3":"status-publish","4":"has-post-thumbnail","6":"product_cat-baby-kind","7":"product_cat-badespielzeug","8":"product_cat-zuhause","9":"brands-munchkin","11":"first","12":"outofstock","13":"taxable","14":"shipping-taxable","15":"purchasable","16":"product-type-simple"},"acf":[],"weight_unit":"kg","dimension_unit":"cm","packaging_unit":"St\u00fccke","country_of_origin":"China","weee_germany":"DE97744419","website_url":"https:\/\/ferrygut.com\/","verkoper":"FerryGut.com","postcode":"5048CD","telefoonnummer":"+31850000735","_links":{"self":[{"href":"https:\/\/ferrygut.com\/de\/wp-json\/wp\/v2\/product\/7174","targetHints":{"allow":["GET"]}}],"collection":[{"href":"https:\/\/ferrygut.com\/de\/wp-json\/wp\/v2\/product"}],"about":[{"href":"https:\/\/ferrygut.com\/de\/wp-json\/wp\/v2\/types\/product"}],"replies":[{"embeddable":true,"href":"https:\/\/ferrygut.com\/de\/wp-json\/wp\/v2\/comments?post=7174"}],"wp:featuredmedia":[{"embeddable":true,"href":"https:\/\/ferrygut.com\/de\/wp-json\/wp\/v2\/media\/7175"}],"wp:attachment":[{"href":"https:\/\/ferrygut.com\/de\/wp-json\/wp\/v2\/media?parent=7174"}],"wp:term":[{"taxonomy":"product_brand","embeddable":true,"href":"https:\/\/ferrygut.com\/de\/wp-json\/wp\/v2\/product_brand?post=7174"},{"taxonomy":"product_cat","embeddable":true,"href":"https:\/\/ferrygut.com\/de\/wp-json\/wp\/v2\/product_cat?post=7174"},{"taxonomy":"product_tag","embeddable":true,"href":"https:\/\/ferrygut.com\/de\/wp-json\/wp\/v2\/product_tag?post=7174"},{"taxonomy":"brands","embeddable":true,"href":"https:\/\/ferrygut.com\/de\/wp-json\/wp\/v2\/brands?post=7174"},{"taxonomy":"channels","embeddable":true,"href":"https:\/\/ferrygut.com\/de\/wp-json\/wp\/v2\/channels?post=7174"}],"curies":[{"name":"wp","href":"https:\/\/api.w.org\/{rel}","templated":true}]}}