{"id":7168,"date":"2024-02-07T14:49:40","date_gmt":"2024-02-07T13:49:40","guid":{"rendered":"https:\/\/ferrygut.com\/product\/munchkin-aufbewahrungskorb-fuer-die-badewanne\/"},"modified":"2025-04-28T16:46:19","modified_gmt":"2025-04-28T14:46:19","slug":"munchkin-aufbewahrungskorb-fuer-die-badewanne","status":"publish","type":"product","link":"https:\/\/ferrygut.com\/de\/produkt\/munchkin-aufbewahrungskorb-fuer-die-badewanne\/","title":{"rendered":"Munchkin &#8211; Aufbewahrungskorb f\u00fcr die Badewanne"},"content":{"rendered":"<div class=\"flex-1 overflow-hidden\">\n<div class=\"react-scroll-to-bottom--css-qkrbo-79elbk h-full\">\n<div class=\"react-scroll-to-bottom--css-qkrbo-1n7m0yu\">\n<div class=\"flex flex-col pb-9 text-sm\">\n<div class=\"w-full text-token-text-primary\" data-testid=\"conversation-turn-114\">\n<div class=\"px-4 py-2 justify-center text-base md:gap-6 m-auto\">\n<div class=\"flex flex-1 text-base mx-auto gap-3 md:px-5 lg:px-1 xl:px-5 md:max-w-3xl lg:max-w-[40rem] xl:max-w-[48rem] group final-completion\">\n<div class=\"relative flex w-full flex-col lg:w-[calc(100%-115px)] agent-turn\">\n<div class=\"flex-col gap-1 md:gap-3\">\n<div class=\"flex flex-grow flex-col max-w-full\">\n<div class=\"min-h-[20px] text-message flex flex-col items-start gap-3 whitespace-pre-wrap break-words [.text-message+&amp;]:mt-5 overflow-x-auto\" data-message-author-role=\"assistant\" data-message-id=\"05f59f84-c897-4cd8-aaf9-6e19841e1f29\">\n<div class=\"markdown prose w-full break-words dark:prose-invert light\">\n<p><span style=\"font-size: 14px;\">Genie\u00dfe ein aufger\u00e4umtes Badezimmer mit dem Munchkin High &#8216;n Dry Bath Storage Basket.<br \/>\nIn diesem praktischen Organizer lassen sich die Badeutensilien ordentlich aufbewahren, damit Eltern und Kinder ein aufger\u00e4umtes und organisiertes Badezimmer genie\u00dfen k\u00f6nnen. <\/span><\/p>\n<h5>Effiziente Lagerung<\/h5>\n<p>Der High &#8216;n Dry Bath Organiser von Munchkin bietet eine clevere und effiziente M\u00f6glichkeit, Badeutensilien zu verstauen.<br \/>\nMit mehreren F\u00e4chern und Haken k\u00f6nnen Eltern Badespielzeug, Shampoos und andere Badeutensilien geordnet aufbewahren. <\/p>\n<h5>Einfach zu installieren und zu nutzen<\/h5>\n<p>Dieser Organizer ist einfach zu installieren und kann mit Saugn\u00e4pfen an der Duschwand oder am Badewannenrand befestigt werden.<br \/>\nDank des praktischen Designs k\u00f6nnen Eltern schnell und einfach auf ihre Badeutensilien zugreifen, sodass die Badezeit stressfrei verl\u00e4uft. <\/p>\n<h5>Langlebig und stilvoll<\/h5>\n<p>Der High &#8216;n Dry Bath Storage Basket ist aus strapazierf\u00e4higem Material gefertigt und in einem stilvollen grauen Design erh\u00e4ltlich. Er passt perfekt in jedes Badezimmer.<br \/>\nDas wasserabweisende Material sorgt daf\u00fcr, dass der Organizer auch in feuchten Umgebungen lange h\u00e4lt. <\/p>\n<h5>Wichtige Merkmale:<\/h5>\n<ul>\n<li>Effizienter Stauraum f\u00fcr alle Gegenst\u00e4nde im Bad<\/li>\n<li>Einfach zu installieren mit starken Saugn\u00e4pfen<\/li>\n<li>Hergestellt aus strapazierf\u00e4higem und wasserabweisendem Material<\/li>\n<li>Bequemes Design f\u00fcr ein stressfreies Bad<\/li>\n<li>Das stilvolle graue Design passt in jedes Badezimmer<\/li>\n<li>\n<\/li>\n<\/ul>\n<p>Mit dem Munchkin High &#8216;n Dry Bath Storage Basket sorgst du f\u00fcr Ordnung in deinem Badezimmer und genie\u00dft stressfreie Badezeiten.<br \/>\nBestelle diese praktische L\u00f6sung noch heute und verwandle dein Badezimmer in einen aufger\u00e4umten und funktionalen Raum. <\/p>\n<\/div>\n<\/div>\n<\/div>\n<div class=\"mt-1 flex justify-start gap-3 empty:hidden\">\n<div class=\"text-gray-400 flex self-end lg:self-center justify-center lg:justify-start mt-0 -ml-1 visible\">\n<div class=\"flex items-center gap-1.5 text-xs\"><\/div>\n<div class=\"flex\"><\/div>\n<\/div>\n<\/div>\n<\/div>\n<div class=\"absolute\">\n<div class=\"flex w-full gap-2 items-center justify-center\"><\/div>\n<\/div>\n<\/div>\n<\/div>\n<\/div>\n<\/div>\n<\/div>\n<\/div>\n<\/div>\n<\/div>\n<div class=\"w-full pt-2 md:pt-0 dark:border-white\/20 md:border-transparent md:dark:border-transparent md:w-[calc(100%-.5rem)]\">\n<form class=\"stretch mx-2 flex flex-row gap-3 last:mb-2 md:mx-4 md:last:mb-6 lg:mx-auto lg:max-w-2xl xl:max-w-3xl\">\n<div class=\"relative flex h-full flex-1 items-stretch md:flex-col\">\n<div class=\"flex w-full items-center\"><\/div>\n<\/div>\n<\/form>\n<\/div>\n","protected":false},"excerpt":{"rendered":"<p>Genie\u00dfe ein aufger\u00e4umtes Badezimmer mit dem Munchkin High &#8216;n Dry Bath Storage Basket. In diesem praktischen Organizer lassen sich die Badeutensilien ordentlich aufbewahren, damit Eltern und Kinder ein aufger\u00e4umtes und organisiertes Badezimmer genie\u00dfen k\u00f6nnen. Effiziente Lagerung Der High &#8216;n Dry Bath Organiser von Munchkin bietet eine clevere und effiziente M\u00f6glichkeit, Badeutensilien zu verstauen. Mit mehreren [&hellip;]<\/p>\n","protected":false},"featured_media":7169,"comment_status":"closed","ping_status":"closed","template":"","meta":{"_acf_changed":false,"_seopress_robots_primary_cat":"58","_seopress_titles_title":"Badeaufbewahrungskorb | Munchkin | FerryGut.com","_seopress_titles_desc":"Der Aufbewahrungskorb von Munchkin wurde entwickelt, um deine Badesachen ordentlich zu verstauen | Bestelle ihn jetzt bei FerryGut! | Kostenloser Versand ab \u20ac 19 ","_seopress_robots_index":""},"product_brand":[],"product_cat":[2882,2923,2909],"product_tag":[],"brands":[5289],"channels":[],"class_list":{"0":"post-7168","1":"product","2":"type-product","3":"status-publish","4":"has-post-thumbnail","6":"product_cat-baby-kind","7":"product_cat-bad","8":"product_cat-zuhause","9":"brands-munchkin","11":"first","12":"outofstock","13":"taxable","14":"shipping-taxable","15":"purchasable","16":"product-type-simple"},"acf":[],"weight_unit":"kg","dimension_unit":"cm","packaging_unit":"St\u00fccke","country_of_origin":"China","weee_germany":"DE97744419","website_url":"https:\/\/ferrygut.com\/","verkoper":"FerryGut.com","postcode":"5048CD","telefoonnummer":"+31850000735","_links":{"self":[{"href":"https:\/\/ferrygut.com\/de\/wp-json\/wp\/v2\/product\/7168","targetHints":{"allow":["GET"]}}],"collection":[{"href":"https:\/\/ferrygut.com\/de\/wp-json\/wp\/v2\/product"}],"about":[{"href":"https:\/\/ferrygut.com\/de\/wp-json\/wp\/v2\/types\/product"}],"replies":[{"embeddable":true,"href":"https:\/\/ferrygut.com\/de\/wp-json\/wp\/v2\/comments?post=7168"}],"wp:featuredmedia":[{"embeddable":true,"href":"https:\/\/ferrygut.com\/de\/wp-json\/wp\/v2\/media\/7169"}],"wp:attachment":[{"href":"https:\/\/ferrygut.com\/de\/wp-json\/wp\/v2\/media?parent=7168"}],"wp:term":[{"taxonomy":"product_brand","embeddable":true,"href":"https:\/\/ferrygut.com\/de\/wp-json\/wp\/v2\/product_brand?post=7168"},{"taxonomy":"product_cat","embeddable":true,"href":"https:\/\/ferrygut.com\/de\/wp-json\/wp\/v2\/product_cat?post=7168"},{"taxonomy":"product_tag","embeddable":true,"href":"https:\/\/ferrygut.com\/de\/wp-json\/wp\/v2\/product_tag?post=7168"},{"taxonomy":"brands","embeddable":true,"href":"https:\/\/ferrygut.com\/de\/wp-json\/wp\/v2\/brands?post=7168"},{"taxonomy":"channels","embeddable":true,"href":"https:\/\/ferrygut.com\/de\/wp-json\/wp\/v2\/channels?post=7168"}],"curies":[{"name":"wp","href":"https:\/\/api.w.org\/{rel}","templated":true}]}}