{"id":7160,"date":"2024-02-07T16:02:40","date_gmt":"2024-02-07T15:02:40","guid":{"rendered":"https:\/\/ferrygut.com\/product\/munchkin-grippy-dots-rutschfeste-badepunkte\/"},"modified":"2025-04-28T16:54:15","modified_gmt":"2025-04-28T14:54:15","slug":"munchkin-grippy-dots-rutschfeste-badepunkte","status":"publish","type":"product","link":"https:\/\/ferrygut.com\/de\/produkt\/munchkin-grippy-dots-rutschfeste-badepunkte\/","title":{"rendered":"Munchkin &#8211; Grippy Dots &#8211; rutschfeste Badepunkte"},"content":{"rendered":"<p>Die Munchkin Grippy Dots Anti-Rutsch-Badepunkte sorgen f\u00fcr die Sicherheit deines Kindes beim Baden.<br \/>\nDiese gemusterten Badepunkte bieten eine zuverl\u00e4ssige, rutschfeste Oberfl\u00e4che in der Badewanne, die ein Ausrutschen verhindert und das Baden zu einem angenehmen Erlebnis macht. <\/p>\n<h5>Sicheres Baden<\/h5>\n<p>Die Grippy Dots Badematte von Munchkin wurde entwickelt, um zu verhindern, dass dein Kind beim Baden ausrutscht.<br \/>\nDie rutschfesten Punkte sorgen f\u00fcr einen festen Halt auf der Oberfl\u00e4che der Badewanne und bieten deinem Kind zus\u00e4tzliche Stabilit\u00e4t und Sicherheit. <\/p>\n<h5>Weich und bequem<\/h5>\n<p>Die Badematte ist aus weichem Material gefertigt, das sich f\u00fcr dein Kind angenehm anf\u00fchlt.<br \/>\nDas gepunktete Design verleiht dem Baderitual eine verspielte Note und macht die Badezeit noch lustiger und angenehmer. <\/p>\n<h5>Einfach zu bedienen<\/h5>\n<p>Die Grippy Dots Badematte ist einfach zu verlegen und zu entfernen.<br \/>\nLege die Matte einfach in die Badewanne und die rutschfesten Punkte sorgen daf\u00fcr, dass sie fest an ihrem Platz bleibt.<br \/>\nNach dem Gebrauch l\u00e4sst sich die Matte leicht reinigen und zum Trocknen aufh\u00e4ngen.  <\/p>\n<h5>Langlebig und vielseitig<\/h5>\n<p>Die Grippy Dots Badematte ist aus strapazierf\u00e4higem Material gefertigt und wird lange halten.<br \/>\nAu\u00dferdem ist die Matte vielseitig einsetzbar und kann auch in Duschwannen und auf anderen rutschigen Oberfl\u00e4chen verwendet werden, um ein Ausrutschen zu verhindern. <\/p>\n<h5>Wichtige Merkmale:<\/h5>\n<ul>\n<li>Zuverl\u00e4ssige, rutschfeste Oberfl\u00e4che mit Punktmuster<\/li>\n<li>Weiches und bequemes Material<\/li>\n<li>Leicht zu platzieren und zu entfernen<\/li>\n<li>Langlebiges und vielseitiges Design<\/li>\n<li>Enth\u00e4lt 6 Teile in verschiedenen Farben<\/li>\n<\/ul>\n<p>Mit der rutschfesten Badematte Grippy Dots von Munchkin ist dein Kind beim Baden sicher und bequem.<br \/>\nBestelle diese praktische L\u00f6sung noch heute und genie\u00dfe stressfreie Badezeiten mit deinem Baby. <\/p>\n","protected":false},"excerpt":{"rendered":"<p>Die Munchkin Grippy Dots Anti-Rutsch-Badepunkte sorgen f\u00fcr die Sicherheit deines Kindes beim Baden. Diese gemusterten Badepunkte bieten eine zuverl\u00e4ssige, rutschfeste Oberfl\u00e4che in der Badewanne, die ein Ausrutschen verhindert und das Baden zu einem angenehmen Erlebnis macht. Sicheres Baden Die Grippy Dots Badematte von Munchkin wurde entwickelt, um zu verhindern, dass dein Kind beim Baden ausrutscht. [&hellip;]<\/p>\n","protected":false},"featured_media":7167,"comment_status":"closed","ping_status":"closed","template":"","meta":{"_acf_changed":false,"_seopress_robots_primary_cat":"58","_seopress_titles_title":"Anti-Rutsch-Badepunkte | Munchkin | Grippy Dots | FerryGut.com","_seopress_titles_desc":"Diese farbenfrohen Badepunkte f\u00f6rdern die Sicherheit deines Kindes in der Badewanne | Weich und bequem | Bestelle sie hier! | Vor 22:00 Uhr bestellt, morgen geliefert ","_seopress_robots_index":""},"product_brand":[],"product_cat":[2882,2923,2909],"product_tag":[],"brands":[5289],"channels":[],"class_list":{"0":"post-7160","1":"product","2":"type-product","3":"status-publish","4":"has-post-thumbnail","6":"product_cat-baby-kind","7":"product_cat-bad","8":"product_cat-zuhause","9":"brands-munchkin","11":"first","12":"instock","13":"taxable","14":"shipping-taxable","15":"purchasable","16":"product-type-simple"},"acf":[],"weight_unit":"kg","dimension_unit":"cm","packaging_unit":"St\u00fccke","country_of_origin":"China","weee_germany":"DE97744419","website_url":"https:\/\/ferrygut.com\/","verkoper":"FerryGut.com","postcode":"5048CD","telefoonnummer":"+31850000735","_links":{"self":[{"href":"https:\/\/ferrygut.com\/de\/wp-json\/wp\/v2\/product\/7160","targetHints":{"allow":["GET"]}}],"collection":[{"href":"https:\/\/ferrygut.com\/de\/wp-json\/wp\/v2\/product"}],"about":[{"href":"https:\/\/ferrygut.com\/de\/wp-json\/wp\/v2\/types\/product"}],"replies":[{"embeddable":true,"href":"https:\/\/ferrygut.com\/de\/wp-json\/wp\/v2\/comments?post=7160"}],"wp:featuredmedia":[{"embeddable":true,"href":"https:\/\/ferrygut.com\/de\/wp-json\/wp\/v2\/media\/7167"}],"wp:attachment":[{"href":"https:\/\/ferrygut.com\/de\/wp-json\/wp\/v2\/media?parent=7160"}],"wp:term":[{"taxonomy":"product_brand","embeddable":true,"href":"https:\/\/ferrygut.com\/de\/wp-json\/wp\/v2\/product_brand?post=7160"},{"taxonomy":"product_cat","embeddable":true,"href":"https:\/\/ferrygut.com\/de\/wp-json\/wp\/v2\/product_cat?post=7160"},{"taxonomy":"product_tag","embeddable":true,"href":"https:\/\/ferrygut.com\/de\/wp-json\/wp\/v2\/product_tag?post=7160"},{"taxonomy":"brands","embeddable":true,"href":"https:\/\/ferrygut.com\/de\/wp-json\/wp\/v2\/brands?post=7160"},{"taxonomy":"channels","embeddable":true,"href":"https:\/\/ferrygut.com\/de\/wp-json\/wp\/v2\/channels?post=7160"}],"curies":[{"name":"wp","href":"https:\/\/api.w.org\/{rel}","templated":true}]}}