{"id":7151,"date":"2024-02-08T08:56:48","date_gmt":"2024-02-08T07:56:48","guid":{"rendered":"https:\/\/ferrygut.com\/product\/munchkin-caterpillar-spillers\/"},"modified":"2025-04-29T09:07:37","modified_gmt":"2025-04-29T07:07:37","slug":"munchkin-caterpillar-spillers","status":"publish","type":"product","link":"https:\/\/ferrygut.com\/de\/produkt\/munchkin-caterpillar-spillers\/","title":{"rendered":"Munchkin &#8211; Caterpillar Spillers"},"content":{"rendered":"<p><span style=\"font-size: 14px;\">Mit den Munchkin Caterpillar Spillers wird die Badezeit zu einem Abenteuer voller Spa\u00df und Entdeckungen.<br \/>\nDiese farbenfrohen und fr\u00f6hlichen Badespielzeuge sind so konzipiert, dass das Baden f\u00fcr dein Kind mehr Spa\u00df macht und lehrreich ist. <\/span><\/p>\n<h5>Spielerisch und lehrreich<\/h5>\n<p>Die Caterpillar Spillers von Munchkin haben farbenfrohe und lustige Designs, die die Aufmerksamkeit deines Kindes wecken und seine Neugierde anregen.<br \/>\nJedes Wasserspielzeug hat eine einzigartige Form und Farbe, damit dein Kleines beim Baden erforschen, sortieren und spielen kann. <\/p>\n<h5>Fun Casting und Spiele<\/h5>\n<p>Dieses niedliche Raupen-Wasserspielzeug ist perfekt zum Gie\u00dfen und Spielen in der Badewanne.<br \/>\nDein Kleines wird es genie\u00dfen, das Spielzeug mit Wasser zu f\u00fcllen und Wasser aus den verschiedenen \u00d6ffnungen zu gie\u00dfen, was f\u00fcr endlosen Spa\u00df und Unterhaltung sorgt. <\/p>\n<h5>Sicher und nachhaltig<\/h5>\n<p>Die Caterpillar Spillers sind aus hochwertigem und sicherem Material hergestellt, das speziell f\u00fcr die Verwendung in der Badewanne entwickelt wurde.<br \/>\nSie sind strapazierf\u00e4hig und leicht zu reinigen, sodass sie sich f\u00fcr den t\u00e4glichen Gebrauch und langfristiges Spielen eignen. <\/p>\n<h5>Entwicklung von Fertigkeiten<\/h5>\n<p>Caterpillar Spillers machen nicht nur Spa\u00df, sondern f\u00f6rdern auch die Feinmotorik, die Hand-Augen-Koordination und die kognitiven F\u00e4higkeiten deines Kindes.<br \/>\nBeim Spielen mit dem Spielzeug lernt dein Kind auch, Ursache und Wirkung zu verstehen und einfache Konzepte wie Schwimmen und Sinken zu begreifen. <\/p>\n<h5>Wichtige Merkmale:<\/h5>\n<ul>\n<li>Buntes und fr\u00f6hliches Wasserspielzeug<\/li>\n<li>Stimuliert die Neugierde und Entdeckung<\/li>\n<li>Perfekt zum Gie\u00dfen und Spielen in der Badewanne<\/li>\n<li>Hergestellt aus hochwertigem und sicherem Material<\/li>\n<li>Hilft bei der Entwicklung motorischer und kognitiver F\u00e4higkeiten<\/li>\n<\/ul>\n<p>Mit den Munchkin Caterpillar Spillers macht das Baden Spa\u00df, ist lehrreich und sicher.<\/p>\n","protected":false},"excerpt":{"rendered":"<p>Mit den Munchkin Caterpillar Spillers wird die Badezeit zu einem Abenteuer voller Spa\u00df und Entdeckungen. Diese farbenfrohen und fr\u00f6hlichen Badespielzeuge sind so konzipiert, dass das Baden f\u00fcr dein Kind mehr Spa\u00df macht und lehrreich ist. Spielerisch und lehrreich Die Caterpillar Spillers von Munchkin haben farbenfrohe und lustige Designs, die die Aufmerksamkeit deines Kindes wecken und [&hellip;]<\/p>\n","protected":false},"featured_media":7159,"comment_status":"closed","ping_status":"closed","template":"","meta":{"_acf_changed":false,"_seopress_robots_primary_cat":"567","_seopress_titles_title":"Caterpillar Spillers | Munchkin | Badespielzeug | FerryGut.com","_seopress_titles_desc":"Die Caterpillar Spillers von Munchkin sind ideal f\u00fcr die Badezeit deines Kindes | Spielerisch & lehrreich | Bestelle sie bei FerryGut! | Kostenloser Versand ab \u20ac 19 ","_seopress_robots_index":""},"product_brand":[],"product_cat":[2882,2924,2909],"product_tag":[],"brands":[5289],"channels":[],"class_list":{"0":"post-7151","1":"product","2":"type-product","3":"status-publish","4":"has-post-thumbnail","6":"product_cat-baby-kind","7":"product_cat-badespielzeug","8":"product_cat-zuhause","9":"brands-munchkin","11":"first","12":"outofstock","13":"taxable","14":"shipping-taxable","15":"purchasable","16":"product-type-simple"},"acf":[],"weight_unit":"kg","dimension_unit":"cm","packaging_unit":"St\u00fccke","country_of_origin":"China","weee_germany":"DE97744419","website_url":"https:\/\/ferrygut.com\/","verkoper":"FerryGut.com","postcode":"5048CD","telefoonnummer":"+31850000735","_links":{"self":[{"href":"https:\/\/ferrygut.com\/de\/wp-json\/wp\/v2\/product\/7151","targetHints":{"allow":["GET"]}}],"collection":[{"href":"https:\/\/ferrygut.com\/de\/wp-json\/wp\/v2\/product"}],"about":[{"href":"https:\/\/ferrygut.com\/de\/wp-json\/wp\/v2\/types\/product"}],"replies":[{"embeddable":true,"href":"https:\/\/ferrygut.com\/de\/wp-json\/wp\/v2\/comments?post=7151"}],"wp:featuredmedia":[{"embeddable":true,"href":"https:\/\/ferrygut.com\/de\/wp-json\/wp\/v2\/media\/7159"}],"wp:attachment":[{"href":"https:\/\/ferrygut.com\/de\/wp-json\/wp\/v2\/media?parent=7151"}],"wp:term":[{"taxonomy":"product_brand","embeddable":true,"href":"https:\/\/ferrygut.com\/de\/wp-json\/wp\/v2\/product_brand?post=7151"},{"taxonomy":"product_cat","embeddable":true,"href":"https:\/\/ferrygut.com\/de\/wp-json\/wp\/v2\/product_cat?post=7151"},{"taxonomy":"product_tag","embeddable":true,"href":"https:\/\/ferrygut.com\/de\/wp-json\/wp\/v2\/product_tag?post=7151"},{"taxonomy":"brands","embeddable":true,"href":"https:\/\/ferrygut.com\/de\/wp-json\/wp\/v2\/brands?post=7151"},{"taxonomy":"channels","embeddable":true,"href":"https:\/\/ferrygut.com\/de\/wp-json\/wp\/v2\/channels?post=7151"}],"curies":[{"name":"wp","href":"https:\/\/api.w.org\/{rel}","templated":true}]}}