{"id":71396,"date":"2025-10-19T21:20:21","date_gmt":"2025-10-19T19:20:21","guid":{"rendered":"https:\/\/ferrygut.com\/product\/outin-mino-tragbare-espressomaschine-weiss\/"},"modified":"2026-03-08T00:43:38","modified_gmt":"2026-03-07T23:43:38","slug":"outin-mino-tragbare-espressomaschine-weiss","status":"publish","type":"product","link":"https:\/\/ferrygut.com\/de\/produkt\/outin-mino-tragbare-espressomaschine-weiss\/","title":{"rendered":"OutIn &#8211; Mino &#8211; Tragbare Espressomaschine &#8211; Wei\u00df"},"content":{"rendered":"<p class=\"p1\">Stell dir Folgendes vor: Du bist unterwegs, auf dem Weg zur Arbeit, auf einem Roadtrip oder sogar in deinem Garten und sehnst dich nach einem vollmundigen Espresso, wie du ihn von zu Hause gewohnt bist. Mit der OutIn Mino geh\u00f6ren diese Kompromisse der Vergangenheit an: Diese ultraportable Espressomaschine bringt dir ein starkes Barista-Erlebnis dorthin, wo du bist, damit du es auch au\u00dferhalb deiner festen K\u00fcche genie\u00dfen kannst. <\/p>\n<h3 class=\"p1\"><b>Die Vorteile des OutIn Mino<\/b><\/h3>\n<ul class=\"ul1\">\n<li class=\"li1\">Einfach zu tragen, eine Gr\u00f6\u00dfe von \u03c6 67 mm \u00d7 195 mm und leicht \u00b1685 Gramm<\/li>\n<li class=\"li1\">Hochdruck-Extraktionssystem mit bis zu 22 bar, f\u00fcr eine volle Crema und ein reichhaltiges Aroma, wie du es von einem Espresso erwartest.<\/li>\n<li class=\"li1\">Schnelles Erhitzen (ca. 149 Sekunden) auf ~93 \u00b0C f\u00fcr eine optimale Extraktion.<\/li>\n<li class=\"li1\">Leistungsstarker Akku (9.000 mAh) mit USB-C-Schnellladung: von 20% auf 80% in 45 min, bis zu 6 Portionen mit kaltem Wasser oder 500+ mit hei\u00dfem Wasser pro Ladung.<\/li>\n<li class=\"li1\">Robust und f\u00fcr den Au\u00dfeneinsatz geeignet: IP67 spritzwasser-, wasser- und staubgesch\u00fctzt, geeignet f\u00fcr gro\u00dfe H\u00f6hen (bis zu ~5.000 m).<\/li>\n<li class=\"li1\">Sowohl f\u00fcr gemahlenen Kaffee als auch f\u00fcr Tassen geeignet<\/li>\n<\/ul>\n<h3 class=\"p1\">So funktioniert das OutIn Mino<\/h3>\n<p class=\"p1\">Mit dem OutIn Mino wird Kaffeekochen nicht zu einem Luxus, den du nur zu Hause machst, sondern zu einem Moment, den du \u00fcberall genie\u00dfen kannst. Du f\u00fcllst einfach deinen Wassertank (bis zu ca. 70 ml) und w\u00e4hlst aus, ob du gemahlenen Kaffee oder Tassen verwenden m\u00f6chtest. Schraube den Siebtr\u00e4ger auf, dr\u00fccke den Knopf und innerhalb von Sekunden hast du dank der 22-Bar-Pumpe und des pr\u00e4zisen Heizsystems einen Espresso auf h\u00f6chstem Niveau. Dank ihrer kompakten Gr\u00f6\u00dfe und leichten Bauweise kannst du die Mino problemlos in deinem Rucksack, in deinem Wohnmobil oder an deinem Arbeitsplatz mitnehmen, ohne auf Geschmack oder Qualit\u00e4t verzichten zu m\u00fcssen.   <\/p>\n<h3 class=\"p5\"><b>Unverwechselbar<\/b><\/h3>\n<p class=\"p1\">Der Unterschied liegt im Detail: Kleiner als eine herk\u00f6mmliche Espressomaschine, ist die Mino f\u00fcr das Abenteuer gemacht. Mit der Schutzart IP67 ist sie resistent gegen Spritzwasser, Staub und raue Bedingungen. Der intelligente Chip garantiert eine stabile Extraktion auch in gro\u00dfen H\u00f6hen (bis zu ~5.000 m) &#8211; ideal f\u00fcr Bergsteiger, Campingausfl\u00fcge oder Outdoor-Abenteuer. Das Design verwendet lebensmittelechte Materialien (Tritan\u2122-Becher, BPA-frei) und ber\u00fccksichtigt sowohl die Tragbarkeit als auch die Qualit\u00e4t. Und egal, ob du drinnen oder unterwegs bist: Das Erhitzen und Bedienen des Ger\u00e4ts ist intuitiv, ein Knopfdruck und dein Espresso ist da.    <\/p>\n<h3 class=\"p5\"><b>Die Verwendung des Mino<\/b><\/h3>\n<p class=\"p1\">Verwende den Mino im B\u00fcro, im Wohnmobil, auf Bootsfahrten, beim Camping oder einfach zu Hause, wenn du keine Lust hast, ein gro\u00dfes Ger\u00e4t aufzustellen. Tipp: Verwende hei\u00dfes Wasser z.B. aus einer Thermosflasche, um mehrere Tassen aufzubr\u00fchen, ohne jedes Mal neu aufheizen zu m\u00fcssen. Mit dem eingebauten Akku schaffst du bis zu 500+ Tassen, wenn du bereits hei\u00dfes Wasser hast. F\u00fcr den besten Geschmack solltest du frisch gemahlenen Kaffee verwenden, den Siebtr\u00e4ger bis zu ~12 g f\u00fcllen und sicherstellen, dass dein Wasser die richtige Menge (50-70 ml) und Temperatur hat. Sehr empfehlenswert: Kombiniere sie mit einer tragbaren Kaffeem\u00fchle f\u00fcr unterwegs (z. B. einer Handm\u00fchle oder einer kompakten elektrischen Kaffeem\u00fchle), um ein vollwertiges Barista-Erlebnis zu haben.   <\/p>\n<h4 class=\"p1\"><b>Was ist in dem Paket?<\/b><\/h4>\n<ul class=\"ul1\">\n<li class=\"li1\">OutIn Mino Espressomaschine<\/li>\n<li class=\"li1\">Portafilter\/Adapter f\u00fcr gemahlenen Kaffee und Tassen<\/li>\n<li class=\"li1\">USB-C Ladekabel<\/li>\n<li class=\"li1\">Benutzerhandbuch<\/li>\n<\/ul>\n","protected":false},"excerpt":{"rendered":"<p>Stell dir Folgendes vor: Du bist unterwegs, auf dem Weg zur Arbeit, auf einem Roadtrip oder sogar in deinem Garten und sehnst dich nach einem vollmundigen Espresso, wie du ihn von zu Hause gewohnt bist. Mit der OutIn Mino geh\u00f6ren diese Kompromisse der Vergangenheit an: Diese ultraportable Espressomaschine bringt dir ein starkes Barista-Erlebnis dorthin, wo [&hellip;]<\/p>\n","protected":false},"featured_media":71289,"comment_status":"closed","ping_status":"closed","template":"","meta":{"_acf_changed":false,"_seopress_robots_primary_cat":"none","_seopress_titles_title":"","_seopress_titles_desc":"","_seopress_robots_index":""},"product_brand":[],"product_cat":[20066,9348],"product_tag":[],"brands":[9295],"channels":[],"class_list":{"0":"post-71396","1":"product","2":"type-product","3":"status-publish","4":"has-post-thumbnail","6":"product_cat-espressomaschinen","7":"product_cat-kaffee-to-go","8":"brands-outin","10":"first","11":"outofstock","12":"taxable","13":"shipping-taxable","14":"purchasable","15":"product-type-simple"},"acf":[],"weight_unit":"kg","dimension_unit":"cm","packaging_unit":"St\u00fccke","country_of_origin":"China","weee_germany":"DE97744419","website_url":"https:\/\/ferrygut.com\/","verkoper":"FerryGut.com","postcode":"5048CD","telefoonnummer":"+31850000735","_links":{"self":[{"href":"https:\/\/ferrygut.com\/de\/wp-json\/wp\/v2\/product\/71396","targetHints":{"allow":["GET"]}}],"collection":[{"href":"https:\/\/ferrygut.com\/de\/wp-json\/wp\/v2\/product"}],"about":[{"href":"https:\/\/ferrygut.com\/de\/wp-json\/wp\/v2\/types\/product"}],"replies":[{"embeddable":true,"href":"https:\/\/ferrygut.com\/de\/wp-json\/wp\/v2\/comments?post=71396"}],"wp:featuredmedia":[{"embeddable":true,"href":"https:\/\/ferrygut.com\/de\/wp-json\/wp\/v2\/media\/71289"}],"wp:attachment":[{"href":"https:\/\/ferrygut.com\/de\/wp-json\/wp\/v2\/media?parent=71396"}],"wp:term":[{"taxonomy":"product_brand","embeddable":true,"href":"https:\/\/ferrygut.com\/de\/wp-json\/wp\/v2\/product_brand?post=71396"},{"taxonomy":"product_cat","embeddable":true,"href":"https:\/\/ferrygut.com\/de\/wp-json\/wp\/v2\/product_cat?post=71396"},{"taxonomy":"product_tag","embeddable":true,"href":"https:\/\/ferrygut.com\/de\/wp-json\/wp\/v2\/product_tag?post=71396"},{"taxonomy":"brands","embeddable":true,"href":"https:\/\/ferrygut.com\/de\/wp-json\/wp\/v2\/brands?post=71396"},{"taxonomy":"channels","embeddable":true,"href":"https:\/\/ferrygut.com\/de\/wp-json\/wp\/v2\/channels?post=71396"}],"curies":[{"name":"wp","href":"https:\/\/api.w.org\/{rel}","templated":true}]}}