{"id":7131,"date":"2024-02-08T09:20:05","date_gmt":"2024-02-08T08:20:05","guid":{"rendered":"https:\/\/ferrygut.com\/product\/munchkin-wunder-wasserstrasse\/"},"modified":"2025-04-29T09:10:44","modified_gmt":"2025-04-29T07:10:44","slug":"munchkin-wunder-wasserstrasse","status":"publish","type":"product","link":"https:\/\/ferrygut.com\/de\/produkt\/munchkin-wunder-wasserstrasse\/","title":{"rendered":"Munchkin &#8211; Wunder Wasserstra\u00dfe"},"content":{"rendered":"<p>Das Munchkin Wonder Water Toy for Bath sorgt f\u00fcr endlosen Wasserspa\u00df f\u00fcr dein Kind beim Baden.<br \/>\nDieses lustige und bunte Wasserspielzeug wurde speziell daf\u00fcr entwickelt, die Sinne deines Babys zu stimulieren und seine Entwicklung zu f\u00f6rdern. <\/p>\n<h5>Stimulierendes und p\u00e4dagogisches Design<\/h5>\n<p>Dieses Wasserspielzeug wurde entwickelt, um die Neugier deines Kindes zu wecken und seine Entwicklung zu f\u00f6rdern.<br \/>\nMit seinem farbenfrohen und interaktiven Design regt es die Sinne deines Babys an und f\u00f6rdert das spielerische Lernen beim Baden. <\/p>\n<h5>Verschiedene Spielaktivit\u00e4ten<\/h5>\n<p>Das Munchkin Wonder Water Toy bietet verschiedene Spielm\u00f6glichkeiten, um dein Kind beim Baden zu besch\u00e4ftigen.<br \/>\nVon drehenden Zahnr\u00e4dern bis hin zu spritzenden Font\u00e4nen bietet dieses Wasserspielzeug stundenlangen Spa\u00df und Entdeckungen in der Badewanne. <\/p>\n<h5>Sicheres und langlebiges Material<\/h5>\n<p>Dieses Wasserspielzeug ist aus hochwertigem und strapazierf\u00e4higem Material gefertigt, mit dem dein Kind sicher spielen kann.<br \/>\nDie weichen und abgerundeten Formen bieten zus\u00e4tzliche Sicherheit und verhindern, dass sich dein Baby beim Spielen in der Badewanne verletzt. <\/p>\n<h5>Leicht zu reinigen und zu pflegen<\/h5>\n<p>Das Munchkin Wonder Water Toy ist leicht zu reinigen und zu pflegen, damit es f\u00fcr dein Kind immer sauber und hygienisch bleibt.<br \/>\nDu kannst das Wasserspielzeug nach jedem Gebrauch einfach mit Wasser und einem milden Reinigungsmittel absp\u00fclen. <\/p>\n<h5>Wichtige Merkmale:<\/h5>\n<ul>\n<li>Anregendes und lehrreiches Design<\/li>\n<li>Verschiedene Spielaktivit\u00e4ten f\u00fcr stundenlangen Spa\u00df<\/li>\n<li>Sicheres und langlebiges Material<\/li>\n<li>Leicht zu reinigen und zu pflegen<\/li>\n<li>Geeignet f\u00fcr Babys ab 6 Monaten<\/li>\n<\/ul>\n<p>Lass dein Kind mit dem Munchkin Wonder Water Toy endlosen Wasserspa\u00df erleben.<br \/>\nJetzt auf Ferrgut.de bestellen! <\/p>\n","protected":false},"excerpt":{"rendered":"<p>Das Munchkin Wonder Water Toy for Bath sorgt f\u00fcr endlosen Wasserspa\u00df f\u00fcr dein Kind beim Baden. Dieses lustige und bunte Wasserspielzeug wurde speziell daf\u00fcr entwickelt, die Sinne deines Babys zu stimulieren und seine Entwicklung zu f\u00f6rdern. Stimulierendes und p\u00e4dagogisches Design Dieses Wasserspielzeug wurde entwickelt, um die Neugier deines Kindes zu wecken und seine Entwicklung zu [&hellip;]<\/p>\n","protected":false},"featured_media":7132,"comment_status":"closed","ping_status":"closed","template":"","meta":{"_acf_changed":false,"_seopress_robots_primary_cat":"567","_seopress_titles_title":"Wasserspielzeug f\u00fcr die Badewanne | Munchkin | FerryGut","_seopress_titles_desc":"Dieses Wasserspielzeug hat Zahnr\u00e4der und D\u00fcsen. Lass dein Kind das Bad genie\u00dfen und bestelle es jetzt. Bei FerryGut hast du eine 2-j\u00e4hrige Garantie auf deinen Kauf.  ","_seopress_robots_index":""},"product_brand":[],"product_cat":[2882,2924,2909],"product_tag":[],"brands":[5289],"channels":[],"class_list":{"0":"post-7131","1":"product","2":"type-product","3":"status-publish","4":"has-post-thumbnail","6":"product_cat-baby-kind","7":"product_cat-badespielzeug","8":"product_cat-zuhause","9":"brands-munchkin","11":"first","12":"outofstock","13":"taxable","14":"shipping-taxable","15":"purchasable","16":"product-type-simple"},"acf":[],"weight_unit":"kg","dimension_unit":"cm","packaging_unit":"St\u00fccke","country_of_origin":"China","weee_germany":"DE97744419","website_url":"https:\/\/ferrygut.com\/","verkoper":"FerryGut.com","postcode":"5048CD","telefoonnummer":"+31850000735","_links":{"self":[{"href":"https:\/\/ferrygut.com\/de\/wp-json\/wp\/v2\/product\/7131","targetHints":{"allow":["GET"]}}],"collection":[{"href":"https:\/\/ferrygut.com\/de\/wp-json\/wp\/v2\/product"}],"about":[{"href":"https:\/\/ferrygut.com\/de\/wp-json\/wp\/v2\/types\/product"}],"replies":[{"embeddable":true,"href":"https:\/\/ferrygut.com\/de\/wp-json\/wp\/v2\/comments?post=7131"}],"wp:featuredmedia":[{"embeddable":true,"href":"https:\/\/ferrygut.com\/de\/wp-json\/wp\/v2\/media\/7132"}],"wp:attachment":[{"href":"https:\/\/ferrygut.com\/de\/wp-json\/wp\/v2\/media?parent=7131"}],"wp:term":[{"taxonomy":"product_brand","embeddable":true,"href":"https:\/\/ferrygut.com\/de\/wp-json\/wp\/v2\/product_brand?post=7131"},{"taxonomy":"product_cat","embeddable":true,"href":"https:\/\/ferrygut.com\/de\/wp-json\/wp\/v2\/product_cat?post=7131"},{"taxonomy":"product_tag","embeddable":true,"href":"https:\/\/ferrygut.com\/de\/wp-json\/wp\/v2\/product_tag?post=7131"},{"taxonomy":"brands","embeddable":true,"href":"https:\/\/ferrygut.com\/de\/wp-json\/wp\/v2\/brands?post=7131"},{"taxonomy":"channels","embeddable":true,"href":"https:\/\/ferrygut.com\/de\/wp-json\/wp\/v2\/channels?post=7131"}],"curies":[{"name":"wp","href":"https:\/\/api.w.org\/{rel}","templated":true}]}}