{"id":7107,"date":"2024-02-08T11:05:45","date_gmt":"2024-02-08T10:05:45","guid":{"rendered":"https:\/\/ferrygut.com\/product\/munchkin-octodrum-musikinstrument-fuer-das-bad\/"},"modified":"2025-04-29T09:08:43","modified_gmt":"2025-04-29T07:08:43","slug":"munchkin-octodrum-musikinstrument-fuer-das-bad","status":"publish","type":"product","link":"https:\/\/ferrygut.com\/de\/produkt\/munchkin-octodrum-musikinstrument-fuer-das-bad\/","title":{"rendered":"Munchkin Octodrum &#8211; Musikinstrument f\u00fcr das Bad"},"content":{"rendered":"<p>Mit der Munchkin OctoDrum wird die Badezeit deines Kindes zu einem musikalischen Abenteuer.<br \/>\nDieses einzigartige Musikinstrument f\u00fcr die Badewanne hat die Form eines fr\u00f6hlichen Oktopus und bringt Rhythmus und Melodie in das Baderitual deines Kindes. <\/p>\n<h4>Interaktive Badezeit<\/h4>\n<p>Das OctoDrum Musikinstrument f\u00fcr die Badewanne wurde entwickelt, um Kindern ein interaktives und fesselndes Badeerlebnis zu bieten.<br \/>\nMit den verschiedenen Trommeloberfl\u00e4chen k\u00f6nnen sie mit verschiedenen Kl\u00e4ngen und Rhythmen experimentieren, was ihre Kreativit\u00e4t anregt und sie stundenlang unterh\u00e4lt. <\/p>\n<h4>Sicheres und kinderfreundliches Design<\/h4>\n<p>Sicherheit steht bei Munchkin an erster Stelle, und die OctoDrum ist da keine Ausnahme.<br \/>\nEs ist aus hochwertigem, BPA-freiem Material gefertigt und hat abgerundete Formen und glatte Kanten, sodass kleine H\u00e4nde sicher damit spielen k\u00f6nnen. <\/p>\n<h4>P\u00e4dagogische Vorteile<\/h4>\n<p>Die OctoDrum macht nicht nur Spa\u00df, sondern hat auch einen p\u00e4dagogischen Nutzen.<br \/>\nKinder entwickeln ihre Feinmotorik, ihre auditive Wahrnehmung und ihre Hand-Augen-Koordination, w\u00e4hrend sie spielen und entdecken, wie sie verschiedene Ger\u00e4usche erzeugen k\u00f6nnen. <\/p>\n<h4>Leicht zu reinigen<\/h4>\n<p>Das Reinigen des OctoDrums ist genauso einfach wie das Spielen damit.<br \/>\nSp\u00fcle sie einfach unter flie\u00dfendem Wasser ab und lass sie vor dem n\u00e4chsten Badeabenteuer trocknen.<br \/>\nDank seiner kompakten Gr\u00f6\u00dfe l\u00e4sst er sich nach dem Gebrauch auch leicht verstauen.  <\/p>\n<h4>Wichtige Merkmale:<\/h4>\n<ul>\n<li>Bringt musikalischen Spa\u00df in die Badewanne<\/li>\n<li>Stimuliert die Entwicklung der Feinmotorik und der auditiven Wahrnehmung<\/li>\n<li>Sicheres und langlebiges Design<\/li>\n<li>Nach Gebrauch leicht zu reinigen<\/li>\n<li>Geeignet f\u00fcr Jungen und M\u00e4dchen ab einem bestimmten Alter<\/li>\n<\/ul>\n<p>Mit der OctoDrum von Munchkin kannst du die Badezeit deines Kindes mit Musik untermalen.<br \/>\nLass sie experimentieren, spielen und lernen, w\u00e4hrend sie ein entspannendes Bad genie\u00dfen. <\/p>\n<p>&nbsp;<\/p>\n","protected":false},"excerpt":{"rendered":"<p>Mit der Munchkin OctoDrum wird die Badezeit deines Kindes zu einem musikalischen Abenteuer. Dieses einzigartige Musikinstrument f\u00fcr die Badewanne hat die Form eines fr\u00f6hlichen Oktopus und bringt Rhythmus und Melodie in das Baderitual deines Kindes. Interaktive Badezeit Das OctoDrum Musikinstrument f\u00fcr die Badewanne wurde entwickelt, um Kindern ein interaktives und fesselndes Badeerlebnis zu bieten. Mit [&hellip;]<\/p>\n","protected":false},"featured_media":7108,"comment_status":"closed","ping_status":"closed","template":"","meta":{"_acf_changed":false,"_seopress_robots_primary_cat":"567","_seopress_titles_title":"Munchkin | Musikinstrument f\u00fcr die Badewanne | Octodrum | FerryGut","_seopress_titles_desc":"Octodrum Musikinstrument f\u00fcr die Badewanne. Hilft bei der Entwicklung deines Kindes. Jetzt bei FerryGut bestellen, morgen zu Hause. W\u00e4hle deinen eigenen Postzusteller.   ","_seopress_robots_index":""},"product_brand":[],"product_cat":[2882,2924,2909],"product_tag":[],"brands":[5289],"channels":[],"class_list":{"0":"post-7107","1":"product","2":"type-product","3":"status-publish","4":"has-post-thumbnail","6":"product_cat-baby-kind","7":"product_cat-badespielzeug","8":"product_cat-zuhause","9":"brands-munchkin","11":"first","12":"outofstock","13":"taxable","14":"shipping-taxable","15":"purchasable","16":"product-type-simple"},"acf":[],"weight_unit":"kg","dimension_unit":"cm","packaging_unit":"St\u00fccke","country_of_origin":"China","weee_germany":"DE97744419","website_url":"https:\/\/ferrygut.com\/","verkoper":"FerryGut.com","postcode":"5048CD","telefoonnummer":"+31850000735","_links":{"self":[{"href":"https:\/\/ferrygut.com\/de\/wp-json\/wp\/v2\/product\/7107","targetHints":{"allow":["GET"]}}],"collection":[{"href":"https:\/\/ferrygut.com\/de\/wp-json\/wp\/v2\/product"}],"about":[{"href":"https:\/\/ferrygut.com\/de\/wp-json\/wp\/v2\/types\/product"}],"replies":[{"embeddable":true,"href":"https:\/\/ferrygut.com\/de\/wp-json\/wp\/v2\/comments?post=7107"}],"wp:featuredmedia":[{"embeddable":true,"href":"https:\/\/ferrygut.com\/de\/wp-json\/wp\/v2\/media\/7108"}],"wp:attachment":[{"href":"https:\/\/ferrygut.com\/de\/wp-json\/wp\/v2\/media?parent=7107"}],"wp:term":[{"taxonomy":"product_brand","embeddable":true,"href":"https:\/\/ferrygut.com\/de\/wp-json\/wp\/v2\/product_brand?post=7107"},{"taxonomy":"product_cat","embeddable":true,"href":"https:\/\/ferrygut.com\/de\/wp-json\/wp\/v2\/product_cat?post=7107"},{"taxonomy":"product_tag","embeddable":true,"href":"https:\/\/ferrygut.com\/de\/wp-json\/wp\/v2\/product_tag?post=7107"},{"taxonomy":"brands","embeddable":true,"href":"https:\/\/ferrygut.com\/de\/wp-json\/wp\/v2\/brands?post=7107"},{"taxonomy":"channels","embeddable":true,"href":"https:\/\/ferrygut.com\/de\/wp-json\/wp\/v2\/channels?post=7107"}],"curies":[{"name":"wp","href":"https:\/\/api.w.org\/{rel}","templated":true}]}}