{"id":7101,"date":"2024-02-08T11:14:09","date_gmt":"2024-02-08T10:14:09","guid":{"rendered":"https:\/\/ferrygut.com\/product\/munchkin-badorganisator\/"},"modified":"2025-04-28T16:47:58","modified_gmt":"2025-04-28T14:47:58","slug":"munchkin-badorganisator","status":"publish","type":"product","link":"https:\/\/ferrygut.com\/de\/produkt\/munchkin-badorganisator\/","title":{"rendered":"Munchkin &#8211; Badorganisator"},"content":{"rendered":"<p><span style=\"font-size: 14px;\">Mit dem Munchkin Secure Grip Bath Caddy Organizer f\u00fcr die Badewanne kannst du alle deine Badeutensilien ordentlich und organisiert aufbewahren.<br \/>\nDieser robuste Badehalter ist so konzipiert, dass er die wichtigsten Utensilien griffbereit aufbewahrt und das Baden zu einem stressfreien Erlebnis macht. <\/span><\/p>\n<h5>Sicheres und zuverl\u00e4ssiges Design<\/h5>\n<p>Der Secure Grip Bath Caddy verf\u00fcgt \u00fcber robuste Saugn\u00e4pfe, die sicher an den Badezimmerfliesen haften und einen zuverl\u00e4ssigen Halt gew\u00e4hrleisten.<br \/>\nSo bleibt der Caddy fest an seinem Platz, auch wenn er mit Badesachen beladen ist. <\/p>\n<h5>Ger\u00e4umiger Stauraum<\/h5>\n<p>Mit mehreren F\u00e4chern bietet diese Badetasche genug Platz f\u00fcr Shampoo, Sp\u00fclung, Seife, Spielzeug und andere Badeutensilien.<br \/>\nSo hast du beim Baden deines Babys alles in Griffn\u00e4he und gut organisiert. <\/p>\n<h5>Einfach zu installieren und zu nutzen<\/h5>\n<p>Die Badewannenablage ist einfach und ohne Werkzeug zu montieren, sodass du sie bei Bedarf schnell anbringen und entfernen kannst.<br \/>\nDie robuste Konstruktion sorgt daf\u00fcr, dass der Caddy lange Zeit benutzt werden kann, ohne dass er verrutscht oder herunterf\u00e4llt. <\/p>\n<h5>Langlebig und leicht zu reinigen<\/h5>\n<p>Der Secure Grip Bath Caddy ist aus strapazierf\u00e4higem Material gefertigt und h\u00e4lt den feuchten Bedingungen im Badezimmer stand.<br \/>\nAu\u00dferdem l\u00e4sst er sich leicht mit einem feuchten Tuch reinigen, was die Wartung zum Kinderspiel macht. <\/p>\n<h5>Wichtige Merkmale:<\/h5>\n<ul>\n<li>Robuste Badetasche zum Organisieren von Badeutensilien<\/li>\n<li>Sicherer Halt dank der robusten Saugn\u00e4pfe<\/li>\n<li>Ger\u00e4umiger Stauraum mit mehreren F\u00e4chern<\/li>\n<li>Einfach ohne Werkzeug zu installieren<\/li>\n<li>Langlebiges und leicht zu reinigendes Material<\/li>\n<\/ul>\n","protected":false},"excerpt":{"rendered":"<p>Mit dem Munchkin Secure Grip Bath Caddy Organizer f\u00fcr die Badewanne kannst du alle deine Badeutensilien ordentlich und organisiert aufbewahren. Dieser robuste Badehalter ist so konzipiert, dass er die wichtigsten Utensilien griffbereit aufbewahrt und das Baden zu einem stressfreien Erlebnis macht. Sicheres und zuverl\u00e4ssiges Design Der Secure Grip Bath Caddy verf\u00fcgt \u00fcber robuste Saugn\u00e4pfe, die [&hellip;]<\/p>\n","protected":false},"featured_media":7106,"comment_status":"closed","ping_status":"closed","template":"","meta":{"_acf_changed":false,"_seopress_robots_primary_cat":"58","_seopress_titles_title":"Organizer f\u00fcr in Bath | Munchkin | FerryGut.com","_seopress_titles_desc":"Organisiere deine Badutensilien ganz einfach in diesem Organizer von Munchkin | Stabile Saugn\u00e4pfe | Jetzt bei FerryGut bestellen! | W\u00e4hle deinen eigenen Lieferservice ","_seopress_robots_index":""},"product_brand":[],"product_cat":[2882,2923,2909],"product_tag":[],"brands":[5289],"channels":[],"class_list":{"0":"post-7101","1":"product","2":"type-product","3":"status-publish","4":"has-post-thumbnail","6":"product_cat-baby-kind","7":"product_cat-bad","8":"product_cat-zuhause","9":"brands-munchkin","11":"first","12":"outofstock","13":"taxable","14":"shipping-taxable","15":"purchasable","16":"product-type-simple"},"acf":[],"weight_unit":"kg","dimension_unit":"cm","packaging_unit":"St\u00fccke","country_of_origin":"China","weee_germany":"DE97744419","website_url":"https:\/\/ferrygut.com\/","verkoper":"FerryGut.com","postcode":"5048CD","telefoonnummer":"+31850000735","_links":{"self":[{"href":"https:\/\/ferrygut.com\/de\/wp-json\/wp\/v2\/product\/7101","targetHints":{"allow":["GET"]}}],"collection":[{"href":"https:\/\/ferrygut.com\/de\/wp-json\/wp\/v2\/product"}],"about":[{"href":"https:\/\/ferrygut.com\/de\/wp-json\/wp\/v2\/types\/product"}],"replies":[{"embeddable":true,"href":"https:\/\/ferrygut.com\/de\/wp-json\/wp\/v2\/comments?post=7101"}],"wp:featuredmedia":[{"embeddable":true,"href":"https:\/\/ferrygut.com\/de\/wp-json\/wp\/v2\/media\/7106"}],"wp:attachment":[{"href":"https:\/\/ferrygut.com\/de\/wp-json\/wp\/v2\/media?parent=7101"}],"wp:term":[{"taxonomy":"product_brand","embeddable":true,"href":"https:\/\/ferrygut.com\/de\/wp-json\/wp\/v2\/product_brand?post=7101"},{"taxonomy":"product_cat","embeddable":true,"href":"https:\/\/ferrygut.com\/de\/wp-json\/wp\/v2\/product_cat?post=7101"},{"taxonomy":"product_tag","embeddable":true,"href":"https:\/\/ferrygut.com\/de\/wp-json\/wp\/v2\/product_tag?post=7101"},{"taxonomy":"brands","embeddable":true,"href":"https:\/\/ferrygut.com\/de\/wp-json\/wp\/v2\/brands?post=7101"},{"taxonomy":"channels","embeddable":true,"href":"https:\/\/ferrygut.com\/de\/wp-json\/wp\/v2\/channels?post=7101"}],"curies":[{"name":"wp","href":"https:\/\/api.w.org\/{rel}","templated":true}]}}