{"id":7090,"date":"2024-02-08T11:41:15","date_gmt":"2024-02-08T10:41:15","guid":{"rendered":"https:\/\/ferrygut.com\/product\/munchkin-aufziehbares-badespielzeug-in-form-eines-pinguins\/"},"modified":"2025-04-28T16:59:14","modified_gmt":"2025-04-28T14:59:14","slug":"munchkin-aufziehbares-badespielzeug-in-form-eines-pinguins","status":"publish","type":"product","link":"https:\/\/ferrygut.com\/de\/produkt\/munchkin-aufziehbares-badespielzeug-in-form-eines-pinguins\/","title":{"rendered":"Munchkin &#8211; Aufziehbares Badespielzeug in Form eines Pinguins"},"content":{"rendered":"<p>Mit dem schwimmenden Pinguin von Munchkin wird das Baden zum Vergn\u00fcgen!<br \/>\nDieses niedliche Aufzieh-Badespielzeug in Form eines Pinguins ist perfekt f\u00fcr kleine Wasserratten, die beim Baden gerne planschen und spielen.<br \/>\nLass dein Kind stundenlang in der Badewanne Spa\u00df haben, w\u00e4hrend es den Pinguin jagt und ihm dabei zusieht, wie er fr\u00f6hlich durch das Wasser schwimmt.<br \/>\nDas robuste Design sorgt daf\u00fcr, dass das Spielzeug sicher f\u00fcr Kinder ist und keine scharfen Kanten oder Kleinteile enth\u00e4lt.<br \/>\nMit diesem lustigen und interaktiven Badespielzeug ist der Badespa\u00df deines Kindes garantiert!    <\/p>\n<h5>Lebendige Schwimmbewegungen<\/h5>\n<p>Dieses aufziehbare Badespielzeug in Form eines Pinguins hat lebhafte Schwimmbewegungen, die Kinder begeistern werden, wenn er durch die Badewanne schwimmt.<br \/>\nDas Pinguinschwimmen bringt ein spielerisches Element in die Baderoutine und regt die Fantasie der Kinder an. <\/p>\n<h5>Einfach zu wickeln und zu benutzen<\/h5>\n<p>Mit seinem benutzerfreundlichen Design l\u00e4sst sich der Munchkin Swimming Penguin leicht aufziehen.<br \/>\nEinfach aufziehen, loslassen und zusehen, wie der Pinguin durch das Wasser schwimmt.<br \/>\nDas macht es zu einem tollen interaktiven Spielzeug f\u00fcr Kinder jeden Alters.  <\/p>\n<h5>Stimuliert Spiel und Entwicklung<\/h5>\n<p>Dieses Badespielzeug bietet nicht nur Unterhaltung, sondern f\u00f6rdert auch die Entwicklung wichtiger F\u00e4higkeiten wie die Hand-Augen-Koordination und die Motorik.<br \/>\nDie Kinder werden Spa\u00df daran haben, die Bewegungen des Pinguins zu beobachten und zu verfolgen, w\u00e4hrend sie in der Badewanne Spa\u00df haben. <\/p>\n<h5>Sicheres und nachhaltiges Design<\/h5>\n<p>Der schwimmende Pinguin von Munchkin ist aus hochwertigem, strapazierf\u00e4higem Material gefertigt, das speziell f\u00fcr die Sicherheit von Kindern entwickelt wurde.<br \/>\nMit seinen glatten Kanten und dem Fehlen von Kleinteilen ist dieses Badespielzeug selbst f\u00fcr die j\u00fcngsten Badeg\u00e4ste perfekt geeignet, damit sie ihre Badezeit sicher und ohne Sorgen genie\u00dfen k\u00f6nnen. <\/p>\n<h5>Wichtige Merkmale:<\/h5>\n<ul>\n<li>Pinguin mit Aufziehfunktion f\u00fcr die Badezeit<\/li>\n<li>Lebendige Schwimmbewegungen bringen Spa\u00df in die Badewanne<\/li>\n<li>Einfach zu wickeln und zu benutzen<\/li>\n<li>Ermutigt zum Spielen und zur Entwicklung von F\u00e4higkeiten<\/li>\n<li>Sicheres und langlebiges Design, geeignet f\u00fcr Kinder jeden Alters<\/li>\n<\/ul>\n","protected":false},"excerpt":{"rendered":"<p>Mit dem schwimmenden Pinguin von Munchkin wird das Baden zum Vergn\u00fcgen! Dieses niedliche Aufzieh-Badespielzeug in Form eines Pinguins ist perfekt f\u00fcr kleine Wasserratten, die beim Baden gerne planschen und spielen. Lass dein Kind stundenlang in der Badewanne Spa\u00df haben, w\u00e4hrend es den Pinguin jagt und ihm dabei zusieht, wie er fr\u00f6hlich durch das Wasser schwimmt. [&hellip;]<\/p>\n","protected":false},"featured_media":7095,"comment_status":"closed","ping_status":"closed","template":"","meta":{"_acf_changed":false,"_seopress_robots_primary_cat":"567","_seopress_titles_title":"R\u00fcckspulbares Badespielzeug | Pinguin | Munchkin | FerryGut.com","_seopress_titles_desc":"Dieses Badespielzeug ist das ideale Spielzeug f\u00fcr dein Kind w\u00e4hrend der Badezeit | Aufziehbar | Direkt bei FerryGut bestellen! | Vor 22:00 Uhr bestellt, morgen geliefert ","_seopress_robots_index":""},"product_brand":[],"product_cat":[2882,2924,2909],"product_tag":[],"brands":[5289],"channels":[],"class_list":{"0":"post-7090","1":"product","2":"type-product","3":"status-publish","4":"has-post-thumbnail","6":"product_cat-baby-kind","7":"product_cat-badespielzeug","8":"product_cat-zuhause","9":"brands-munchkin","11":"first","12":"outofstock","13":"taxable","14":"shipping-taxable","15":"purchasable","16":"product-type-simple"},"acf":[],"weight_unit":"kg","dimension_unit":"cm","packaging_unit":"St\u00fccke","country_of_origin":"China","weee_germany":"DE97744419","website_url":"https:\/\/ferrygut.com\/","verkoper":"FerryGut.com","postcode":"5048CD","telefoonnummer":"+31850000735","_links":{"self":[{"href":"https:\/\/ferrygut.com\/de\/wp-json\/wp\/v2\/product\/7090","targetHints":{"allow":["GET"]}}],"collection":[{"href":"https:\/\/ferrygut.com\/de\/wp-json\/wp\/v2\/product"}],"about":[{"href":"https:\/\/ferrygut.com\/de\/wp-json\/wp\/v2\/types\/product"}],"replies":[{"embeddable":true,"href":"https:\/\/ferrygut.com\/de\/wp-json\/wp\/v2\/comments?post=7090"}],"wp:featuredmedia":[{"embeddable":true,"href":"https:\/\/ferrygut.com\/de\/wp-json\/wp\/v2\/media\/7095"}],"wp:attachment":[{"href":"https:\/\/ferrygut.com\/de\/wp-json\/wp\/v2\/media?parent=7090"}],"wp:term":[{"taxonomy":"product_brand","embeddable":true,"href":"https:\/\/ferrygut.com\/de\/wp-json\/wp\/v2\/product_brand?post=7090"},{"taxonomy":"product_cat","embeddable":true,"href":"https:\/\/ferrygut.com\/de\/wp-json\/wp\/v2\/product_cat?post=7090"},{"taxonomy":"product_tag","embeddable":true,"href":"https:\/\/ferrygut.com\/de\/wp-json\/wp\/v2\/product_tag?post=7090"},{"taxonomy":"brands","embeddable":true,"href":"https:\/\/ferrygut.com\/de\/wp-json\/wp\/v2\/brands?post=7090"},{"taxonomy":"channels","embeddable":true,"href":"https:\/\/ferrygut.com\/de\/wp-json\/wp\/v2\/channels?post=7090"}],"curies":[{"name":"wp","href":"https:\/\/api.w.org\/{rel}","templated":true}]}}