{"id":7075,"date":"2024-02-08T14:10:03","date_gmt":"2024-02-08T13:10:03","guid":{"rendered":"https:\/\/ferrygut.com\/product\/munchkin-soft-spot-gepolsterte-badematte-badematte\/"},"modified":"2025-04-28T16:48:32","modified_gmt":"2025-04-28T14:48:32","slug":"munchkin-soft-spot-gepolsterte-badematte-badematte","status":"publish","type":"product","link":"https:\/\/ferrygut.com\/de\/produkt\/munchkin-soft-spot-gepolsterte-badematte-badematte\/","title":{"rendered":"Munchkin Soft Spot Gepolsterte Badematte &#8211; Badematte"},"content":{"rendered":"<p><span style=\"font-size: 14px;\">Erm\u00f6gliche deinem Kind ein sicheres und komfortables Badeerlebnis mit der Munchkin Soft Spot Cushioned Bath Mat. Diese Badematte f\u00fcr Kinder wurde mit Blick auf den Komfort und die Sicherheit deines Kindes entwickelt, damit das Baden zu einem angenehmen und sorgenfreien Erlebnis wird. <\/span><\/p>\n<h5>Weiche und rutschfeste Badematte<\/h5>\n<p>Die Soft Spot Cushioned Badematte hat eine weiche Oberfl\u00e4che, die sich auf der empfindlichen Haut deines Kindes angenehm anf\u00fchlt. Gleichzeitig bietet er einen hervorragenden rutschfesten Halt, damit dein Kleines sicher in der Badewanne spielen und sich bewegen kann, ohne auszurutschen. <\/p>\n<h5>Langlebig und leicht zu reinigen<\/h5>\n<p>Die Badematte ist aus hochwertigem und strapazierf\u00e4higem Material gefertigt, das einer langfristigen Nutzung standh\u00e4lt. Dank des wasserdichten Designs l\u00e4sst sich die Matte auch leicht mit Wasser und Seife reinigen, damit dein Kleines immer ein sauberes und frisches Badeerlebnis hat. <\/p>\n<h5>Universelle Passform und elegantes Design<\/h5>\n<p>Dank ihrer universellen Gr\u00f6\u00dfe passt die Soft Spot Cushioned Bath Mat in die meisten Badewannen und Duschen. Das stilvolle und moderne Design verleiht deinem Bad au\u00dferdem einen Hauch von Eleganz und macht es sowohl funktional als auch \u00e4sthetisch ansprechend. <\/p>\n<h5>Ideal f\u00fcr Babys und Kleinkinder<\/h5>\n<p>Diese Badematte ist ideal f\u00fcr Babys und Kleinkinder und bietet ihnen eine bequeme und sichere Oberfl\u00e4che, auf der sie spielen und sich beim Baden entspannen k\u00f6nnen. Die weiche Oberfl\u00e4che und der rutschfeste Griff erm\u00f6glichen es ihnen, sich frei und sicher in der Badewanne zu bewegen. <\/p>\n<h5>Wichtige Merkmale:<\/h5>\n<ul>\n<li>Weiche und bequeme Badematte f\u00fcr Babys und Kleinkinder<\/li>\n<li>Ausgezeichneter rutschfester Griff f\u00fcr zus\u00e4tzliche Sicherheit<\/li>\n<li>Langlebiges Material und leicht zu reinigen<\/li>\n<li>Universelle Passform f\u00fcr die meisten Badewannen und Duschen<\/li>\n<\/ul>\n<p>Mit der gepolsterten Badematte Soft Spot von Munchkin wird das Baden sicher und bequem. Diese Badematte bietet die perfekte Kombination aus Komfort, Sicherheit und Stil, was sie zu einer unverzichtbaren Erg\u00e4nzung f\u00fcr jedes Badezimmer mit kleinen Kindern macht. <\/p>\n","protected":false},"excerpt":{"rendered":"<p>Erm\u00f6gliche deinem Kind ein sicheres und komfortables Badeerlebnis mit der Munchkin Soft Spot Cushioned Bath Mat. Diese Badematte f\u00fcr Kinder wurde mit Blick auf den Komfort und die Sicherheit deines Kindes entwickelt, damit das Baden zu einem angenehmen und sorgenfreien Erlebnis wird. Weiche und rutschfeste Badematte Die Soft Spot Cushioned Badematte hat eine weiche Oberfl\u00e4che, [&hellip;]<\/p>\n","protected":false},"featured_media":7076,"comment_status":"closed","ping_status":"closed","template":"","meta":{"_acf_changed":false,"_seopress_robots_primary_cat":"58","_seopress_titles_title":"Badematte | Munchkin | Anti-Rutsch | FerryGut","_seopress_titles_desc":"Weiche Badematte f\u00fcr Kinder. Sichere Matte dank rutschfestem Griff. Heute bestellt, morgen geliefert. 2 Jahre Garantie auf alle Produkte bei FerryGut   ","_seopress_robots_index":""},"product_brand":[],"product_cat":[2882,2923,2909],"product_tag":[],"brands":[5289],"channels":[],"class_list":{"0":"post-7075","1":"product","2":"type-product","3":"status-publish","4":"has-post-thumbnail","6":"product_cat-baby-kind","7":"product_cat-bad","8":"product_cat-zuhause","9":"brands-munchkin","11":"first","12":"outofstock","13":"taxable","14":"shipping-taxable","15":"purchasable","16":"product-type-simple"},"acf":[],"weight_unit":"kg","dimension_unit":"cm","packaging_unit":"St\u00fccke","country_of_origin":"China","weee_germany":"DE97744419","website_url":"https:\/\/ferrygut.com\/","verkoper":"FerryGut.com","postcode":"5048CD","telefoonnummer":"+31850000735","_links":{"self":[{"href":"https:\/\/ferrygut.com\/de\/wp-json\/wp\/v2\/product\/7075","targetHints":{"allow":["GET"]}}],"collection":[{"href":"https:\/\/ferrygut.com\/de\/wp-json\/wp\/v2\/product"}],"about":[{"href":"https:\/\/ferrygut.com\/de\/wp-json\/wp\/v2\/types\/product"}],"replies":[{"embeddable":true,"href":"https:\/\/ferrygut.com\/de\/wp-json\/wp\/v2\/comments?post=7075"}],"wp:featuredmedia":[{"embeddable":true,"href":"https:\/\/ferrygut.com\/de\/wp-json\/wp\/v2\/media\/7076"}],"wp:attachment":[{"href":"https:\/\/ferrygut.com\/de\/wp-json\/wp\/v2\/media?parent=7075"}],"wp:term":[{"taxonomy":"product_brand","embeddable":true,"href":"https:\/\/ferrygut.com\/de\/wp-json\/wp\/v2\/product_brand?post=7075"},{"taxonomy":"product_cat","embeddable":true,"href":"https:\/\/ferrygut.com\/de\/wp-json\/wp\/v2\/product_cat?post=7075"},{"taxonomy":"product_tag","embeddable":true,"href":"https:\/\/ferrygut.com\/de\/wp-json\/wp\/v2\/product_tag?post=7075"},{"taxonomy":"brands","embeddable":true,"href":"https:\/\/ferrygut.com\/de\/wp-json\/wp\/v2\/brands?post=7075"},{"taxonomy":"channels","embeddable":true,"href":"https:\/\/ferrygut.com\/de\/wp-json\/wp\/v2\/channels?post=7075"}],"curies":[{"name":"wp","href":"https:\/\/api.w.org\/{rel}","templated":true}]}}