{"id":7069,"date":"2024-02-08T14:15:06","date_gmt":"2024-02-08T13:15:06","guid":{"rendered":"https:\/\/ferrygut.com\/product\/munchkin-falls-wassertrichter-und-becher-zum-baden\/"},"modified":"2025-04-15T12:10:52","modified_gmt":"2025-04-15T10:10:52","slug":"munchkin-falls-wassertrichter-und-becher-zum-baden","status":"publish","type":"product","link":"https:\/\/ferrygut.com\/de\/produkt\/munchkin-falls-wassertrichter-und-becher-zum-baden\/","title":{"rendered":"Munchkin Falls &#8211; Wassertrichter und Becher zum Baden"},"content":{"rendered":"<div class=\"flex-1 overflow-hidden\">\n<div class=\"react-scroll-to-bottom--css-qkrbo-79elbk h-full\">\n<div class=\"react-scroll-to-bottom--css-qkrbo-1n7m0yu\">\n<div class=\"flex flex-col pb-9 text-sm\">\n<div class=\"w-full text-token-text-primary\" data-testid=\"conversation-turn-144\">\n<div class=\"px-4 py-2 justify-center text-base md:gap-6 m-auto\">\n<div class=\"flex flex-1 text-base mx-auto gap-3 md:px-5 lg:px-1 xl:px-5 md:max-w-3xl lg:max-w-[40rem] xl:max-w-[48rem] group final-completion\">\n<div class=\"relative flex w-full flex-col lg:w-[calc(100%-115px)] agent-turn\">\n<div class=\"flex-col gap-1 md:gap-3\">\n<div class=\"flex flex-grow flex-col max-w-full\">\n<div class=\"min-h-[20px] text-message flex flex-col items-start gap-3 whitespace-pre-wrap break-words [.text-message+&amp;]:mt-5 overflow-x-auto\" data-message-author-role=\"assistant\" data-message-id=\"03ede401-3316-4993-9070-66fa3070b2a0\">\n<div class=\"markdown prose w-full break-words dark:prose-invert light\">\n<p><span style=\"font-size: 14px;\">Mit dem Munchkin Falls Wassertrichter und den Bechern kann dein Kleiner beim Baden viel Spa\u00df beim Planschen haben. Dieses bunte Set aus vier wasserfreundlichen Bechern und einem Wassertrichter sorgt f\u00fcr stundenlangen Badespa\u00df. <\/span><\/p>\n<h5>Lehrreiches und bereicherndes Spielzeug<\/h5>\n<p>Der Wassertrichter und die Becher von Falls machen nicht nur Spa\u00df, sondern sind auch lehrreich. Dein Kleines kann beim Spielen mit Wasserstr\u00f6men und -bewegungen experimentieren und so seine motorischen F\u00e4higkeiten und seine Kreativit\u00e4t spielerisch entwickeln. <\/p>\n<h5>Heiteres und farbenfrohes Design<\/h5>\n<p>Jede Tasse hat ihre eigene leuchtende Farbe und einzigartige Form, die sie f\u00fcr neugierige kleine Augen und kleine H\u00e4nde attraktiv macht. Das fr\u00f6hliche Design regt die Sinne deines Kindes an und sorgt f\u00fcr noch mehr Spa\u00df beim Baden. <\/p>\n<h5>Sicheres und langlebiges Material<\/h5>\n<p>Der Falls Wassertrichter und die Becher sind aus hochwertigem, BPA-freiem Material hergestellt, das f\u00fcr dein Kind sicher ist. Sie sind so konzipiert, dass sie lange halten und nach dem Spielen in der Badewanne leicht zu reinigen sind. <\/p>\n<h5>F\u00f6rdert die Entwicklung deines Kindes<\/h5>\n<p>Dieses Spielset f\u00f6rdert die Neugierde und Entdeckungslust deines Kindes, das spielerisch etwas \u00fcber Ursache und Wirkung, Formen, Farben und vieles mehr lernt. Das interaktive Spiel f\u00f6rdert au\u00dferdem die Hand-Augen-Koordination. <\/p>\n<h5>Wichtige Merkmale:<\/h5>\n<ul>\n<li>Set mit vier bunten Bechern und einem Wassertrichter<\/li>\n<li>F\u00f6rdert die Entwicklung von motorischen F\u00e4higkeiten und Kreativit\u00e4t<\/li>\n<li>Sicheres und langlebiges Material, frei von BPA<\/li>\n<li>Fr\u00f6hliches und attraktives Design f\u00fcr zus\u00e4tzlichen Spa\u00df in der Badewanne<\/li>\n<\/ul>\n<p>Mit dem Munchkin Falls Wassertrichter und den Bechern kann dein Kleiner endlosen Planschspa\u00df erleben. Dieses spielerische Set bietet eine Kombination aus lehrreichem und lustigem Badespielzeug, das die Badezeit zu einem angenehmen und lehrreichen Erlebnis f\u00fcr dein Kind macht. <\/p>\n<\/div>\n<\/div>\n<\/div>\n<\/div>\n<\/div>\n<\/div>\n<\/div>\n<\/div>\n<\/div>\n<\/div>\n<\/div>\n<\/div>\n","protected":false},"excerpt":{"rendered":"<p>Mit dem Munchkin Falls Wassertrichter und den Bechern kann dein Kleiner beim Baden viel Spa\u00df beim Planschen haben. Dieses bunte Set aus vier wasserfreundlichen Bechern und einem Wassertrichter sorgt f\u00fcr stundenlangen Badespa\u00df. Lehrreiches und bereicherndes Spielzeug Der Wassertrichter und die Becher von Falls machen nicht nur Spa\u00df, sondern sind auch lehrreich. Dein Kleines kann beim [&hellip;]<\/p>\n","protected":false},"featured_media":18487,"comment_status":"closed","ping_status":"closed","template":"","meta":{"_acf_changed":false,"_seopress_robots_primary_cat":"567","_seopress_titles_title":"Wassertrichter und Becher f\u00fcr das Bad | Muchkin Falls | FerryGut","_seopress_titles_desc":"Spritzspa\u00df mit diesem Wassertrichter und Bechern f\u00fcr die Badewanne. Bei FerryGut heute bestellt, morgen geliefert mit unserer ultraschnellen Lieferung. ","_seopress_robots_index":""},"product_brand":[],"product_cat":[2882,2924,2909],"product_tag":[],"brands":[5289],"channels":[],"class_list":{"0":"post-7069","1":"product","2":"type-product","3":"status-publish","4":"has-post-thumbnail","6":"product_cat-baby-kind","7":"product_cat-badespielzeug","8":"product_cat-zuhause","9":"brands-munchkin","11":"first","12":"outofstock","13":"taxable","14":"shipping-taxable","15":"purchasable","16":"product-type-simple"},"acf":[],"weight_unit":"kg","dimension_unit":"cm","packaging_unit":"St\u00fccke","country_of_origin":"China","weee_germany":"DE97744419","website_url":"https:\/\/ferrygut.com\/","verkoper":"FerryGut.com","postcode":"5048CD","telefoonnummer":"+31850000735","_links":{"self":[{"href":"https:\/\/ferrygut.com\/de\/wp-json\/wp\/v2\/product\/7069","targetHints":{"allow":["GET"]}}],"collection":[{"href":"https:\/\/ferrygut.com\/de\/wp-json\/wp\/v2\/product"}],"about":[{"href":"https:\/\/ferrygut.com\/de\/wp-json\/wp\/v2\/types\/product"}],"replies":[{"embeddable":true,"href":"https:\/\/ferrygut.com\/de\/wp-json\/wp\/v2\/comments?post=7069"}],"wp:featuredmedia":[{"embeddable":true,"href":"https:\/\/ferrygut.com\/de\/wp-json\/wp\/v2\/media\/18487"}],"wp:attachment":[{"href":"https:\/\/ferrygut.com\/de\/wp-json\/wp\/v2\/media?parent=7069"}],"wp:term":[{"taxonomy":"product_brand","embeddable":true,"href":"https:\/\/ferrygut.com\/de\/wp-json\/wp\/v2\/product_brand?post=7069"},{"taxonomy":"product_cat","embeddable":true,"href":"https:\/\/ferrygut.com\/de\/wp-json\/wp\/v2\/product_cat?post=7069"},{"taxonomy":"product_tag","embeddable":true,"href":"https:\/\/ferrygut.com\/de\/wp-json\/wp\/v2\/product_tag?post=7069"},{"taxonomy":"brands","embeddable":true,"href":"https:\/\/ferrygut.com\/de\/wp-json\/wp\/v2\/brands?post=7069"},{"taxonomy":"channels","embeddable":true,"href":"https:\/\/ferrygut.com\/de\/wp-json\/wp\/v2\/channels?post=7069"}],"curies":[{"name":"wp","href":"https:\/\/api.w.org\/{rel}","templated":true}]}}