{"id":7049,"date":"2024-02-08T15:03:03","date_gmt":"2024-02-08T14:03:03","guid":{"rendered":"https:\/\/ferrygut.com\/product\/munchkin-colorme-hungry-abendessen-set-2\/"},"modified":"2025-04-29T09:19:09","modified_gmt":"2025-04-29T07:19:09","slug":"munchkin-colorme-hungry-abendessen-set-2","status":"publish","type":"product","link":"https:\/\/ferrygut.com\/de\/produkt\/munchkin-colorme-hungry-abendessen-set-2\/","title":{"rendered":"Munchkin ColorMe Hungry &#8211; Abendessen-Set"},"content":{"rendered":"<p><span style=\"font-size: 14px;\">Lass dein Kind mit dem Munchkin Color Me Hungry Eating Set farbenfrohes Essen genie\u00dfen. Dieses 7-teilige Essbesteck f\u00fcr Kinder wurde entwickelt, um das Essen deines Kindes spielerisch und interaktiv zu gestalten und gleichzeitig wichtige F\u00e4higkeiten zu entwickeln. <\/span><\/p>\n<h4>Spielerisches und interaktives Design<\/h4>\n<p>Das Color Me Hungry Eating Set f\u00fcr Kinder besticht durch leuchtende Farben und lustige Designs, die die Aufmerksamkeit deiner Kleinen beim Essen auf sich ziehen werden. Das spielerische Thema ermutigt Kinder, verschiedene Arten von Lebensmitteln zu entdecken und zu genie\u00dfen. <\/p>\n<h4>Komplettset f\u00fcr kleine Esser<\/h4>\n<p>Das Set enth\u00e4lt 7 wichtige Teile, darunter einen Teller, eine Sch\u00fcssel, eine Tasse, einen L\u00f6ffel, eine Gabel, eine Snackbox und ein Tischset.<br \/>\nJeder Artikel ist speziell f\u00fcr kleine H\u00e4nde konzipiert und f\u00f6rdert das selbstst\u00e4ndige Essen und Trinken. <\/p>\n<h4>Sicheres und langlebiges Material<\/h4>\n<p>Alle Teile des Essgeschirrs sind aus hochwertigem, BPA-freiem Material gefertigt, das f\u00fcr den Gebrauch mit Lebensmitteln geeignet ist.<br \/>\nSie sind leicht zu reinigen und sp\u00fclmaschinenfest, was den Komfort erh\u00f6ht. <\/p>\n<h4>Ideal f\u00fcr zu Hause und unterwegs<\/h4>\n<p>Das Color Me Hungry Eating Set ist perfekt f\u00fcr den Gebrauch zu Hause, aber auch praktisch f\u00fcr Reisen oder Ausfl\u00fcge.<br \/>\nDas Set ist leicht und kompakt, sodass es leicht in Wickeltaschen und Kinderwagen passt. <\/p>\n<p>Wichtige Merkmale:<\/p>\n<ul>\n<li>Lebendige Farben und verspielte Designs<\/li>\n<li>7-teiliges Set mit Teller, Sch\u00fcssel, Tasse, L\u00f6ffel, Gabel, Snackbox und Tischset<\/li>\n<li>Hergestellt aus hochwertigem, BPA-freiem Material<\/li>\n<li>Leicht zu reinigen und sp\u00fclmaschinenfest<\/li>\n<\/ul>\n<p>Das Munchkin Color Me Hungry Eating Set ist nicht nur ideal f\u00fcr zu Hause, sondern auch perfekt f\u00fcr unterwegs. Durch sein leichtes und kompaktes Design l\u00e4sst er sich leicht transportieren, sodass dein Kleines jederzeit und \u00fcberall eine leckere Mahlzeit genie\u00dfen kann. Bringe etwas Farbe in jedes Essenserlebnis und lass dein Kind neue Geschmacksrichtungen entdecken, egal wo ihr seid. Bestelle jetzt bei FerryGut.de und warte nicht l\u00e4nger, um dich am Tisch zu vergn\u00fcgen!   <\/p>\n","protected":false},"excerpt":{"rendered":"<p>Lass dein Kind mit dem Munchkin Color Me Hungry Eating Set farbenfrohes Essen genie\u00dfen. Dieses 7-teilige Essbesteck f\u00fcr Kinder wurde entwickelt, um das Essen deines Kindes spielerisch und interaktiv zu gestalten und gleichzeitig wichtige F\u00e4higkeiten zu entwickeln. Spielerisches und interaktives Design Das Color Me Hungry Eating Set f\u00fcr Kinder besticht durch leuchtende Farben und lustige [&hellip;]<\/p>\n","protected":false},"featured_media":7061,"comment_status":"closed","ping_status":"closed","template":"","meta":{"_acf_changed":false,"_seopress_robots_primary_cat":"63","_seopress_titles_title":"Essgeschirr | Munchkin | Blau | FerryGut","_seopress_titles_desc":"Komplettes 7-teiliges Esszimmer-Set. Hergestellt aus BPA-freiem Material. Bestelle einfach \u00fcber FerryGut und bezahle keine Versandkosten.  ","_seopress_robots_index":""},"product_brand":[],"product_cat":[2882,2922,2909],"product_tag":[],"brands":[5289],"channels":[],"class_list":{"0":"post-7049","1":"product","2":"type-product","3":"status-publish","4":"has-post-thumbnail","6":"product_cat-baby-kind","7":"product_cat-geschenke","8":"product_cat-zuhause","9":"brands-munchkin","11":"first","12":"outofstock","13":"taxable","14":"shipping-taxable","15":"purchasable","16":"product-type-simple"},"acf":[],"weight_unit":"kg","dimension_unit":"cm","packaging_unit":"St\u00fccke","country_of_origin":"China","weee_germany":"DE97744419","website_url":"https:\/\/ferrygut.com\/","verkoper":"FerryGut.com","postcode":"5048CD","telefoonnummer":"+31850000735","_links":{"self":[{"href":"https:\/\/ferrygut.com\/de\/wp-json\/wp\/v2\/product\/7049","targetHints":{"allow":["GET"]}}],"collection":[{"href":"https:\/\/ferrygut.com\/de\/wp-json\/wp\/v2\/product"}],"about":[{"href":"https:\/\/ferrygut.com\/de\/wp-json\/wp\/v2\/types\/product"}],"replies":[{"embeddable":true,"href":"https:\/\/ferrygut.com\/de\/wp-json\/wp\/v2\/comments?post=7049"}],"wp:featuredmedia":[{"embeddable":true,"href":"https:\/\/ferrygut.com\/de\/wp-json\/wp\/v2\/media\/7061"}],"wp:attachment":[{"href":"https:\/\/ferrygut.com\/de\/wp-json\/wp\/v2\/media?parent=7049"}],"wp:term":[{"taxonomy":"product_brand","embeddable":true,"href":"https:\/\/ferrygut.com\/de\/wp-json\/wp\/v2\/product_brand?post=7049"},{"taxonomy":"product_cat","embeddable":true,"href":"https:\/\/ferrygut.com\/de\/wp-json\/wp\/v2\/product_cat?post=7049"},{"taxonomy":"product_tag","embeddable":true,"href":"https:\/\/ferrygut.com\/de\/wp-json\/wp\/v2\/product_tag?post=7049"},{"taxonomy":"brands","embeddable":true,"href":"https:\/\/ferrygut.com\/de\/wp-json\/wp\/v2\/brands?post=7049"},{"taxonomy":"channels","embeddable":true,"href":"https:\/\/ferrygut.com\/de\/wp-json\/wp\/v2\/channels?post=7049"}],"curies":[{"name":"wp","href":"https:\/\/api.w.org\/{rel}","templated":true}]}}