{"id":7039,"date":"2024-02-08T15:26:51","date_gmt":"2024-02-08T14:26:51","guid":{"rendered":"https:\/\/ferrygut.com\/product\/munchkin-colorme-hungry-abendessen-set\/"},"modified":"2025-04-29T09:19:30","modified_gmt":"2025-04-29T07:19:30","slug":"munchkin-colorme-hungry-abendessen-set","status":"publish","type":"product","link":"https:\/\/ferrygut.com\/de\/produkt\/munchkin-colorme-hungry-abendessen-set\/","title":{"rendered":"Munchkin ColorMe Hungry &#8211; Abendessen-Set"},"content":{"rendered":"<div class=\"flex flex-grow flex-col max-w-full\">\n<div class=\"min-h-[20px] text-message flex flex-col items-start gap-3 whitespace-pre-wrap break-words [.text-message+&amp;]:mt-5 overflow-x-auto\" data-message-author-role=\"assistant\" data-message-id=\"785cd9f2-aaff-4504-a7af-5ebfd3a229a9\">\n<div class=\"markdown prose w-full break-words dark:prose-invert light\">\n<p><span style=\"font-size: 14px;\">Lass dein Kind mit dem Munchkin Color Me Hungry Eating Set farbenfrohes Essen genie\u00dfen.<br \/>\nDieses 7-teilige Essensset wurde entwickelt, um die Essenserfahrung deines Kindes spielerisch und interaktiv zu gestalten und gleichzeitig wichtige F\u00e4higkeiten zu entwickeln. <\/span><\/p>\n<h5>Spielerisches und interaktives Design<\/h5>\n<p>Das Color Me Hungry Eating Set besticht durch leuchtende Farben und lustige Designs, die die Aufmerksamkeit deines Kindes w\u00e4hrend der Mahlzeiten auf sich ziehen werden.<br \/>\nDas spielerische Thema ermutigt Kinder, verschiedene Arten von Lebensmitteln zu entdecken und zu genie\u00dfen. <\/p>\n<h5>Komplettset f\u00fcr kleine Esser<\/h5>\n<p>Das Set enth\u00e4lt 7 wichtige Teile, darunter einen Teller, eine Sch\u00fcssel, eine Tasse, einen L\u00f6ffel, eine Gabel, eine Snackbox und ein Tischset.<br \/>\nJeder Artikel ist speziell f\u00fcr kleine H\u00e4nde konzipiert und f\u00f6rdert das selbstst\u00e4ndige Essen und Trinken. <\/p>\n<h5>Sicheres und langlebiges Material<\/h5>\n<p>Alle Teile des Essgeschirrs sind aus hochwertigem, BPA-freiem Material gefertigt, das f\u00fcr den Gebrauch mit Lebensmitteln geeignet ist.<br \/>\nSie sind leicht zu reinigen und sp\u00fclmaschinenfest, was den Komfort erh\u00f6ht. <\/p>\n<h5>Ideal f\u00fcr zu Hause und unterwegs<\/h5>\n<p>Das Color Me Hungry Eating Set ist perfekt f\u00fcr den Gebrauch zu Hause, aber auch praktisch f\u00fcr Reisen oder Ausfl\u00fcge.<br \/>\nDas Set ist leicht und kompakt, sodass es leicht in Wickeltaschen und Kinderwagen passt. <\/p>\n<h5>Wichtige Merkmale:<\/h5>\n<ul>\n<li>Lebendige Farben und verspielte Designs<\/li>\n<li>7-teiliges Set mit Teller, Sch\u00fcssel, Tasse, L\u00f6ffel, Gabel, Snackbox und Tischset<\/li>\n<li>Hergestellt aus hochwertigem, BPA-freiem Material<\/li>\n<li>Leicht zu reinigen und sp\u00fclmaschinenfest<\/li>\n<\/ul>\n<p>Das Munchkin Color Me Hungry Eating Set macht die Essenszeit zu einem lustigen und spannenden Erlebnis f\u00fcr dein Kind.<br \/>\nF\u00f6rdern Sie ihre Entwicklung und genie\u00dfen Sie gemeinsam farbenfrohes Essen mit diesem fr\u00f6hlichen und praktischen Essensset. <\/p>\n<\/div>\n<\/div>\n<\/div>\n<div class=\"mt-1 flex justify-start gap-3 empty:hidden\">\n<div class=\"text-gray-400 flex self-end lg:self-center justify-center lg:justify-start mt-0 -ml-1 visible\">\n<div class=\"flex\"><\/div>\n<\/div>\n<\/div>\n","protected":false},"excerpt":{"rendered":"<p>Lass dein Kind mit dem Munchkin Color Me Hungry Eating Set farbenfrohes Essen genie\u00dfen. Dieses 7-teilige Essensset wurde entwickelt, um die Essenserfahrung deines Kindes spielerisch und interaktiv zu gestalten und gleichzeitig wichtige F\u00e4higkeiten zu entwickeln. Spielerisches und interaktives Design Das Color Me Hungry Eating Set besticht durch leuchtende Farben und lustige Designs, die die Aufmerksamkeit [&hellip;]<\/p>\n","protected":false},"featured_media":7048,"comment_status":"closed","ping_status":"closed","template":"","meta":{"_acf_changed":false,"_seopress_robots_primary_cat":"63","_seopress_titles_title":"Munchkin | Dinner-Set | Gr\u00fcn | FerryGut","_seopress_titles_desc":"7-teiliges Essensset, das zum selbstst\u00e4ndigen Essen anregt. Jetzt online kaufen, morgen geliefert.  Mit FerryGut zahlst du keine Lieferkosten.","_seopress_robots_index":""},"product_brand":[],"product_cat":[2882,2922,2909],"product_tag":[],"brands":[5289],"channels":[],"class_list":{"0":"post-7039","1":"product","2":"type-product","3":"status-publish","4":"has-post-thumbnail","6":"product_cat-baby-kind","7":"product_cat-geschenke","8":"product_cat-zuhause","9":"brands-munchkin","11":"first","12":"outofstock","13":"taxable","14":"shipping-taxable","15":"purchasable","16":"product-type-simple"},"acf":[],"weight_unit":"kg","dimension_unit":"cm","packaging_unit":"St\u00fccke","country_of_origin":"China","weee_germany":"DE97744419","website_url":"https:\/\/ferrygut.com\/","verkoper":"FerryGut.com","postcode":"5048CD","telefoonnummer":"+31850000735","_links":{"self":[{"href":"https:\/\/ferrygut.com\/de\/wp-json\/wp\/v2\/product\/7039","targetHints":{"allow":["GET"]}}],"collection":[{"href":"https:\/\/ferrygut.com\/de\/wp-json\/wp\/v2\/product"}],"about":[{"href":"https:\/\/ferrygut.com\/de\/wp-json\/wp\/v2\/types\/product"}],"replies":[{"embeddable":true,"href":"https:\/\/ferrygut.com\/de\/wp-json\/wp\/v2\/comments?post=7039"}],"wp:featuredmedia":[{"embeddable":true,"href":"https:\/\/ferrygut.com\/de\/wp-json\/wp\/v2\/media\/7048"}],"wp:attachment":[{"href":"https:\/\/ferrygut.com\/de\/wp-json\/wp\/v2\/media?parent=7039"}],"wp:term":[{"taxonomy":"product_brand","embeddable":true,"href":"https:\/\/ferrygut.com\/de\/wp-json\/wp\/v2\/product_brand?post=7039"},{"taxonomy":"product_cat","embeddable":true,"href":"https:\/\/ferrygut.com\/de\/wp-json\/wp\/v2\/product_cat?post=7039"},{"taxonomy":"product_tag","embeddable":true,"href":"https:\/\/ferrygut.com\/de\/wp-json\/wp\/v2\/product_tag?post=7039"},{"taxonomy":"brands","embeddable":true,"href":"https:\/\/ferrygut.com\/de\/wp-json\/wp\/v2\/brands?post=7039"},{"taxonomy":"channels","embeddable":true,"href":"https:\/\/ferrygut.com\/de\/wp-json\/wp\/v2\/channels?post=7039"}],"curies":[{"name":"wp","href":"https:\/\/api.w.org\/{rel}","templated":true}]}}