{"id":7013,"date":"2024-02-09T09:34:41","date_gmt":"2024-02-09T08:34:41","guid":{"rendered":"https:\/\/ferrygut.com\/product\/munchkin-bounce-play-tuerschaukel-fuer-babys\/"},"modified":"2025-04-29T09:23:53","modified_gmt":"2025-04-29T07:23:53","slug":"munchkin-bounce-play-tuerschaukel-fuer-babys","status":"publish","type":"product","link":"https:\/\/ferrygut.com\/de\/produkt\/munchkin-bounce-play-tuerschaukel-fuer-babys\/","title":{"rendered":"Munchkin Bounce &amp; Play &#8211; T\u00fcrschaukel f\u00fcr Babys"},"content":{"rendered":"<p><span style=\"font-size: 14px;\">Gib deinem Baby einen bequemen und anregenden Platz zum Spielen mit der Bounce and Play Babywippe. Diese bezaubernde und vielseitige Babywippe bietet sowohl Komfort als auch Unterhaltung f\u00fcr dein Kleines und ist damit ein unverzichtbarer Teil deiner Babyausstattung. <\/span><\/p>\n<h5>Bequemes und unterst\u00fctzendes Design<\/h5>\n<p>Bei der Entwicklung der Bounce and Play Babywippe stand der Komfort deines Babys im Vordergrund. Der weiche und gepolsterte Sitz bietet einen bequemen Platz zum Sitzen und Spielen, w\u00e4hrend die verstellbaren Sicherheitsgurte f\u00fcr einen sicheren und st\u00fctzenden Sitz sorgen. <\/p>\n<h5>Unterhaltung und Stimulation<\/h5>\n<p>Mit dem lustigen Spielbogen und den Spielzeugen bietet die Bounce and Play Babywippe endlose Unterhaltung und Stimulation f\u00fcr dein Kind. Die farbenfrohen Spielzeuge und Texturen unterst\u00fctzen die Entwicklung der Sinne deines Babys und f\u00f6rdern seine motorischen F\u00e4higkeiten und seine Hand-Augen-Koordination. <\/p>\n<h5>Tragbar und einfach einzurichten<\/h5>\n<p>Der Bounce and Play Bouncer ist leicht und tragbar, so dass er leicht zu transportieren oder zu verstauen ist, wenn er nicht gebraucht wird. Das einfache und intuitive Design macht es au\u00dferdem leicht, die Babywippe aufzubauen, damit dein Kleines schnell seine Spielzeit genie\u00dfen kann. <\/p>\n<h5>Einstellbare Sitzh\u00f6he<\/h5>\n<p>Die Sitzh\u00f6he der Bounce and Play Babywippe kann entsprechend dem Wachstum deines Babys eingestellt werden, damit es beim Spielen immer bequem und gut gest\u00fctzt ist. So wird sichergestellt, dass dein Kind lange Freude daran hat. <\/p>\n<h5>Wichtige Merkmale:<\/h5>\n<ul>\n<li>Bequemes und unterst\u00fctzendes Design<\/li>\n<li>Lustiger Spielbogen und Spielzeug zur Unterhaltung<\/li>\n<li>Leicht und tragbar f\u00fcr einfachen Transport<\/li>\n<li>Verstellbare Sitzh\u00f6he f\u00fcr wachsende Babys<\/li>\n<\/ul>\n<p>Gib deinem Kind den Komfort und die Unterhaltung, die es verdient &#8211; mit der Bounce and Play Babywippe. Mit ihrem vielseitigen Design und den anregenden Funktionen wird diese Babywippe schnell zum Liebling von dir und deinem Baby. <\/p>\n","protected":false},"excerpt":{"rendered":"<p>Gib deinem Baby einen bequemen und anregenden Platz zum Spielen mit der Bounce and Play Babywippe. Diese bezaubernde und vielseitige Babywippe bietet sowohl Komfort als auch Unterhaltung f\u00fcr dein Kleines und ist damit ein unverzichtbarer Teil deiner Babyausstattung. Bequemes und unterst\u00fctzendes Design Bei der Entwicklung der Bounce and Play Babywippe stand der Komfort deines Babys [&hellip;]<\/p>\n","protected":false},"featured_media":7014,"comment_status":"closed","ping_status":"closed","template":"","meta":{"_acf_changed":false,"_seopress_robots_primary_cat":"61","_seopress_titles_title":"T\u00fcrschaukel f\u00fcr Babys | Munchkin | FerryGut","_seopress_titles_desc":"Bequemes T\u00fcrschwingen mit verstellbaren Sicherheitsgurten. Erh\u00e4ltlich bei FerryGut. Du zahlst keine Versandkosten und hast es am n\u00e4chsten Tag. Jetzt kaufen.   ","_seopress_robots_index":""},"product_brand":[],"product_cat":[2882,2921,2909],"product_tag":[],"brands":[5289],"channels":[],"class_list":{"0":"post-7013","1":"product","2":"type-product","3":"status-publish","4":"has-post-thumbnail","6":"product_cat-baby-kind","7":"product_cat-tursteher","8":"product_cat-zuhause","9":"brands-munchkin","11":"first","12":"outofstock","13":"taxable","14":"shipping-taxable","15":"purchasable","16":"product-type-simple"},"acf":[],"weight_unit":"kg","dimension_unit":"cm","packaging_unit":"St\u00fccke","country_of_origin":"China","weee_germany":"DE97744419","website_url":"https:\/\/ferrygut.com\/","verkoper":"FerryGut.com","postcode":"5048CD","telefoonnummer":"+31850000735","_links":{"self":[{"href":"https:\/\/ferrygut.com\/de\/wp-json\/wp\/v2\/product\/7013","targetHints":{"allow":["GET"]}}],"collection":[{"href":"https:\/\/ferrygut.com\/de\/wp-json\/wp\/v2\/product"}],"about":[{"href":"https:\/\/ferrygut.com\/de\/wp-json\/wp\/v2\/types\/product"}],"replies":[{"embeddable":true,"href":"https:\/\/ferrygut.com\/de\/wp-json\/wp\/v2\/comments?post=7013"}],"wp:featuredmedia":[{"embeddable":true,"href":"https:\/\/ferrygut.com\/de\/wp-json\/wp\/v2\/media\/7014"}],"wp:attachment":[{"href":"https:\/\/ferrygut.com\/de\/wp-json\/wp\/v2\/media?parent=7013"}],"wp:term":[{"taxonomy":"product_brand","embeddable":true,"href":"https:\/\/ferrygut.com\/de\/wp-json\/wp\/v2\/product_brand?post=7013"},{"taxonomy":"product_cat","embeddable":true,"href":"https:\/\/ferrygut.com\/de\/wp-json\/wp\/v2\/product_cat?post=7013"},{"taxonomy":"product_tag","embeddable":true,"href":"https:\/\/ferrygut.com\/de\/wp-json\/wp\/v2\/product_tag?post=7013"},{"taxonomy":"brands","embeddable":true,"href":"https:\/\/ferrygut.com\/de\/wp-json\/wp\/v2\/brands?post=7013"},{"taxonomy":"channels","embeddable":true,"href":"https:\/\/ferrygut.com\/de\/wp-json\/wp\/v2\/channels?post=7013"}],"curies":[{"name":"wp","href":"https:\/\/api.w.org\/{rel}","templated":true}]}}