{"id":6989,"date":"2024-02-09T10:49:42","date_gmt":"2024-02-09T09:49:42","guid":{"rendered":"https:\/\/ferrygut.com\/product\/munchkin-travel-booster-seat-reisesitz-mit-sitzerhoehung\/"},"modified":"2025-04-28T16:37:32","modified_gmt":"2025-04-28T14:37:32","slug":"munchkin-travel-booster-seat-reisesitz-mit-sitzerhoehung","status":"publish","type":"product","link":"https:\/\/ferrygut.com\/de\/produkt\/munchkin-travel-booster-seat-reisesitz-mit-sitzerhoehung\/","title":{"rendered":"Munchkin &#8211; Travel Booster Seat &#8211; Reisesitz mit Sitzerh\u00f6hung"},"content":{"rendered":"<div class=\"flex-1 overflow-hidden\">\n<div class=\"react-scroll-to-bottom--css-qkrbo-79elbk h-full\">\n<div class=\"react-scroll-to-bottom--css-qkrbo-1n7m0yu\">\n<div class=\"flex flex-col pb-9 text-sm\">\n<div class=\"w-full text-token-text-primary\" data-testid=\"conversation-turn-162\">\n<div class=\"px-4 py-2 justify-center text-base md:gap-6 m-auto\">\n<div class=\"flex flex-1 text-base mx-auto gap-3 md:px-5 lg:px-1 xl:px-5 md:max-w-3xl lg:max-w-[40rem] xl:max-w-[48rem] group final-completion\">\n<div class=\"relative flex w-full flex-col lg:w-[calc(100%-115px)] agent-turn\">\n<div class=\"flex-col gap-1 md:gap-3\">\n<div class=\"flex flex-grow flex-col max-w-full\">\n<div class=\"min-h-[20px] text-message flex flex-col items-start gap-3 whitespace-pre-wrap break-words [.text-message+&amp;]:mt-5 overflow-x-auto\" data-message-author-role=\"assistant\" data-message-id=\"f1bb65c7-9295-4b81-b5a8-744daa16aa1b\">\n<div class=\"markdown prose w-full break-words dark:prose-invert light\">\n<p><span style=\"font-size: 14px;\">Dieser praktische Travel Booster Seat in Blau ist der perfekte Begleiter f\u00fcr unterwegs. Egal, ob du auf Reisen bist, Freunde oder Familie besuchst oder einfach nur einen Ausflug machst, diese Sitzerh\u00f6hung sorgt daf\u00fcr, dass dein Kind immer bequem und sicher sitzen kann. <\/span><\/p>\n<h4>Kompaktes und tragbares Design<\/h4>\n<p>Der Travel Booster Seat wurde mit Blick auf Tragbarkeit und Komfort entwickelt. Das kompakte Design macht es einfach, den Sessel zu transportieren und zu verstauen, w\u00e4hrend sein geringes Gewicht den Transport erleichtert, auch wenn du unterwegs bist. <\/p>\n<h4>Sichere und solide Konstruktion<\/h4>\n<p>Trotz seiner kompakten Gr\u00f6\u00dfe bietet der Travel Booster Seat deinem Kind einen sicheren und gesch\u00fctzten Sitz. Der robuste Rahmen und die langlebigen Materialien sorgen f\u00fcr Stabilit\u00e4t und Halt, w\u00e4hrend der Sicherheitsgurt daf\u00fcr sorgt, dass dein Kind beim Essen oder Spielen sicher angeschnallt ist. <\/p>\n<h4>Verstellbarer und bequemer Sitz<\/h4>\n<p>Der Sitz der Sitzerh\u00f6hung ist verstellbar, sodass du die H\u00f6he an die Bed\u00fcrfnisse deines Kindes anpassen kannst. So kann dein Kind bequem sitzen und Mahlzeiten oder Snacks genie\u00dfen, egal wo du bist. Au\u00dferdem ist der Sitz f\u00fcr zus\u00e4tzlichen Komfort weich gepolstert.  <\/p>\n<h4>Leicht zu reinigen<\/h4>\n<p>Der Travel Booster Seat ist nach dem Gebrauch leicht zu reinigen. Der Bezug ist abnehmbar und waschbar, damit du ihn nach dem Essen oder bei versch\u00fctteten Fl\u00fcssigkeiten schnell und einfach reinigen kannst. So wird sichergestellt, dass der Sessel immer frisch und hygienisch bleibt.  <\/p>\n<h4>Ideal f\u00fcr Reisen<\/h4>\n<p>Egal, ob du in den Urlaub f\u00e4hrst, einen Ausflug machst oder einfach nur Freunde oder Familie besuchst, der Travel Booster Seat ist der ideale Begleiter f\u00fcr unterwegs. Er bietet einen bequemen und komfortablen Sitz f\u00fcr dein Kind, egal wo du hingehst. <\/p>\n<h4>Wichtige Merkmale:<\/h4>\n<ul>\n<li>Kompaktes und tragbares Design f\u00fcr einfachen Transport<\/li>\n<li>Sichere und robuste Konstruktion f\u00fcr stabilen Sitz<\/li>\n<li>Verstellbarer und bequemer Sitz<\/li>\n<li>Nach Gebrauch leicht zu reinigen<\/li>\n<li>Ideal f\u00fcr unterwegs, auf Reisen oder beim Besuch von Freunden oder Familie<\/li>\n<\/ul>\n<p>Mit dem Travel Booster Seat in Blau bist du immer f\u00fcr abenteuerliche Ausfl\u00fcge mit deinem Kind ger\u00fcstet. Genie\u00dfe gemeinsame Mahlzeiten, Spiele und vieles mehr, wo immer du bist &#8211; dank dieser praktischen Sitzerh\u00f6hung. <\/p>\n<\/div>\n<\/div>\n<\/div>\n<\/div>\n<\/div>\n<\/div>\n<\/div>\n<\/div>\n<\/div>\n<\/div>\n<\/div>\n<\/div>\n","protected":false},"excerpt":{"rendered":"<p>Dieser praktische Travel Booster Seat in Blau ist der perfekte Begleiter f\u00fcr unterwegs. Egal, ob du auf Reisen bist, Freunde oder Familie besuchst oder einfach nur einen Ausflug machst, diese Sitzerh\u00f6hung sorgt daf\u00fcr, dass dein Kind immer bequem und sicher sitzen kann. Kompaktes und tragbares Design Der Travel Booster Seat wurde mit Blick auf Tragbarkeit [&hellip;]<\/p>\n","protected":false},"featured_media":6991,"comment_status":"closed","ping_status":"closed","template":"","meta":{"_acf_changed":false,"_seopress_robots_primary_cat":"70","_seopress_titles_title":"Reise-Sitzerh\u00f6hung | Munchkin | Blau | FerryGut","_seopress_titles_desc":"Praktischer Sitzerh\u00f6hungssitz f\u00fcr unterwegs. Der Sitz ist leicht verstellbar und sehr bequem. Bestelle es jetzt \u00fcber FerryGut, wir geben dir 2 Jahre Garantie nach dem Kauf.  ","_seopress_robots_index":""},"product_brand":[],"product_cat":[2882,2903,2883],"product_tag":[],"brands":[5289],"channels":[],"class_list":{"0":"post-6989","1":"product","2":"type-product","3":"status-publish","4":"has-post-thumbnail","6":"product_cat-baby-kind","7":"product_cat-sitzerhohungen","8":"product_cat-unterwegs","9":"brands-munchkin","11":"first","12":"outofstock","13":"sale","14":"taxable","15":"shipping-taxable","16":"purchasable","17":"product-type-simple"},"acf":[],"weight_unit":"kg","dimension_unit":"cm","packaging_unit":"St\u00fccke","country_of_origin":"China","weee_germany":"DE97744419","website_url":"https:\/\/ferrygut.com\/","verkoper":"FerryGut.com","postcode":"5048CD","telefoonnummer":"+31850000735","_links":{"self":[{"href":"https:\/\/ferrygut.com\/de\/wp-json\/wp\/v2\/product\/6989","targetHints":{"allow":["GET"]}}],"collection":[{"href":"https:\/\/ferrygut.com\/de\/wp-json\/wp\/v2\/product"}],"about":[{"href":"https:\/\/ferrygut.com\/de\/wp-json\/wp\/v2\/types\/product"}],"replies":[{"embeddable":true,"href":"https:\/\/ferrygut.com\/de\/wp-json\/wp\/v2\/comments?post=6989"}],"wp:featuredmedia":[{"embeddable":true,"href":"https:\/\/ferrygut.com\/de\/wp-json\/wp\/v2\/media\/6991"}],"wp:attachment":[{"href":"https:\/\/ferrygut.com\/de\/wp-json\/wp\/v2\/media?parent=6989"}],"wp:term":[{"taxonomy":"product_brand","embeddable":true,"href":"https:\/\/ferrygut.com\/de\/wp-json\/wp\/v2\/product_brand?post=6989"},{"taxonomy":"product_cat","embeddable":true,"href":"https:\/\/ferrygut.com\/de\/wp-json\/wp\/v2\/product_cat?post=6989"},{"taxonomy":"product_tag","embeddable":true,"href":"https:\/\/ferrygut.com\/de\/wp-json\/wp\/v2\/product_tag?post=6989"},{"taxonomy":"brands","embeddable":true,"href":"https:\/\/ferrygut.com\/de\/wp-json\/wp\/v2\/brands?post=6989"},{"taxonomy":"channels","embeddable":true,"href":"https:\/\/ferrygut.com\/de\/wp-json\/wp\/v2\/channels?post=6989"}],"curies":[{"name":"wp","href":"https:\/\/api.w.org\/{rel}","templated":true}]}}