{"id":6982,"date":"2024-02-14T09:21:22","date_gmt":"2024-02-14T08:21:22","guid":{"rendered":"https:\/\/ferrygut.com\/product\/munchkin-mini-sterilisator-plus\/"},"modified":"2025-04-28T13:41:44","modified_gmt":"2025-04-28T11:41:44","slug":"munchkin-mini-sterilisator-plus","status":"publish","type":"product","link":"https:\/\/ferrygut.com\/de\/produkt\/munchkin-mini-sterilisator-plus\/","title":{"rendered":"Munchkin Mini Sterilisator Plus"},"content":{"rendered":"<p><span style=\"font-size: 14px;\">Die Munchkin Sterilisierbox bietet eine praktische und effektive M\u00f6glichkeit, Flaschen, Sauger und andere Babyartikel sicher und hygienisch zu sterilisieren. Mit ihrem kompakten und benutzerfreundlichen Design ist diese Sterilisierbox ein Muss f\u00fcr Eltern, die Ruhe und Komfort suchen. <\/span><\/p>\n<h5>T\u00f6tet 99% aller Bakterien und Viren<\/h5>\n<p>Die Sterilisierbox von Munchkin nutzt Dampfsterilisation, um 99,9 % der sch\u00e4dlichen Bakterien und Keime abzut\u00f6ten. So wird sichergestellt, dass Flaschen, Sauger und andere Babyartikel gr\u00fcndlich gereinigt werden und von deinem Kleinen sicher verwendet werden k\u00f6nnen. <\/p>\n<h5>Benutzerfreundliches Design<\/h5>\n<p>Mit ihrem einfachen Design ist die Munchkin Sterilisierbox leicht zu bedienen. F\u00fclle die Sterilisierbox einfach mit Wasser, lege die Babyartikel hinein, schlie\u00dfe den Deckel und stelle die Box in die Mikrowelle. Innerhalb weniger Minuten sind deine Babysachen sauber und einsatzbereit.  <\/p>\n<h5>Kompakt und tragbar<\/h5>\n<p>Dank ihrer kompakten Gr\u00f6\u00dfe ist die Sterilisierbox ideal f\u00fcr den Gebrauch zu Hause und unterwegs. Egal, ob du auf Reisen bist oder Freunde oder Familie besuchst, diese Sterilisierbox nimmt nur wenig Platz weg und erm\u00f6glicht es dir trotzdem, Babyartikel schnell und einfach zu sterilisieren. <\/p>\n<h5>Sicher und BPA-frei<\/h5>\n<p>Die Munchkin Sterilisierbox ist aus hochwertigen Materialien hergestellt, die sicher f\u00fcr die Verwendung mit Babyartikeln sind. Au\u00dferdem ist die Sterilisierbox frei von BPA, Phthalaten und anderen sch\u00e4dlichen Stoffen, so dass du dir keine Sorgen um die Gesundheit und Sicherheit deines Kindes machen musst. <\/p>\n<h5>Leicht zu reinigen<\/h5>\n<p>Nach dem Gebrauch ist die Sterilisatorbox leicht zu reinigen. Sp\u00fcle sie einfach mit Wasser und einem milden Reinigungsmittel ab und lass sie an der Luft trocknen. So bleibt die Sterilisatorbox immer sauber und einsatzbereit.  <\/p>\n<h5>Wichtige Merkmale:<\/h5>\n<ul>\n<li>Effektive Dampfsterilisation t\u00f6tet 99,9% der Bakterien<\/li>\n<li>Benutzerfreundliches Design f\u00fcr einfache Bedienung<\/li>\n<li>Kompakt und tragbar f\u00fcr den Einsatz zu Hause und unterwegs<\/li>\n<li>Sicheres und BPA-freies Material f\u00fcr die Gesundheit deines Kindes<\/li>\n<li>Leicht zu reinigen f\u00fcr einen hygienischen Gebrauch<\/li>\n<li>\n<\/li>\n<\/ul>\n<p>Mit der Munchkin Sterilisierbox hast du immer die Gewissheit, dass deine Babyprodukte sauber und hygienisch sind, egal wo du bist. Mit dieser praktischen Sterilisierbox f\u00fcr Eltern und ihre Kleinen kannst du ganz beruhigt sein. <\/p>\n","protected":false},"excerpt":{"rendered":"<p>Die Munchkin Sterilisierbox bietet eine praktische und effektive M\u00f6glichkeit, Flaschen, Sauger und andere Babyartikel sicher und hygienisch zu sterilisieren. Mit ihrem kompakten und benutzerfreundlichen Design ist diese Sterilisierbox ein Muss f\u00fcr Eltern, die Ruhe und Komfort suchen. T\u00f6tet 99% aller Bakterien und Viren Die Sterilisierbox von Munchkin nutzt Dampfsterilisation, um 99,9 % der sch\u00e4dlichen Bakterien [&hellip;]<\/p>\n","protected":false},"featured_media":6983,"comment_status":"closed","ping_status":"closed","template":"","meta":{"_acf_changed":false,"_seopress_robots_primary_cat":"26","_seopress_titles_title":"Mini-Sterilisator-Box | Munchkin | FerryGut","_seopress_titles_desc":"Mit ihrer kompakten Gr\u00f6\u00dfe ist diese Sterilisierbox perfekt f\u00fcr zu Hause und unterwegs. Bestelle es jetzt. Bei FerryGut zahlst du keine Lieferkosten.  ","_seopress_robots_index":""},"product_brand":[],"product_cat":[2882,2920],"product_tag":[],"brands":[5289],"channels":[],"class_list":{"0":"post-6982","1":"product","2":"type-product","3":"status-publish","4":"has-post-thumbnail","6":"product_cat-baby-kind","7":"product_cat-beisringe","8":"brands-munchkin","10":"first","11":"outofstock","12":"taxable","13":"shipping-taxable","14":"purchasable","15":"product-type-simple"},"acf":[],"weight_unit":"kg","dimension_unit":"cm","packaging_unit":"St\u00fccke","country_of_origin":"China","weee_germany":"DE97744419","website_url":"https:\/\/ferrygut.com\/","verkoper":"FerryGut.com","postcode":"5048CD","telefoonnummer":"+31850000735","_links":{"self":[{"href":"https:\/\/ferrygut.com\/de\/wp-json\/wp\/v2\/product\/6982","targetHints":{"allow":["GET"]}}],"collection":[{"href":"https:\/\/ferrygut.com\/de\/wp-json\/wp\/v2\/product"}],"about":[{"href":"https:\/\/ferrygut.com\/de\/wp-json\/wp\/v2\/types\/product"}],"replies":[{"embeddable":true,"href":"https:\/\/ferrygut.com\/de\/wp-json\/wp\/v2\/comments?post=6982"}],"wp:featuredmedia":[{"embeddable":true,"href":"https:\/\/ferrygut.com\/de\/wp-json\/wp\/v2\/media\/6983"}],"wp:attachment":[{"href":"https:\/\/ferrygut.com\/de\/wp-json\/wp\/v2\/media?parent=6982"}],"wp:term":[{"taxonomy":"product_brand","embeddable":true,"href":"https:\/\/ferrygut.com\/de\/wp-json\/wp\/v2\/product_brand?post=6982"},{"taxonomy":"product_cat","embeddable":true,"href":"https:\/\/ferrygut.com\/de\/wp-json\/wp\/v2\/product_cat?post=6982"},{"taxonomy":"product_tag","embeddable":true,"href":"https:\/\/ferrygut.com\/de\/wp-json\/wp\/v2\/product_tag?post=6982"},{"taxonomy":"brands","embeddable":true,"href":"https:\/\/ferrygut.com\/de\/wp-json\/wp\/v2\/brands?post=6982"},{"taxonomy":"channels","embeddable":true,"href":"https:\/\/ferrygut.com\/de\/wp-json\/wp\/v2\/channels?post=6982"}],"curies":[{"name":"wp","href":"https:\/\/api.w.org\/{rel}","templated":true}]}}