{"id":6953,"date":"2024-02-14T10:40:30","date_gmt":"2024-02-14T09:40:30","guid":{"rendered":"https:\/\/ferrygut.com\/product\/munchkin-brica-smart-shade-sonnenschirm\/"},"modified":"2025-11-07T15:13:34","modified_gmt":"2025-11-07T14:13:34","slug":"munchkin-brica-smart-shade-sonnenschirm","status":"publish","type":"product","link":"https:\/\/ferrygut.com\/de\/produkt\/munchkin-brica-smart-shade-sonnenschirm\/","title":{"rendered":"Munchkin Brica Smart Shade &#8211; Sonnenschirm"},"content":{"rendered":"<p><span style=\"font-size: 14px;\">Der Munchkin Brica Smart Shade Sunshade ist der perfekte Begleiter f\u00fcr Autofahrten mit deinem Kleinen und bietet optimalen Schutz vor grellem Sonnenlicht und sch\u00e4dlichen UV-Strahlen. Mit seiner einfachen Installation und seinen praktischen Funktionen sorgt dieser Sonnenschirm f\u00fcr ein komfortables und sicheres Fahrerlebnis f\u00fcr dich und deine Kinder. <\/span><\/p>\n<h5>Einfache Installation und Nutzung<\/h5>\n<p>Diese Sonnenblende ist f\u00fcr den m\u00fchelosen Einbau in fast alle Fahrzeugtypen konzipiert. Mit den praktischen Saugn\u00e4pfen l\u00e4sst sich der Bildschirm fest an der Autoscheibe befestigen, w\u00e4hrend das clevere Design f\u00fcr eine optimale Abdeckung der Scheibe sorgt. <\/p>\n<h5>Optimaler Schutz vor Sonnenlicht<\/h5>\n<p>Der Munchkin Brica Smart Shade Sonnenschirm ist aus hochwertigem Material mit einer speziellen Beschichtung gefertigt, die UV-Strahlen effektiv blockiert und sch\u00e4dliche Sonnenstrahlen fernh\u00e4lt. So bleibt die Temperatur im Auto angenehm und deine Kinder werden vor zu starker Sonneneinstrahlung gesch\u00fctzt. <\/p>\n<h5>Bequeme Bedienung<\/h5>\n<p>Diese Markise ist mit einer praktischen Steuerung ausgestattet, mit der du den Schirm per Knopfdruck auf- und abrollen kannst. So kannst du ganz einfach die Menge an Sonnenlicht steuern, die w\u00e4hrend der Fahrt ins Auto f\u00e4llt. <\/p>\n<h5>Nachhaltiges und sicheres Design<\/h5>\n<p>Der Munchkin Brica Smart Shade Sonnenschirm ist aus strapazierf\u00e4higem Material gefertigt, das dem t\u00e4glichen Gebrauch und l\u00e4ngerer Sonneneinstrahlung standh\u00e4lt. Au\u00dferdem erf\u00fcllt er strenge Sicherheitsstandards, damit du die Autofahrten mit deinem Kind unbesorgt genie\u00dfen kannst. <\/p>\n<h5>Kompakt und tragbar<\/h5>\n<p>Dank seiner kompakten Gr\u00f6\u00dfe und seines geringen Gewichts l\u00e4sst sich dieser Sonnenschutz leicht verstauen und transportieren. Egal, ob du auf eine lange Reise gehst oder nur eine kurze Fahrt machst, dieser Sonnenschirm bietet dir immer den Sonnenschutz, den du brauchst. <\/p>\n<h5>Wichtige Merkmale:<\/h5>\n<ul>\n<li>Einfache Installation mit praktischen Saugn\u00e4pfen<\/li>\n<li>Effektiver Schutz vor UV-Strahlen und Sonnenlicht<\/li>\n<li>Bequeme Bedienelemente zum Auf- und Abrollen des Bildschirms<\/li>\n<li>Nachhaltiges und sicheres Design<\/li>\n<li>Kompakt und tragbar f\u00fcr den Komfort unterwegs<\/li>\n<\/ul>\n<p>Mit dem Munchkin Brica Smart Shade Sonnenschirm bist du f\u00fcr sonnige Autofahrten mit deinem Kleinen immer gut ger\u00fcstet. Genie\u00dfe maximalen Schutz und Komfort bei jeder Fahrt, dank dieses praktischen und zuverl\u00e4ssigen Sonnenschutzes. <\/p>\n","protected":false},"excerpt":{"rendered":"<p>Der Munchkin Brica Smart Shade Sunshade ist der perfekte Begleiter f\u00fcr Autofahrten mit deinem Kleinen und bietet optimalen Schutz vor grellem Sonnenlicht und sch\u00e4dlichen UV-Strahlen. Mit seiner einfachen Installation und seinen praktischen Funktionen sorgt dieser Sonnenschirm f\u00fcr ein komfortables und sicheres Fahrerlebnis f\u00fcr dich und deine Kinder. Einfache Installation und Nutzung Diese Sonnenblende ist f\u00fcr [&hellip;]<\/p>\n","protected":false},"featured_media":6954,"comment_status":"closed","ping_status":"closed","template":"","meta":{"_acf_changed":false,"_seopress_robots_primary_cat":"71","_seopress_titles_title":"Sonnencreme | Munchkin | FerryGut","_seopress_titles_desc":"Automatische Markise, 1-Knopf-Bedienung. Erh\u00e4ltlich bei FerryGut und mit einer 2-Jahres-Garantie. Bestelle es jetzt!  ","_seopress_robots_index":""},"product_brand":[],"product_cat":[2882,2917,2883],"product_tag":[],"brands":[5289],"channels":[],"class_list":{"0":"post-6953","1":"product","2":"type-product","3":"status-publish","4":"has-post-thumbnail","6":"product_cat-baby-kind","7":"product_cat-markisen","8":"product_cat-unterwegs","9":"brands-munchkin","11":"first","12":"outofstock","13":"taxable","14":"shipping-taxable","15":"purchasable","16":"product-type-simple"},"acf":[],"weight_unit":"kg","dimension_unit":"cm","packaging_unit":"St\u00fccke","country_of_origin":"China","weee_germany":"DE97744419","website_url":"https:\/\/ferrygut.com\/","verkoper":"FerryGut.com","postcode":"5048CD","telefoonnummer":"+31850000735","_links":{"self":[{"href":"https:\/\/ferrygut.com\/de\/wp-json\/wp\/v2\/product\/6953","targetHints":{"allow":["GET"]}}],"collection":[{"href":"https:\/\/ferrygut.com\/de\/wp-json\/wp\/v2\/product"}],"about":[{"href":"https:\/\/ferrygut.com\/de\/wp-json\/wp\/v2\/types\/product"}],"replies":[{"embeddable":true,"href":"https:\/\/ferrygut.com\/de\/wp-json\/wp\/v2\/comments?post=6953"}],"wp:featuredmedia":[{"embeddable":true,"href":"https:\/\/ferrygut.com\/de\/wp-json\/wp\/v2\/media\/6954"}],"wp:attachment":[{"href":"https:\/\/ferrygut.com\/de\/wp-json\/wp\/v2\/media?parent=6953"}],"wp:term":[{"taxonomy":"product_brand","embeddable":true,"href":"https:\/\/ferrygut.com\/de\/wp-json\/wp\/v2\/product_brand?post=6953"},{"taxonomy":"product_cat","embeddable":true,"href":"https:\/\/ferrygut.com\/de\/wp-json\/wp\/v2\/product_cat?post=6953"},{"taxonomy":"product_tag","embeddable":true,"href":"https:\/\/ferrygut.com\/de\/wp-json\/wp\/v2\/product_tag?post=6953"},{"taxonomy":"brands","embeddable":true,"href":"https:\/\/ferrygut.com\/de\/wp-json\/wp\/v2\/brands?post=6953"},{"taxonomy":"channels","embeddable":true,"href":"https:\/\/ferrygut.com\/de\/wp-json\/wp\/v2\/channels?post=6953"}],"curies":[{"name":"wp","href":"https:\/\/api.w.org\/{rel}","templated":true}]}}