{"id":6949,"date":"2024-02-14T13:24:48","date_gmt":"2024-02-14T12:24:48","guid":{"rendered":"https:\/\/ferrygut.com\/product\/munchkin-brica-stretch-to-fit-sunshade-dehnbarer-sonnenschirm\/"},"modified":"2025-04-28T16:40:17","modified_gmt":"2025-04-28T14:40:17","slug":"munchkin-brica-stretch-to-fit-sunshade-dehnbarer-sonnenschirm","status":"publish","type":"product","link":"https:\/\/ferrygut.com\/de\/produkt\/munchkin-brica-stretch-to-fit-sunshade-dehnbarer-sonnenschirm\/","title":{"rendered":"Munchkin Brica Stretch To Fit Sunshade &#8211; dehnbarer Sonnenschirm"},"content":{"rendered":"<p><span style=\"font-size: 14px;\">Der ausziehbare Sonnenschirm Stretch-to-Fit von Munchkin ist die perfekte L\u00f6sung, um deine Kleinen w\u00e4hrend der Autofahrt vor hellem Sonnenlicht und sch\u00e4dlichen UV-Strahlen zu sch\u00fctzen. Mit seinem einzigartigen, erweiterbaren Design passt dieser Sonnenschirm an praktisch jedes Autofenster und ist damit ein unverzichtbares Zubeh\u00f6r f\u00fcr Familien, die unterwegs sind. <\/span><\/p>\n<h5>Einfache Installation und Nutzung<\/h5>\n<p>Diese Markise wurde f\u00fcr eine m\u00fchelose Installation und einfache Nutzung entwickelt. Dank des Stretch-to-Fit-Designs passt die Scheibe auf die meisten Autoscheiben und l\u00e4sst sich schnell und ohne l\u00e4stige Saugn\u00e4pfe oder Clips befestigen. <\/p>\n<h5>Optimaler Schutz vor Sonnenlicht<\/h5>\n<p>Der Munchkin Stretch-to-Fit Sunshade ist aus hochwertigem Material mit einer speziellen UV-Schutzbeschichtung hergestellt. Dadurch werden sch\u00e4dliche UV-Strahlen effektiv abgehalten und ein angenehmes Fahrerlebnis auch an den sonnigsten Tagen gew\u00e4hrleistet. <\/p>\n<h5>Bequeme Bedienung<\/h5>\n<p>Diese Markise verf\u00fcgt \u00fcber eine praktische Aufrollvorrichtung, mit der du die Markise mit einer Hand bedienen kannst. So kannst du ganz einfach die Menge an Sonnenlicht steuern, die w\u00e4hrend der Fahrt ins Auto f\u00e4llt. <\/p>\n<h5>Nachhaltiges und sicheres Design<\/h5>\n<p>Der Munchkin Stretch-to-Fit Sunshade ist aus strapazierf\u00e4higem Material gefertigt, das dem t\u00e4glichen Gebrauch und l\u00e4ngerer Sonneneinstrahlung standh\u00e4lt. Au\u00dferdem erf\u00fcllt er strenge Sicherheitsstandards, damit du die Autofahrten mit deinem Kind unbesorgt genie\u00dfen kannst. <\/p>\n<h5>Kompakt und tragbar<\/h5>\n<p>Dank seiner kompakten Gr\u00f6\u00dfe und seines geringen Gewichts ist dieser Sonnenschirm leicht zu verstauen und zu transportieren. Egal, ob du auf eine lange Reise gehst oder nur eine kurze Fahrt machst, dieser Sonnenschirm bietet dir immer den Sonnenschutz, den du brauchst. <\/p>\n<h5>Wichtige Merkmale:<\/h5>\n<ul>\n<li>Einfache Installation mit Stretch-to-Fit-Design<\/li>\n<li>Effektiver Schutz vor UV-Strahlen und Sonnenlicht<\/li>\n<li>Bequemer Retraktor f\u00fcr einfache Bedienung<\/li>\n<li>Nachhaltiges und sicheres Design<\/li>\n<li>Kompakt und tragbar f\u00fcr den Komfort unterwegs<\/li>\n<li>\n<\/li>\n<\/ul>\n<p>Mit dem Munchkin Stretch-to-Fit Sunshade bist du f\u00fcr sonnige Autofahrten mit deinem Kleinen immer gut ger\u00fcstet. Genie\u00dfe maximalen Schutz und Komfort bei jeder Fahrt, dank dieses praktischen und zuverl\u00e4ssigen Sonnenschutzes. <\/p>\n","protected":false},"excerpt":{"rendered":"<p>Der ausziehbare Sonnenschirm Stretch-to-Fit von Munchkin ist die perfekte L\u00f6sung, um deine Kleinen w\u00e4hrend der Autofahrt vor hellem Sonnenlicht und sch\u00e4dlichen UV-Strahlen zu sch\u00fctzen. Mit seinem einzigartigen, erweiterbaren Design passt dieser Sonnenschirm an praktisch jedes Autofenster und ist damit ein unverzichtbares Zubeh\u00f6r f\u00fcr Familien, die unterwegs sind. Einfache Installation und Nutzung Diese Markise wurde f\u00fcr [&hellip;]<\/p>\n","protected":false},"featured_media":6950,"comment_status":"closed","ping_status":"closed","template":"","meta":{"_acf_changed":false,"_seopress_robots_primary_cat":"71","_seopress_titles_title":"Ausziehbarer Sonnenschirm | Munchkin | FerryGut","_seopress_titles_desc":"Optimaler Schutz im Auto mit dieser ausziehbaren Sonnenblende. Heute bestellt, morgen geliefert. Mit FerryGut entscheidest du selbst \u00fcber deinen Postzusteller.  ","_seopress_robots_index":""},"product_brand":[],"product_cat":[2882,2917,2883],"product_tag":[],"brands":[5289],"channels":[],"class_list":{"0":"post-6949","1":"product","2":"type-product","3":"status-publish","4":"has-post-thumbnail","6":"product_cat-baby-kind","7":"product_cat-markisen","8":"product_cat-unterwegs","9":"brands-munchkin","11":"first","12":"outofstock","13":"taxable","14":"shipping-taxable","15":"purchasable","16":"product-type-simple"},"acf":[],"weight_unit":"kg","dimension_unit":"cm","packaging_unit":"St\u00fccke","country_of_origin":"China","weee_germany":"DE97744419","website_url":"https:\/\/ferrygut.com\/","verkoper":"FerryGut.com","postcode":"5048CD","telefoonnummer":"+31850000735","_links":{"self":[{"href":"https:\/\/ferrygut.com\/de\/wp-json\/wp\/v2\/product\/6949","targetHints":{"allow":["GET"]}}],"collection":[{"href":"https:\/\/ferrygut.com\/de\/wp-json\/wp\/v2\/product"}],"about":[{"href":"https:\/\/ferrygut.com\/de\/wp-json\/wp\/v2\/types\/product"}],"replies":[{"embeddable":true,"href":"https:\/\/ferrygut.com\/de\/wp-json\/wp\/v2\/comments?post=6949"}],"wp:featuredmedia":[{"embeddable":true,"href":"https:\/\/ferrygut.com\/de\/wp-json\/wp\/v2\/media\/6950"}],"wp:attachment":[{"href":"https:\/\/ferrygut.com\/de\/wp-json\/wp\/v2\/media?parent=6949"}],"wp:term":[{"taxonomy":"product_brand","embeddable":true,"href":"https:\/\/ferrygut.com\/de\/wp-json\/wp\/v2\/product_brand?post=6949"},{"taxonomy":"product_cat","embeddable":true,"href":"https:\/\/ferrygut.com\/de\/wp-json\/wp\/v2\/product_cat?post=6949"},{"taxonomy":"product_tag","embeddable":true,"href":"https:\/\/ferrygut.com\/de\/wp-json\/wp\/v2\/product_tag?post=6949"},{"taxonomy":"brands","embeddable":true,"href":"https:\/\/ferrygut.com\/de\/wp-json\/wp\/v2\/brands?post=6949"},{"taxonomy":"channels","embeddable":true,"href":"https:\/\/ferrygut.com\/de\/wp-json\/wp\/v2\/channels?post=6949"}],"curies":[{"name":"wp","href":"https:\/\/api.w.org\/{rel}","templated":true}]}}