{"id":6938,"date":"2024-02-14T13:30:50","date_gmt":"2024-02-14T12:30:50","guid":{"rendered":"https:\/\/ferrygut.com\/product\/luvego-1-pack-vakuumbeutelmatratze\/"},"modified":"2025-12-03T09:59:03","modified_gmt":"2025-12-03T08:59:03","slug":"luvego-1-pack-vakuumbeutelmatratze","status":"publish","type":"product","link":"https:\/\/ferrygut.com\/de\/produkt\/luvego-1-pack-vakuumbeutelmatratze\/","title":{"rendered":"Luvego &#8211; 1-Pack Matratzen-Staubsaugerbeutel 240x130CM"},"content":{"rendered":"<p>Ziehst du bald um, ist deine Matratze im Weg oder willst du einfach nur Platz sparen? Dann ist ein Vakuumbeutel f\u00fcr deine Matratze die L\u00f6sung? Mit diesem gigantischen Staubsauger von 240x130cm kannst du ganz einfach eine Matratze oder z.B. viele Kissen vakuumieren. Das spart bis zu 80% an Platz! Au\u00dferdem hast du den Vorteil, dass du nicht von Staub, Motten, Silberflaum, Feuchtigkeit und \u00c4hnlichem bel\u00e4stigt wirst.    <\/p>\n<h4>Das Luvego Vakuumbeutel-Set besteht aus:<\/h4>\n<ul>\n<li>1x Vakuumbeutel f\u00fcr Matratze (240x130CM)<\/li>\n<\/ul>\n<h4>Vorteile des 1er-Packs Vakuum-Matratzenbeutel<\/h4>\n<ul>\n<li>Bis zu 80% Platz sparen<\/li>\n<li>Keine Probleme mit Staub, Motten, Feuchtigkeit und Ger\u00fcchen<\/li>\n<li>Geeignet f\u00fcr die langfristige Lagerung deiner Matratze<\/li>\n<li>Wiederverwendbarer und rei\u00dffester Vakuumbeutel<\/li>\n<\/ul>\n<h3><strong>Matratzenlager:<br \/>\n<\/strong><\/h3>\n<p>Vakuumbeutel sind normalerweise dazu da, um Platz zu sparen.<br \/>\nMit dem Matratzen-Vakuumbeutel kannst du aber auch einen Vakuumbeutel verwenden, um die Matratze sauber zu lagern oder sie zum Beispiel bei einem Umzug verpackt zu transportieren.<br \/>\nWenn du den Matratzensack beim Transport verwendest, beachte, dass L\u00f6cher entstehen k\u00f6nnen, wenn der Sack z. B. \u00fcber den Boden geschleift wird.  <\/p>\n<h3><strong>Extrastarker Vakuum-Matratzenbeutel<\/strong><\/h3>\n<p>Der Staubsaugerbeutel kann mehrmals f\u00fcr l\u00e4ngere Zeitr\u00e4ume verwendet werden.<br \/>\nMit einer Dicke von 100 Mikrometern ist dieser Aufbewahrungsbeutel etwas dicker als ein normaler Vakuumbeutel.<br \/>\nDank des dickeren Kunststoffs ist diese Tasche au\u00dferdem besonders rei\u00dffest und h\u00e4lt l\u00e4nger.  <\/p>\n<h3><strong>Keine Probleme mit Staub, Motten und unangenehmen Ger\u00fcchen mit diesem Staubsaugerbeutel<\/strong><\/h3>\n<p>Der Vakuumsack (240x130CM) ist aus robustem Kunststoff gefertigt, der den Aufbewahrungsbeutel vollst\u00e4ndig vakuumiert.<br \/>\nAu\u00dferdem ist die Tasche feuchtigkeitsresistent und dank des robusten Kunststoffs geh\u00f6ren Taschenrisse der Vergangenheit an.<br \/>\nStaubsaugerbeutel lassen sich am besten und schnellsten mit einem Staubsauger aufsaugen.  <\/p>\n<h3><strong>So funktioniert der Matratzen-Vakuumbeutel von Luvego:<\/strong><\/h3>\n<p>\u00d6ffne den Vakuumbeutel und f\u00fclle ihn mit einer Matratze oder Kleidung, Kissen, Decken und anderen Textilien.<br \/>\nVerschlie\u00dfe den Streifen dann mit dem mitgelieferten Clip oder mit deinen Fingern, damit keine Luft mehr aus dem Vakuumbeutel durch den Streifen entweichen kann.<br \/>\nDann schraubst du die Vakuumkappe ab und schlie\u00dft einen Staubsauger oder eine Luftpumpe mit Vakuumsaugfunktion an.<br \/>\nVakuumiere den Beutel; w\u00e4hrend des Vakuumierens kannst du den Beutel noch ein wenig nach deinem Geschmack formen.    Wenn der Beutel vollst\u00e4ndig vakuumiert ist, kann der Deckel wieder aufgeschraubt werden. Dann kannst du die vakuumverpackte Matratze lagern. M\u00f6chtest du lieber eine etwas ausf\u00fchrlichere Erkl\u00e4rung, wie <a href=\"https:\/\/ferrygut.com\/de\/blog\/matratzen-vakuumbeutel-verwenden\/\">man einen Vakuumbeutel verwendet<\/a>? Dann lies den Blog!   <\/p>\n<h4>Aufbewahrungstaschen f\u00fcr jeden Bedarf<\/h4>\n<p>Neben den praktischen Vakuumbeuteln f\u00fcr Matratzen bietet Luvego auch eine gro\u00dfe Auswahl an <a href=\"https:\/\/ferrygut.com\/de\/produkt-kategorie\/camping\/vakuumbeutel\/vakuum-aufbewahrungsbeutel\/\">Vakuumbeuteln<\/a> f\u00fcr Kleidung, Decken und andere Textilien. Sie sind in verschiedenen Sets erh\u00e4ltlich, z. B. als 2er-, 6er-, 8er-, 10er-, 13er-Pack und sogar als ger\u00e4umiges 22er-Pack. Die gr\u00f6\u00dferen <a href=\"https:\/\/ferrygut.com\/de\/produkt\/luvego-13er-pack-staubsaugerbeutel\/\">13er-<\/a> und <a href=\"https:\/\/ferrygut.com\/de\/produkt\/luvego-22er-pack-staubsaugerbeutel\/\">22er-Packungen<\/a> werden au\u00dferdem mit einer kleinen Vakuumpumpe geliefert, mit der du die Beutel schnell und einfach vakuumieren kannst. Egal, ob du kleine oder gro\u00dfe Mengen an Kleidung aufbewahren willst, es gibt immer eine passende L\u00f6sung f\u00fcr deinen Lagerbedarf.<\/p>\n","protected":false},"excerpt":{"rendered":"<p>Ziehst du bald um, ist deine Matratze im Weg oder willst du einfach nur Platz sparen? Dann ist ein Vakuumbeutel f\u00fcr deine Matratze die L\u00f6sung? Mit diesem gigantischen Staubsauger von 240x130cm kannst du ganz einfach eine Matratze oder z.B. viele Kissen vakuumieren. Das spart bis zu 80% an Platz! Au\u00dferdem hast du den Vorteil, dass [&hellip;]<\/p>\n","protected":false},"featured_media":20897,"comment_status":"closed","ping_status":"closed","template":"","meta":{"_acf_changed":false,"_seopress_robots_primary_cat":"521","_seopress_titles_title":"Vakuumbeutel f\u00fcr Matratzen | 240x130CM | 1-Pack | Luvego","_seopress_titles_desc":"Ein Staubsaugerbeutel, in dem du deine Matratze staub-, motten- und feuchtigkeitsfrei aufbewahren kannst. Geeignet f\u00fcr die Aufbewahrung einer einzelnen Matratze. ","_seopress_robots_index":""},"product_brand":[],"product_cat":[2904,2914,2916,2915],"product_tag":[],"brands":[5271],"channels":[],"class_list":{"0":"post-6938","1":"product","2":"type-product","3":"status-publish","4":"has-post-thumbnail","6":"product_cat-camping","7":"product_cat-haushalt","8":"product_cat-vakuum-matratzenbeutel","9":"product_cat-vakuumbeutel","10":"brands-luvego","12":"first","13":"outofstock","14":"sale","15":"taxable","16":"shipping-taxable","17":"purchasable","18":"product-type-simple"},"acf":[],"weight_unit":"kg","dimension_unit":"cm","packaging_unit":"St\u00fccke","country_of_origin":"China","weee_germany":"DE97744419","website_url":"https:\/\/ferrygut.com\/","verkoper":"FerryGut.com","postcode":"5048CD","telefoonnummer":"+31850000735","_links":{"self":[{"href":"https:\/\/ferrygut.com\/de\/wp-json\/wp\/v2\/product\/6938","targetHints":{"allow":["GET"]}}],"collection":[{"href":"https:\/\/ferrygut.com\/de\/wp-json\/wp\/v2\/product"}],"about":[{"href":"https:\/\/ferrygut.com\/de\/wp-json\/wp\/v2\/types\/product"}],"replies":[{"embeddable":true,"href":"https:\/\/ferrygut.com\/de\/wp-json\/wp\/v2\/comments?post=6938"}],"wp:featuredmedia":[{"embeddable":true,"href":"https:\/\/ferrygut.com\/de\/wp-json\/wp\/v2\/media\/20897"}],"wp:attachment":[{"href":"https:\/\/ferrygut.com\/de\/wp-json\/wp\/v2\/media?parent=6938"}],"wp:term":[{"taxonomy":"product_brand","embeddable":true,"href":"https:\/\/ferrygut.com\/de\/wp-json\/wp\/v2\/product_brand?post=6938"},{"taxonomy":"product_cat","embeddable":true,"href":"https:\/\/ferrygut.com\/de\/wp-json\/wp\/v2\/product_cat?post=6938"},{"taxonomy":"product_tag","embeddable":true,"href":"https:\/\/ferrygut.com\/de\/wp-json\/wp\/v2\/product_tag?post=6938"},{"taxonomy":"brands","embeddable":true,"href":"https:\/\/ferrygut.com\/de\/wp-json\/wp\/v2\/brands?post=6938"},{"taxonomy":"channels","embeddable":true,"href":"https:\/\/ferrygut.com\/de\/wp-json\/wp\/v2\/channels?post=6938"}],"curies":[{"name":"wp","href":"https:\/\/api.w.org\/{rel}","templated":true}]}}