{"id":6929,"date":"2024-02-14T13:32:41","date_gmt":"2024-02-14T12:32:41","guid":{"rendered":"https:\/\/ferrygut.com\/product\/munchkin-dual-sight-mirror-autospiegel\/"},"modified":"2025-04-28T15:53:44","modified_gmt":"2025-04-28T13:53:44","slug":"munchkin-dual-sight-mirror-autospiegel","status":"publish","type":"product","link":"https:\/\/ferrygut.com\/de\/produkt\/munchkin-dual-sight-mirror-autospiegel\/","title":{"rendered":"Munchkin Dual Sight Mirror &#8211; Autospiegel"},"content":{"rendered":"<p>Mit dem Munchkin Brica Dual Sight Car Mirror kannst du dein Kind w\u00e4hrend der Autofahrt ganz einfach im Auge behalten. Dieser praktische Autospiegel sorgt f\u00fcr eine klare Sicht auf dein Baby, damit du als Elternteil beruhigt auf die Stra\u00dfe gehen kannst. <\/p>\n<h4>360-Grad-Verstellbarkeit f\u00fcr optimale Sicht<\/h4>\n<p>Dieser Autospiegel l\u00e4sst sich um 360 Grad verstellen, sodass du die perfekte Sicht auf dein Baby auf dem R\u00fccksitz einstellen kannst. So kannst du dein Kind immer im Auge behalten, ohne den Kopf drehen zu m\u00fcssen. <\/p>\n<h4>Doppelseitiges Design f\u00fcr flexiblen Einsatz<\/h4>\n<p>Der Munchkin Brica Dual Sight Mirror hat ein einzigartiges doppelseitiges Design, bei dem du zwischen einem konvexen und einem flachen Spiegel w\u00e4hlen kannst. Die konvexe Seite bietet einen weiten Blick auf dein Baby, w\u00e4hrend die flache Seite ein genaueres Bild liefert. <\/p>\n<h4>Einfache Installation und sichere Befestigung<\/h4>\n<p>Der Autospiegel l\u00e4sst sich mit den verstellbaren Gurten, die sicher an der Kopfst\u00fctze des R\u00fccksitzes befestigt werden, leicht anbringen. Dank der stabilen Halterung bleibt der Spiegel auch bei holprigen Autofahrten sicher an seinem Platz. <\/p>\n<h4>Bruchsicheres Material f\u00fcr zus\u00e4tzliche Sicherheit<\/h4>\n<p>Der Munchkin Brica Dual Sight Mirror ist aus bruchsicherem Material gefertigt und kann daher sicher im Auto verwendet werden. Selbst im Falle eines Unfalls bleibt der Spiegel ganz und minimiert das Verletzungsrisiko. <\/p>\n<h4>Kompakt und tragbar f\u00fcr unterwegs<\/h4>\n<p>Dank seiner kompakten Gr\u00f6\u00dfe und seines geringen Gewichts ist dieser Autospiegel leicht zu transportieren. Egal, ob du eine lange Reise unternimmst oder nur eine schnelle Besorgung machst, du hast immer die M\u00f6glichkeit, ein Auge auf dein Kind zu werfen. <\/p>\n<h4>Wichtige Merkmale:<\/h4>\n<ul>\n<li>360-Grad-Verstellbarkeit f\u00fcr optimale Sicht<\/li>\n<li>Doppelseitiges Design f\u00fcr flexiblen Einsatz<\/li>\n<li>Einfache Installation mit sicherer Befestigung<\/li>\n<li>Bruchsicheres Material f\u00fcr zus\u00e4tzliche Sicherheit<\/li>\n<li>Kompakt und tragbar f\u00fcr den Komfort unterwegs<\/li>\n<\/ul>\n<p>Mit dem Munchkin Brica Dual Sight Mirror musst du dich nicht mehr um das Wohlbefinden deines Kindes w\u00e4hrend der Autofahrt sorgen. Behalte dein Baby einfach im Auge und genie\u00dfe bei jeder Fahrt die Ruhe. <\/p>\n","protected":false},"excerpt":{"rendered":"<p>Mit dem Munchkin Brica Dual Sight Car Mirror kannst du dein Kind w\u00e4hrend der Autofahrt ganz einfach im Auge behalten. Dieser praktische Autospiegel sorgt f\u00fcr eine klare Sicht auf dein Baby, damit du als Elternteil beruhigt auf die Stra\u00dfe gehen kannst. 360-Grad-Verstellbarkeit f\u00fcr optimale Sicht Dieser Autospiegel l\u00e4sst sich um 360 Grad verstellen, sodass du [&hellip;]<\/p>\n","protected":false},"featured_media":6930,"comment_status":"closed","ping_status":"closed","template":"","meta":{"_acf_changed":false,"_seopress_robots_primary_cat":"72","_seopress_titles_title":"Autospiegel | Munchkin | FerryGut","_seopress_titles_desc":"360-Grad-verstellbarer Autospiegel aus bruchsicherem Material. Jetzt bestellen, morgen zu Hause.  Mit FerryGut zahlst du keine Lieferkosten.","_seopress_robots_index":""},"product_brand":[],"product_cat":[2913,2882,2883],"product_tag":[],"brands":[5289],"channels":[],"class_list":{"0":"post-6929","1":"product","2":"type-product","3":"status-publish","4":"has-post-thumbnail","6":"product_cat-autospiegel","7":"product_cat-baby-kind","8":"product_cat-unterwegs","9":"brands-munchkin","11":"first","12":"instock","13":"taxable","14":"shipping-taxable","15":"purchasable","16":"product-type-simple"},"acf":[],"weight_unit":"kg","dimension_unit":"cm","packaging_unit":"St\u00fccke","country_of_origin":"China","weee_germany":"DE97744419","website_url":"https:\/\/ferrygut.com\/","verkoper":"FerryGut.com","postcode":"5048CD","telefoonnummer":"+31850000735","_links":{"self":[{"href":"https:\/\/ferrygut.com\/de\/wp-json\/wp\/v2\/product\/6929","targetHints":{"allow":["GET"]}}],"collection":[{"href":"https:\/\/ferrygut.com\/de\/wp-json\/wp\/v2\/product"}],"about":[{"href":"https:\/\/ferrygut.com\/de\/wp-json\/wp\/v2\/types\/product"}],"replies":[{"embeddable":true,"href":"https:\/\/ferrygut.com\/de\/wp-json\/wp\/v2\/comments?post=6929"}],"wp:featuredmedia":[{"embeddable":true,"href":"https:\/\/ferrygut.com\/de\/wp-json\/wp\/v2\/media\/6930"}],"wp:attachment":[{"href":"https:\/\/ferrygut.com\/de\/wp-json\/wp\/v2\/media?parent=6929"}],"wp:term":[{"taxonomy":"product_brand","embeddable":true,"href":"https:\/\/ferrygut.com\/de\/wp-json\/wp\/v2\/product_brand?post=6929"},{"taxonomy":"product_cat","embeddable":true,"href":"https:\/\/ferrygut.com\/de\/wp-json\/wp\/v2\/product_cat?post=6929"},{"taxonomy":"product_tag","embeddable":true,"href":"https:\/\/ferrygut.com\/de\/wp-json\/wp\/v2\/product_tag?post=6929"},{"taxonomy":"brands","embeddable":true,"href":"https:\/\/ferrygut.com\/de\/wp-json\/wp\/v2\/brands?post=6929"},{"taxonomy":"channels","embeddable":true,"href":"https:\/\/ferrygut.com\/de\/wp-json\/wp\/v2\/channels?post=6929"}],"curies":[{"name":"wp","href":"https:\/\/api.w.org\/{rel}","templated":true}]}}