{"id":6913,"date":"2024-02-14T14:09:56","date_gmt":"2024-02-14T13:09:56","guid":{"rendered":"https:\/\/ferrygut.com\/product\/munchkin-2-deluxe-kick-mats-sitzschoner-fur-das-auto\/"},"modified":"2025-04-29T09:27:18","modified_gmt":"2025-04-29T07:27:18","slug":"munchkin-2-deluxe-kick-mats-sitzschoner-fur-das-auto","status":"publish","type":"product","link":"https:\/\/ferrygut.com\/de\/produkt\/munchkin-2-deluxe-kick-mats-sitzschoner-fur-das-auto\/","title":{"rendered":"Munchkin 2 Deluxe Kick Mats &#8211; Sitzschoner f\u00fcr das Auto"},"content":{"rendered":"<p>Die Luxe Kick Mats 2 Sitzschoner halten die R\u00fcckseite deiner Autositze sauber und organisiert. Diese praktischen Protektoren verhindern, dass Schmutz, Schlamm, Kratzer und Dreck die Polsterung deines Autos besch\u00e4digen und sorgen daf\u00fcr, dass dein Auto l\u00e4nger wie neu aussieht. <\/p>\n<h5>Hochwertiges und langlebiges Material<\/h5>\n<p>Diese Vordersitzschoner sind aus hochwertigem und strapazierf\u00e4higem Material gefertigt, das dem t\u00e4glichen Gebrauch und der langfristigen Belastung durch Schmutz und Abnutzung standh\u00e4lt. Sie sind so konzipiert, dass sie lange halten und deine Autositze vor Sch\u00e4den sch\u00fctzen. <\/p>\n<h5>Einfache Installation und universelle Passform<\/h5>\n<p>Die Luxe Kick Mats 2 sind einfach zu installieren und passen auf die meisten Autositze. Mit den verstellbaren Riemen und Schnallen kannst du die Protektoren sicher an den Kopfst\u00fctzen der Vordersitze befestigen, damit sie w\u00e4hrend der Fahrt fest an ihrem Platz bleiben. <\/p>\n<h5>Praktische Aufbewahrungsf\u00e4cher<\/h5>\n<p>Diese Vordersitzschoner sch\u00fctzen nicht nur deine Autositze, sondern bieten auch praktische Stauf\u00e4cher, in denen du kleine Gegenst\u00e4nde wie Spielzeug, Snacks, Wasserflaschen und andere wichtige Dinge f\u00fcr unterwegs aufbewahren kannst. So hast du alles in Reichweite, wenn du mit dem Auto unterwegs bist. <\/p>\n<h5>Leicht zu reinigen<\/h5>\n<p>Dank des wasserfesten und abwaschbaren Materials sind die Luxe Kick Mats 2 leicht zu reinigen. Du kannst sie einfach mit einem feuchten Tuch abwischen oder bei Bedarf von Hand waschen, damit sie immer sauber und frisch bleiben. <\/p>\n<h5>Elegantes und funktionales Design<\/h5>\n<p>Mit ihrem stilvollen und funktionalen Design passen die Luxe Kick Mats 2 perfekt in jeden Autoinnenraum. Egal ob du ein Familienauto, einen SUV oder eine Limousine hast, diese Vordersitzschoner verleihen deinem Auto einen Hauch von Eleganz und bieten gleichzeitig optimalen Schutz. <\/p>\n<h5>Wichtige Merkmale:<\/h5>\n<ul>\n<li>Hochwertiges und langlebiges Material<\/li>\n<li>Einfache Installation mit universeller Passform<\/li>\n<li>Praktische Aufbewahrungsf\u00e4cher f\u00fcr kleine Gegenst\u00e4nde<\/li>\n<li>Leicht zu reinigen und zu pflegen<\/li>\n<li>Elegantes und funktionales Design<\/li>\n<\/ul>\n<p>Mit den Luxe Kick Mats 2 Vordersitzsch\u00fctzern genie\u00dft du einen sauberen, organisierten und stilvollen Autoinnenraum und sch\u00fctzt gleichzeitig deine Autositze vor Schmutz und Sch\u00e4den.<\/p>\n","protected":false},"excerpt":{"rendered":"<p>Die Luxe Kick Mats 2 Sitzschoner halten die R\u00fcckseite deiner Autositze sauber und organisiert. Diese praktischen Protektoren verhindern, dass Schmutz, Schlamm, Kratzer und Dreck die Polsterung deines Autos besch\u00e4digen und sorgen daf\u00fcr, dass dein Auto l\u00e4nger wie neu aussieht. Hochwertiges und langlebiges Material Diese Vordersitzschoner sind aus hochwertigem und strapazierf\u00e4higem Material gefertigt, das dem t\u00e4glichen [&hellip;]<\/p>\n","protected":false},"featured_media":6914,"comment_status":"closed","ping_status":"closed","template":"","meta":{"_acf_changed":false,"_seopress_robots_primary_cat":"65","_seopress_titles_title":"Sitzschoner f\u00fcr das Auto | Munchkin | FerryGut","_seopress_titles_desc":"Deluxe Sitzschoner aus wasserabweisendem und waschbarem Material. Online kaufen, am n\u00e4chsten Tag erhalten. Bei FerryGut zahlst du keine Versandkosten.  ","_seopress_robots_index":""},"product_brand":[],"product_cat":[2882,2899,2912],"product_tag":[],"brands":[5289],"channels":[],"class_list":{"0":"post-6913","1":"product","2":"type-product","3":"status-publish","4":"has-post-thumbnail","6":"product_cat-baby-kind","7":"product_cat-sicherheit","8":"product_cat-stuhlschutz","9":"brands-munchkin","11":"first","12":"outofstock","13":"taxable","14":"shipping-taxable","15":"purchasable","16":"product-type-simple"},"acf":[],"weight_unit":"kg","dimension_unit":"cm","packaging_unit":"St\u00fccke","country_of_origin":"China","weee_germany":"DE97744419","website_url":"https:\/\/ferrygut.com\/","verkoper":"FerryGut.com","postcode":"5048CD","telefoonnummer":"+31850000735","_links":{"self":[{"href":"https:\/\/ferrygut.com\/de\/wp-json\/wp\/v2\/product\/6913","targetHints":{"allow":["GET"]}}],"collection":[{"href":"https:\/\/ferrygut.com\/de\/wp-json\/wp\/v2\/product"}],"about":[{"href":"https:\/\/ferrygut.com\/de\/wp-json\/wp\/v2\/types\/product"}],"replies":[{"embeddable":true,"href":"https:\/\/ferrygut.com\/de\/wp-json\/wp\/v2\/comments?post=6913"}],"wp:featuredmedia":[{"embeddable":true,"href":"https:\/\/ferrygut.com\/de\/wp-json\/wp\/v2\/media\/6914"}],"wp:attachment":[{"href":"https:\/\/ferrygut.com\/de\/wp-json\/wp\/v2\/media?parent=6913"}],"wp:term":[{"taxonomy":"product_brand","embeddable":true,"href":"https:\/\/ferrygut.com\/de\/wp-json\/wp\/v2\/product_brand?post=6913"},{"taxonomy":"product_cat","embeddable":true,"href":"https:\/\/ferrygut.com\/de\/wp-json\/wp\/v2\/product_cat?post=6913"},{"taxonomy":"product_tag","embeddable":true,"href":"https:\/\/ferrygut.com\/de\/wp-json\/wp\/v2\/product_tag?post=6913"},{"taxonomy":"brands","embeddable":true,"href":"https:\/\/ferrygut.com\/de\/wp-json\/wp\/v2\/brands?post=6913"},{"taxonomy":"channels","embeddable":true,"href":"https:\/\/ferrygut.com\/de\/wp-json\/wp\/v2\/channels?post=6913"}],"curies":[{"name":"wp","href":"https:\/\/api.w.org\/{rel}","templated":true}]}}