{"id":6903,"date":"2024-02-22T14:28:20","date_gmt":"2024-02-22T13:28:20","guid":{"rendered":"https:\/\/ferrygut.com\/product\/munchkin-splash-toddler-besteck-set-blau\/"},"modified":"2025-04-28T13:30:27","modified_gmt":"2025-04-28T11:30:27","slug":"munchkin-splash-toddler-besteck-set-blau","status":"publish","type":"product","link":"https:\/\/ferrygut.com\/de\/produkt\/munchkin-splash-toddler-besteck-set-blau\/","title":{"rendered":"Munchkin &#8211; Splash toddler &#8211; Besteck-Set &#8211; Blau"},"content":{"rendered":"<p><span style=\"font-size: 14px;\">Stell dir vor, dein Kleinkind sitzt stolz mit seinem eigenen farbenfrohen Besteckset am Tisch und ist bereit, seine Lieblingsmahlzeit wie ein gro\u00dfer Junge oder ein gro\u00dfes M\u00e4dchen zu verschlingen. Wir bei FerryGut wissen, wie wichtig es ist, dass Kinder lernen, selbstst\u00e4ndig zu essen. Deshalb haben wir ein Besteckset f\u00fcr Kleinkinder entwickelt, das perfekt auf ihre Bed\u00fcrfnisse zugeschnitten ist. <\/span><\/p>\n<h5>Entdecke die bunte Welt des unabh\u00e4ngigen Essens<\/h5>\n<p>Kinder lieben es zu imitieren, besonders wenn es um Aktivit\u00e4ten von Erwachsenen geht, wie z.B. das Essen am Esstisch. Mit unserem farbenfrohen Kleinkinderbesteck k\u00f6nnen sie jetzt ihre Mahlzeiten wie richtige gro\u00dfe Leute genie\u00dfen.<\/p>\n<h5>Besteckset mit praktischen Griffen<\/h5>\n<p>Unser farbenfrohes Besteckset f\u00fcr Kleinkinder enth\u00e4lt eine Gabel, ein Messer und einen L\u00f6ffel, alle in Kleinkindgr\u00f6\u00dfe und mit Griffen, die das Greifen erleichtern. So kann dein Kleinkind m\u00fchelos essen, ohne sich Sorgen machen zu m\u00fcssen, dass das Besteck verrutscht. Au\u00dferdem macht das flache Design des Bestecks das Aufnehmen von Lebensmitteln zu einem Kinderspiel und erfordert nur wenig Kraftaufwand.  <\/p>\n<h5>Sicherheit geht vor<\/h5>\n<p>Sicherheit hat f\u00fcr uns oberste Priorit\u00e4t, deshalb haben wir daf\u00fcr gesorgt, dass unser Besteck kinderfreundlich ist. Die Messerkante ist sicher f\u00fcr Kinderh\u00e4nde, so dass Eltern sich keine Sorgen um scharfe Kanten machen m\u00fcssen. Au\u00dferdem ist unser Kleinkinderbesteck sp\u00fclmaschinenfest, was die Reinigung zum Kinderspiel macht.  <\/p>\n<p>Unser Kleinkind-Besteck ist f\u00fcr Kinder ab 18 Monaten geeignet. Es ist eine gro\u00dfartige M\u00f6glichkeit, Kleinkindern zu helfen, Selbstst\u00e4ndigkeit zu entwickeln und sie Mahlzeiten wie richtige gro\u00dfe Menschen genie\u00dfen zu lassen. Worauf wartest du also noch? Mit dem farbenfrohen Kleinkinderbesteck von FerryGut kannst du deinem Kind den Start in die Welt des selbstst\u00e4ndigen Essens erleichtern!<\/p>\n","protected":false},"excerpt":{"rendered":"<p>Stell dir vor, dein Kleinkind sitzt stolz mit seinem eigenen farbenfrohen Besteckset am Tisch und ist bereit, seine Lieblingsmahlzeit wie ein gro\u00dfer Junge oder ein gro\u00dfes M\u00e4dchen zu verschlingen. Wir bei FerryGut wissen, wie wichtig es ist, dass Kinder lernen, selbstst\u00e4ndig zu essen. Deshalb haben wir ein Besteckset f\u00fcr Kleinkinder entwickelt, das perfekt auf ihre [&hellip;]<\/p>\n","protected":false},"featured_media":6904,"comment_status":"closed","ping_status":"closed","template":"","meta":{"_acf_changed":false,"_seopress_robots_primary_cat":"556","_seopress_titles_title":"Munchkin | Kinderbesteck-Set | Blau | FerryGut","_seopress_titles_desc":"Kinderbesteck zum Erlernen des selbstst\u00e4ndigen Essens. Vor 22:00 Uhr bestellt, morgen geliefert. Bei FerryGut hast du die Wahl zwischen verschiedenen Farben.  ","_seopress_robots_index":""},"product_brand":[],"product_cat":[2882,2898,2895],"product_tag":[],"brands":[5289],"channels":[],"class_list":{"0":"post-6903","1":"product","2":"type-product","3":"status-publish","4":"has-post-thumbnail","6":"product_cat-baby-kind","7":"product_cat-besteck","8":"product_cat-essen-und-trinken","9":"brands-munchkin","11":"first","12":"outofstock","13":"taxable","14":"shipping-taxable","15":"purchasable","16":"product-type-simple"},"acf":[],"weight_unit":"kg","dimension_unit":"cm","packaging_unit":"St\u00fccke","country_of_origin":"China","weee_germany":"DE97744419","website_url":"https:\/\/ferrygut.com\/","verkoper":"FerryGut.com","postcode":"5048CD","telefoonnummer":"+31850000735","_links":{"self":[{"href":"https:\/\/ferrygut.com\/de\/wp-json\/wp\/v2\/product\/6903","targetHints":{"allow":["GET"]}}],"collection":[{"href":"https:\/\/ferrygut.com\/de\/wp-json\/wp\/v2\/product"}],"about":[{"href":"https:\/\/ferrygut.com\/de\/wp-json\/wp\/v2\/types\/product"}],"replies":[{"embeddable":true,"href":"https:\/\/ferrygut.com\/de\/wp-json\/wp\/v2\/comments?post=6903"}],"wp:featuredmedia":[{"embeddable":true,"href":"https:\/\/ferrygut.com\/de\/wp-json\/wp\/v2\/media\/6904"}],"wp:attachment":[{"href":"https:\/\/ferrygut.com\/de\/wp-json\/wp\/v2\/media?parent=6903"}],"wp:term":[{"taxonomy":"product_brand","embeddable":true,"href":"https:\/\/ferrygut.com\/de\/wp-json\/wp\/v2\/product_brand?post=6903"},{"taxonomy":"product_cat","embeddable":true,"href":"https:\/\/ferrygut.com\/de\/wp-json\/wp\/v2\/product_cat?post=6903"},{"taxonomy":"product_tag","embeddable":true,"href":"https:\/\/ferrygut.com\/de\/wp-json\/wp\/v2\/product_tag?post=6903"},{"taxonomy":"brands","embeddable":true,"href":"https:\/\/ferrygut.com\/de\/wp-json\/wp\/v2\/brands?post=6903"},{"taxonomy":"channels","embeddable":true,"href":"https:\/\/ferrygut.com\/de\/wp-json\/wp\/v2\/channels?post=6903"}],"curies":[{"name":"wp","href":"https:\/\/api.w.org\/{rel}","templated":true}]}}