{"id":6821,"date":"2024-03-07T09:46:39","date_gmt":"2024-03-07T08:46:39","guid":{"rendered":"https:\/\/ferrygut.com\/product\/munchkin-flaschenbuerste-blau\/"},"modified":"2025-04-29T09:17:04","modified_gmt":"2025-04-29T07:17:04","slug":"munchkin-flaschenbuerste-blau","status":"publish","type":"product","link":"https:\/\/ferrygut.com\/de\/produkt\/munchkin-flaschenbuerste-blau\/","title":{"rendered":"Munchkin &#8211; Flaschenb\u00fcrste blau"},"content":{"rendered":"<p>Suchst du eine Flaschenb\u00fcrste, die wirklich einen Unterschied macht? Das ist die Munchkin Flaschenb\u00fcrste in Blau! Warum sollte eine Flaschenb\u00fcrste gew\u00f6hnlich sein? Wir haben das Spiel mit einem revolution\u00e4ren Design ver\u00e4ndert, das nicht nur funktional, sondern auch stilvoll und praktisch ist. Unsere B\u00fcrste steht dank ihres starken Saugfu\u00dfes aufrecht, so dass sie immer einsatzbereit ist und Bakterien ferngehalten werden.    <\/p>\n<h4>2-in-1-Funktionalit\u00e4t: Nippelb\u00fcrste im Griff versteckt<\/h4>\n<p>Mit ihrer einzigartigen, strukturierten Gummibeschichtung ist diese B\u00fcrste perfekt f\u00fcr die Reinigung von schwer zug\u00e4nglichen Bereichen, in denen sich Keime gerne verstecken. Aber das ist noch nicht alles! Im Griff versteckt findest du unsere 2-in-1 Nuckelb\u00fcrste, damit du immer alles dabei hast, was du f\u00fcr eine gr\u00fcndliche Reinigung brauchst.Langlebig  <\/p>\n<h4>Borsten und rutschfester Gummigriff<\/h4>\n<p>Das patentierte Design der Munchkin Flaschenb\u00fcrste macht die Reinigung von Standardflaschen, Weithalsflaschen und sogar S-Flaschen zu einem Kinderspiel. Die strapazierf\u00e4higen Borsten sorgen daf\u00fcr, dass du alles gr\u00fcndlich und ohne viel Aufhebens reinigen kannst. Und mit dem gummierten, rutschfesten Griff liegt die B\u00fcrste gut in der Hand, auch wenn du sie mit einer Hand benutzt.  <\/p>\n<h4>Geeignet f\u00fcr alle Arten von Flaschen<\/h4>\n<p>Dank des starken Saugfu\u00dfes bleibt die B\u00fcrste auf der Arbeitsplatte aufrecht stehen, so dass sie immer in Reichweite ist und gleichzeitig vor Bakterien gesch\u00fctzt wird. Und obendrein ist diese Flaschenb\u00fcrste auch noch sp\u00fclmaschinenfest &#8211; f\u00fcr eine schnelle und einfache Reinigung stellst du sie einfach in das obere Fach. <\/p>\n<h4>Hygiene an erster Stelle: Starker Saugfu\u00df und Sp\u00fclmaschinenbest\u00e4ndigkeit<\/h4>\n<p>Entscheide dich f\u00fcr Bequemlichkeit, w\u00e4hle Hygiene, w\u00e4hle die Munchkin Flaschenb\u00fcrste in Blau. Mit seinem cleveren Design und seiner Vielseitigkeit ist er die perfekte Erg\u00e4nzung f\u00fcr deine Flaschen- und Nuckelreinigungsroutine. Bestelle noch heute und \u00fcberzeuge dich selbst, warum dieser Flaschenreiniger wie ein Haus steht!  <\/p>\n","protected":false},"excerpt":{"rendered":"<p>Suchst du eine Flaschenb\u00fcrste, die wirklich einen Unterschied macht? Das ist die Munchkin Flaschenb\u00fcrste in Blau! Warum sollte eine Flaschenb\u00fcrste gew\u00f6hnlich sein? Wir haben das Spiel mit einem revolution\u00e4ren Design ver\u00e4ndert, das nicht nur funktional, sondern auch stilvoll und praktisch ist. Unsere B\u00fcrste steht dank ihres starken Saugfu\u00dfes aufrecht, so dass sie immer einsatzbereit ist [&hellip;]<\/p>\n","protected":false},"featured_media":6822,"comment_status":"closed","ping_status":"closed","template":"","meta":{"_acf_changed":false,"_seopress_robots_primary_cat":"none","_seopress_titles_title":"Flaschenb\u00fcrste | Munchkin | Blau | FerryGut.com","_seopress_titles_desc":"Die stilvolle Flaschenb\u00fcrste ist ideal f\u00fcr die Reinigung der Flaschen deines Kindes | Bestelle sie einfach bei FerryGut! | W\u00e4hle deine eigene Versandpartei ","_seopress_robots_index":""},"product_brand":[],"product_cat":[2882,2910,2909],"product_tag":[],"brands":[5289],"channels":[],"class_list":{"0":"post-6821","1":"product","2":"type-product","3":"status-publish","4":"has-post-thumbnail","6":"product_cat-baby-kind","7":"product_cat-bursten","8":"product_cat-zuhause","9":"brands-munchkin","11":"first","12":"outofstock","13":"taxable","14":"shipping-taxable","15":"purchasable","16":"product-type-simple"},"acf":[],"weight_unit":"kg","dimension_unit":"cm","packaging_unit":"St\u00fccke","country_of_origin":"China","weee_germany":"DE97744419","website_url":"https:\/\/ferrygut.com\/","verkoper":"FerryGut.com","postcode":"5048CD","telefoonnummer":"+31850000735","_links":{"self":[{"href":"https:\/\/ferrygut.com\/de\/wp-json\/wp\/v2\/product\/6821","targetHints":{"allow":["GET"]}}],"collection":[{"href":"https:\/\/ferrygut.com\/de\/wp-json\/wp\/v2\/product"}],"about":[{"href":"https:\/\/ferrygut.com\/de\/wp-json\/wp\/v2\/types\/product"}],"replies":[{"embeddable":true,"href":"https:\/\/ferrygut.com\/de\/wp-json\/wp\/v2\/comments?post=6821"}],"wp:featuredmedia":[{"embeddable":true,"href":"https:\/\/ferrygut.com\/de\/wp-json\/wp\/v2\/media\/6822"}],"wp:attachment":[{"href":"https:\/\/ferrygut.com\/de\/wp-json\/wp\/v2\/media?parent=6821"}],"wp:term":[{"taxonomy":"product_brand","embeddable":true,"href":"https:\/\/ferrygut.com\/de\/wp-json\/wp\/v2\/product_brand?post=6821"},{"taxonomy":"product_cat","embeddable":true,"href":"https:\/\/ferrygut.com\/de\/wp-json\/wp\/v2\/product_cat?post=6821"},{"taxonomy":"product_tag","embeddable":true,"href":"https:\/\/ferrygut.com\/de\/wp-json\/wp\/v2\/product_tag?post=6821"},{"taxonomy":"brands","embeddable":true,"href":"https:\/\/ferrygut.com\/de\/wp-json\/wp\/v2\/brands?post=6821"},{"taxonomy":"channels","embeddable":true,"href":"https:\/\/ferrygut.com\/de\/wp-json\/wp\/v2\/channels?post=6821"}],"curies":[{"name":"wp","href":"https:\/\/api.w.org\/{rel}","templated":true}]}}