{"id":6800,"date":"2024-03-07T10:51:17","date_gmt":"2024-03-07T09:51:17","guid":{"rendered":"https:\/\/ferrygut.com\/product\/flextail-zero-pump-inklusive-batterie\/"},"modified":"2025-12-02T16:20:49","modified_gmt":"2025-12-02T15:20:49","slug":"flextail-zero-pump-inklusive-batterie","status":"publish","type":"product","link":"https:\/\/ferrygut.com\/de\/produkt\/flextail-zero-pump-inklusive-batterie\/","title":{"rendered":"Flextail &#8211; Zero Pump &#8211; Inklusive Batterie"},"content":{"rendered":"<p>Die Zero Pump Luftpumpe ist die kompakteste und leistungsst\u00e4rkste Pumpe der Welt. Diese Pumpe hat ein Metallgeh\u00e4use, das das Innenleben der Pumpe besonders gut sch\u00fctzt und es dir erm\u00f6glicht, die Pumpe lange zu benutzen. Dank einer speziellen Technologie kann die Zero Pump 180 Liter pro Minute mit einem Druck von 2,5 kPa pusten, was f\u00fcr eine so kleine Pumpe enorm ist.  <\/p>\n<h4>Die Pluspunkte der Zero Pump Luftpumpe:<\/h4>\n<ul>\n<li>Ultrakompakte Luftpumpe<\/li>\n<li>Nur 33 Gramm<\/li>\n<li>Aufblasen und Staubsaugen<\/li>\n<li>Mit USB-C 650mAh-Akku<\/li>\n<li>Nur 68 Dezibel<\/li>\n<li>Geliefert mit 6 Aufs\u00e4tzen<\/li>\n<\/ul>\n<h4>Aufblasen einer Luftmatratze<\/h4>\n<p>Wenn du reist und auf einer Luftmatratze schl\u00e4fst, musst du sie nach einer anstrengenden und langen Reise oft aufblasen. Wenn du daf\u00fcr keine Energie hast, ist die Zero Pump Luftmatratzenpumpe die L\u00f6sung. Aber auch, wenn du noch voller Energie bist. Denn wenn du eine Luftmatratze oder ein Wasserspielzeug mit dem Mund aufbl\u00e4st, gelangt auch Speichel\/Feuchtigkeit in das aufblasbare Ding, das ist fast unvermeidlich. Das einzige Problem dabei ist, dass es auf lange Sicht anfangen kann, im Inneren zu schimmeln, was zu unangenehmen Ger\u00fcchen und Flecken f\u00fchren kann.    <\/p>\n<h4>Wie bl\u00e4st du deine Schlafmatte auf?<\/h4>\n<p>Die Zero Pump wird mit 6 flexiblen Aufs\u00e4tzen geliefert, mit denen du nicht nur Schlafmatten, sondern auch andere aufblasbare Produkte aufblasen und entleeren kannst. Die weichen Gummiaufs\u00e4tze k\u00f6nnen an Matratzen, Staubsaugerbeutel, aufblasbare Wasserspielzeuge, Luftkissen usw. angeschlossen werden. Sobald der Aufsatz angebracht ist, musst du nur zweimal auf den Ein\/Aus-Knopf dr\u00fccken und die Pumpe beginnt mit dem Aufblasen\/Entleeren.  <\/p>\n<h4>Auswechselbare Batterie<\/h4>\n<p>Die Zero Pump wird mit einem wiederaufladbaren USB-C-Akku geliefert. Du findest ihn, wenn du die Zero Pump \u00f6ffnest. Du kannst den USB-C-Akku auch durch einen normalen Akku ersetzen, aber es ist praktisch, einen Akku zu haben, den du aufladen kannst, was gut f\u00fcr die Umwelt ist.  <\/p>\n<h4>Ein Feuer anz\u00fcnden?<\/h4>\n<p>Die Zero Pump ist auch ideal, um ein Feuer zu entfachen. Wenn du etwas Wind unter sie bl\u00e4st, hast du schnell ein sch\u00f6nes Lagerfeuer! <\/p>\n","protected":false},"excerpt":{"rendered":"<p>Die Zero Pump Luftpumpe ist die kompakteste und leistungsst\u00e4rkste Pumpe der Welt. Diese Pumpe hat ein Metallgeh\u00e4use, das das Innenleben der Pumpe besonders gut sch\u00fctzt und es dir erm\u00f6glicht, die Pumpe lange zu benutzen. Dank einer speziellen Technologie kann die Zero Pump 180 Liter pro Minute mit einem Druck von 2,5 kPa pusten, was f\u00fcr [&hellip;]<\/p>\n","protected":false},"featured_media":25034,"comment_status":"closed","ping_status":"closed","template":"","meta":{"_acf_changed":false,"_seopress_robots_primary_cat":"514","_seopress_titles_title":"Flextail | Zero Pump | Compact Air Pump | Various Attachments | FerryGut","_seopress_titles_desc":"Eine Mini-Luftpumpe, die ideal zum Aufblasen von Luftmatratzen beim Campen ist! Wird mit einem wiederaufladbaren USB-C-Akku geliefert!  ","_seopress_robots_index":""},"product_brand":[],"product_cat":[2904,2907,2905],"product_tag":[],"brands":[5277],"channels":[],"class_list":{"0":"post-6800","1":"product","2":"type-product","3":"status-publish","4":"has-post-thumbnail","6":"product_cat-camping","7":"product_cat-luftbett-pumpen","8":"product_cat-luftpumpen","9":"brands-flextail","11":"first","12":"instock","13":"sale","14":"taxable","15":"shipping-taxable","16":"purchasable","17":"product-type-simple"},"acf":[],"weight_unit":"kg","dimension_unit":"cm","packaging_unit":"St\u00fccke","country_of_origin":"China","weee_germany":"DE97744419","website_url":"https:\/\/ferrygut.com\/","verkoper":"FerryGut.com","postcode":"5048CD","telefoonnummer":"+31850000735","_links":{"self":[{"href":"https:\/\/ferrygut.com\/de\/wp-json\/wp\/v2\/product\/6800","targetHints":{"allow":["GET"]}}],"collection":[{"href":"https:\/\/ferrygut.com\/de\/wp-json\/wp\/v2\/product"}],"about":[{"href":"https:\/\/ferrygut.com\/de\/wp-json\/wp\/v2\/types\/product"}],"replies":[{"embeddable":true,"href":"https:\/\/ferrygut.com\/de\/wp-json\/wp\/v2\/comments?post=6800"}],"wp:featuredmedia":[{"embeddable":true,"href":"https:\/\/ferrygut.com\/de\/wp-json\/wp\/v2\/media\/25034"}],"wp:attachment":[{"href":"https:\/\/ferrygut.com\/de\/wp-json\/wp\/v2\/media?parent=6800"}],"wp:term":[{"taxonomy":"product_brand","embeddable":true,"href":"https:\/\/ferrygut.com\/de\/wp-json\/wp\/v2\/product_brand?post=6800"},{"taxonomy":"product_cat","embeddable":true,"href":"https:\/\/ferrygut.com\/de\/wp-json\/wp\/v2\/product_cat?post=6800"},{"taxonomy":"product_tag","embeddable":true,"href":"https:\/\/ferrygut.com\/de\/wp-json\/wp\/v2\/product_tag?post=6800"},{"taxonomy":"brands","embeddable":true,"href":"https:\/\/ferrygut.com\/de\/wp-json\/wp\/v2\/brands?post=6800"},{"taxonomy":"channels","embeddable":true,"href":"https:\/\/ferrygut.com\/de\/wp-json\/wp\/v2\/channels?post=6800"}],"curies":[{"name":"wp","href":"https:\/\/api.w.org\/{rel}","templated":true}]}}