{"id":6766,"date":"2024-03-21T13:31:44","date_gmt":"2024-03-21T12:31:44","guid":{"rendered":"https:\/\/ferrygut.com\/product\/munchkin-verlaengerung-28cm\/"},"modified":"2025-12-03T10:00:14","modified_gmt":"2025-12-03T09:00:14","slug":"munchkin-verlaengerung-28cm","status":"publish","type":"product","link":"https:\/\/ferrygut.com\/de\/produkt\/munchkin-verlaengerung-28cm\/","title":{"rendered":"Munchkin Verl\u00e4ngerung 28cm"},"content":{"rendered":"<p>Klammertore sind unerl\u00e4sslich, um die Neugier deines Kindes zu z\u00fcgeln und es sicher im Haus zu halten. Aber manchmal reichen die Standardgr\u00f6\u00dfen nicht aus, um alle \u00d6ffnungen abzudecken. Zum Gl\u00fcck bietet Munchkin mit seiner 28 cm langen Verl\u00e4ngerung f\u00fcr Klemmz\u00e4une eine praktische L\u00f6sung. Werfen wir einen Blick auf die Funktionen und Vorteile dieses praktischen Add-ons.<\/p>\n<h5>Flexible Sicherheit<\/h5>\n<p>Mit der 28-cm-Verl\u00e4ngerung von Munchkin musst du dir keine Sorgen mehr \u00fcber \u00d6ffnungen machen, die einfach zu breit f\u00fcr dein Klemmtor sind. Diese Erweiterung bietet die Flexibilit\u00e4t, dein bestehendes Klemmtor zu verl\u00e4ngern, sodass es perfekt f\u00fcr verschiedene \u00d6ffnungen in deinem Haus geeignet ist.<\/p>\n<h5>Einfache Installation<\/h5>\n<p>Die Erweiterung ist f\u00fcr eine problemlose Installation konzipiert. Mit den mitgelieferten Anleitungen und Werkzeugen k\u00f6nnen auch weniger erfahrene Handwerker die Verl\u00e4ngerung schnell und einfach am Klemmtor anbringen. Kein \u00c4rger mehr mit komplexen Installationsprozessen!<\/p>\n<h5>Nachhaltiges und sicheres Design<\/h5>\n<p>Wie bei allen Munchkin-Produkten steht auch bei der 28 cm langen Verl\u00e4ngerung die Sicherheit deiner Kinder im Vordergrund. Aus hochwertigen Materialien und mit viel Liebe zum Detail gefertigt, bietet diese Erweiterung eine zuverl\u00e4ssige und langlebige L\u00f6sung, um dein Zuhause kindersicher zu machen.<\/p>\n<h5>Kompatibilit\u00e4t mit Munchkin-Klemmz\u00e4unen<\/h5>\n<p>Diese Erweiterung wurde speziell f\u00fcr die Munchkin-Klemmtore entwickelt. So kannst du eine nahtlose Erweiterung schaffen, die nicht nur gut aussieht, sondern auch voll funktionsf\u00e4hig ist. Es ist die ideale Erg\u00e4nzung zu deinem bestehenden Klemmtor und bietet zus\u00e4tzliche Sicherheit.<\/p>\n<h5>Erweitern Sie die Sicherheit mit Stil<\/h5>\n<p>Mit der Munchkin 28cm Verl\u00e4ngerung musst du weder bei der Sicherheit noch beim Stil Kompromisse eingehen. Das schlichte und moderne Design passt perfekt zu deinem Munchkin-Klemmtor und sorgt daf\u00fcr, dass dein Zuhause immer noch toll aussieht und gleichzeitig sicher f\u00fcr dein Kleines ist.<\/p>\n","protected":false},"excerpt":{"rendered":"<p>Klammertore sind unerl\u00e4sslich, um die Neugier deines Kindes zu z\u00fcgeln und es sicher im Haus zu halten. Aber manchmal reichen die Standardgr\u00f6\u00dfen nicht aus, um alle \u00d6ffnungen abzudecken. Zum Gl\u00fcck bietet Munchkin mit seiner 28 cm langen Verl\u00e4ngerung f\u00fcr Klemmz\u00e4une eine praktische L\u00f6sung. Werfen wir einen Blick auf die Funktionen und Vorteile dieses praktischen Add-ons. [&hellip;]<\/p>\n","protected":false},"featured_media":6768,"comment_status":"closed","ping_status":"closed","template":"","meta":{"_acf_changed":false,"_seopress_robots_primary_cat":"none","_seopress_titles_title":"Munchkin | Verl\u00e4ngerung Clip-Gate | 28 cm | FerryGut","_seopress_titles_desc":"Erweiterung f\u00fcr Klemmtore. Einfache Installation. Jetzt bestellen, morgen erhalten. Bei FerryGut gibt es 2 Jahre Garantie auf alle Produkte.","_seopress_robots_index":""},"product_brand":[],"product_cat":[2882,2899,2900],"product_tag":[],"brands":[5289],"channels":[],"class_list":{"0":"post-6766","1":"product","2":"type-product","3":"status-publish","4":"has-post-thumbnail","6":"product_cat-baby-kind","7":"product_cat-sicherheit","8":"product_cat-verlangerungsteile","9":"brands-munchkin","11":"first","12":"outofstock","13":"taxable","14":"shipping-taxable","15":"purchasable","16":"product-type-simple"},"acf":[],"weight_unit":"kg","dimension_unit":"cm","packaging_unit":"St\u00fccke","country_of_origin":"China","weee_germany":"DE97744419","website_url":"https:\/\/ferrygut.com\/","verkoper":"FerryGut.com","postcode":"5048CD","telefoonnummer":"+31850000735","_links":{"self":[{"href":"https:\/\/ferrygut.com\/de\/wp-json\/wp\/v2\/product\/6766","targetHints":{"allow":["GET"]}}],"collection":[{"href":"https:\/\/ferrygut.com\/de\/wp-json\/wp\/v2\/product"}],"about":[{"href":"https:\/\/ferrygut.com\/de\/wp-json\/wp\/v2\/types\/product"}],"replies":[{"embeddable":true,"href":"https:\/\/ferrygut.com\/de\/wp-json\/wp\/v2\/comments?post=6766"}],"wp:featuredmedia":[{"embeddable":true,"href":"https:\/\/ferrygut.com\/de\/wp-json\/wp\/v2\/media\/6768"}],"wp:attachment":[{"href":"https:\/\/ferrygut.com\/de\/wp-json\/wp\/v2\/media?parent=6766"}],"wp:term":[{"taxonomy":"product_brand","embeddable":true,"href":"https:\/\/ferrygut.com\/de\/wp-json\/wp\/v2\/product_brand?post=6766"},{"taxonomy":"product_cat","embeddable":true,"href":"https:\/\/ferrygut.com\/de\/wp-json\/wp\/v2\/product_cat?post=6766"},{"taxonomy":"product_tag","embeddable":true,"href":"https:\/\/ferrygut.com\/de\/wp-json\/wp\/v2\/product_tag?post=6766"},{"taxonomy":"brands","embeddable":true,"href":"https:\/\/ferrygut.com\/de\/wp-json\/wp\/v2\/brands?post=6766"},{"taxonomy":"channels","embeddable":true,"href":"https:\/\/ferrygut.com\/de\/wp-json\/wp\/v2\/channels?post=6766"}],"curies":[{"name":"wp","href":"https:\/\/api.w.org\/{rel}","templated":true}]}}