{"id":6763,"date":"2024-03-25T14:41:56","date_gmt":"2024-03-25T13:41:56","guid":{"rendered":"https:\/\/ferrygut.com\/product\/munchkin-fruechteteebecher-trinkbecher\/"},"modified":"2025-04-28T11:48:12","modified_gmt":"2025-04-28T09:48:12","slug":"munchkin-fruechteteebecher-trinkbecher","status":"publish","type":"product","link":"https:\/\/ferrygut.com\/de\/produkt\/munchkin-fruechteteebecher-trinkbecher\/","title":{"rendered":"Munchkin &#8211; Fr\u00fcchteteebecher &#8211; Trinkbecher"},"content":{"rendered":"<p><span style=\"font-size: 14px;\">Dieser Fr\u00fcchtetee ist der ideale Begleiter f\u00fcr abenteuerlustige Kleinkinder und Vorschulkinder, denn er regt Kinder dazu an, mehr Wasser zu trinken und gleichzeitig den nat\u00fcrlichen Geschmack von frischem Obst zu genie\u00dfen. Mit dem cleveren Design und den praktischen Funktionen macht der Munchkin Fruit Infuser das Trinken nicht nur einfach, sondern auch lustig und lecker! <\/span><\/p>\n<h4>Fruchtig und frisch<\/h4>\n<p>Der Munchkin Fruit Infuser ist ein echter Leckerbissen f\u00fcr die Geschmacksknospen deines Kindes. Mit seinem eingebauten Obstkorb bietet dieser innovative Becher eine nat\u00fcrliche M\u00f6glichkeit, Wasser mit frischen Fr\u00fcchten zu aromatisieren. Gib einfach deine Lieblingsfr\u00fcchte wie Erdbeeren, Orangen oder Gurken in den Korb und genie\u00dfe ein erfrischendes und nahrhaftes Getr\u00e4nk! Der aufklappbare Fruchtzieher sorgt daf\u00fcr, dass die Fr\u00fcchte leicht zerkleinert werden und der Geschmack schnell an das Wasser abgegeben wird &#8211; ein k\u00f6stlicher Genuss.   <\/p>\n<h4>Trinkbecher f\u00fcr Kinder<\/h4>\n<p>Mit einem 360\u00b0-Ventil, das ein Versch\u00fctten verhindert und sich automatisch schlie\u00dft, wenn das Kind aufh\u00f6rt zu trinken, ist der Munchkin Fruit Infuser ideal f\u00fcr kleine H\u00e4nde, die gerne forschen und entdecken. Dieser Becher mit einem Fassungsverm\u00f6gen von 14 oz hat die perfekte Gr\u00f6\u00dfe f\u00fcr Kinder ab 18 Monaten und erm\u00f6glicht es ihnen, ihr erfrischendes Fruchtwasser selbstst\u00e4ndig zu genie\u00dfen. <\/p>\n<h4>Bequemlichkeit und Sicherheit<\/h4>\n<p>Au\u00dferdem wurde der Munchkin Fruit Infuser mit Blick auf Komfort und Sicherheit entwickelt. Dieser Becher besteht aus hochwertigen Materialien und ist v\u00f6llig frei von sch\u00e4dlichen Stoffen wie BPA und bietet eine sichere und gesunde Art, sich mit Fl\u00fcssigkeit zu versorgen. Au\u00dferdem macht das pflegeleichte Design die Wartung zu einem Kinderspiel, so dass Eltern mehr Zeit haben, die kostbaren Momente mit ihren Kleinen zu genie\u00dfen.  <\/p>\n<h4>Fazit<\/h4>\n<p>Ob mit oder ohne Obst, der Munchkin Fruit Infuser bietet eine lustige und gesunde M\u00f6glichkeit, Kinder zum Wassertrinken anzuregen. Lass dein Kind die k\u00f6stlichen Aromen von frischem Obst entdecken, w\u00e4hrend es hydriert bleibt und jeden erfrischenden Schluck genie\u00dft. Mit dem Munchkin Fruit Infuser ist jeder Tag ein Fest der Aromen und des Spa\u00dfes!  <\/p>\n","protected":false},"excerpt":{"rendered":"<p>Dieser Fr\u00fcchtetee ist der ideale Begleiter f\u00fcr abenteuerlustige Kleinkinder und Vorschulkinder, denn er regt Kinder dazu an, mehr Wasser zu trinken und gleichzeitig den nat\u00fcrlichen Geschmack von frischem Obst zu genie\u00dfen. Mit dem cleveren Design und den praktischen Funktionen macht der Munchkin Fruit Infuser das Trinken nicht nur einfach, sondern auch lustig und lecker! Fruchtig [&hellip;]<\/p>\n","protected":false},"featured_media":6764,"comment_status":"closed","ping_status":"closed","template":"","meta":{"_acf_changed":false,"_seopress_robots_primary_cat":"none","_seopress_titles_title":"Munchkin - Fruit infuser - Trinkbecher - FerryGut.com","_seopress_titles_desc":"Bestelle jetzt deinen Fruit Infuser Trinkbecher von der Marke Munchkin. Bei diesem Trinkbecher bleibt das Obst am Boden des Bechers und sorgt f\u00fcr einen zus\u00e4tzlichen Geschmack beim Trinken. ","_seopress_robots_index":""},"product_brand":[],"product_cat":[2882,2895,2896],"product_tag":[],"brands":[5289],"channels":[],"class_list":{"0":"post-6763","1":"product","2":"type-product","3":"status-publish","4":"has-post-thumbnail","6":"product_cat-baby-kind","7":"product_cat-essen-und-trinken","8":"product_cat-tassen","9":"brands-munchkin","11":"first","12":"outofstock","13":"taxable","14":"shipping-taxable","15":"purchasable","16":"product-type-simple"},"acf":[],"weight_unit":"kg","dimension_unit":"cm","packaging_unit":"St\u00fccke","country_of_origin":"China","weee_germany":"DE97744419","website_url":"https:\/\/ferrygut.com\/","verkoper":"FerryGut.com","postcode":"5048CD","telefoonnummer":"+31850000735","_links":{"self":[{"href":"https:\/\/ferrygut.com\/de\/wp-json\/wp\/v2\/product\/6763","targetHints":{"allow":["GET"]}}],"collection":[{"href":"https:\/\/ferrygut.com\/de\/wp-json\/wp\/v2\/product"}],"about":[{"href":"https:\/\/ferrygut.com\/de\/wp-json\/wp\/v2\/types\/product"}],"replies":[{"embeddable":true,"href":"https:\/\/ferrygut.com\/de\/wp-json\/wp\/v2\/comments?post=6763"}],"wp:featuredmedia":[{"embeddable":true,"href":"https:\/\/ferrygut.com\/de\/wp-json\/wp\/v2\/media\/6764"}],"wp:attachment":[{"href":"https:\/\/ferrygut.com\/de\/wp-json\/wp\/v2\/media?parent=6763"}],"wp:term":[{"taxonomy":"product_brand","embeddable":true,"href":"https:\/\/ferrygut.com\/de\/wp-json\/wp\/v2\/product_brand?post=6763"},{"taxonomy":"product_cat","embeddable":true,"href":"https:\/\/ferrygut.com\/de\/wp-json\/wp\/v2\/product_cat?post=6763"},{"taxonomy":"product_tag","embeddable":true,"href":"https:\/\/ferrygut.com\/de\/wp-json\/wp\/v2\/product_tag?post=6763"},{"taxonomy":"brands","embeddable":true,"href":"https:\/\/ferrygut.com\/de\/wp-json\/wp\/v2\/brands?post=6763"},{"taxonomy":"channels","embeddable":true,"href":"https:\/\/ferrygut.com\/de\/wp-json\/wp\/v2\/channels?post=6763"}],"curies":[{"name":"wp","href":"https:\/\/api.w.org\/{rel}","templated":true}]}}