{"id":6747,"date":"2024-03-25T15:12:10","date_gmt":"2024-03-25T14:12:10","guid":{"rendered":"https:\/\/ferrygut.com\/product\/munchkin-schalen-mit-saugnapf\/"},"modified":"2025-04-28T15:23:47","modified_gmt":"2025-04-28T13:23:47","slug":"munchkin-schalen-mit-saugnapf","status":"publish","type":"product","link":"https:\/\/ferrygut.com\/de\/produkt\/munchkin-schalen-mit-saugnapf\/","title":{"rendered":"Munchkin &#8211; Schalen mit Saugnapf"},"content":{"rendered":"<p>Mit diesem fr\u00f6hlichen Sch\u00fcsselset von Munchkin macht das Essen nicht nur mehr Spa\u00df, sondern ist auch bequemer f\u00fcr dich und dein Kind! Mit drei verschiedenen Gr\u00f6\u00dfen und einem gro\u00dfen Saugnapf an der Unterseite verhindern diese Schalen, dass etwas versch\u00fcttet wird und machen die Mahlzeiten stressfrei. <\/p>\n<h4>Vermeiden Sie Versch\u00fcttungen mit dem gro\u00dfen Saugnapf<\/h4>\n<p>Dank des gro\u00dfen Saugnapfes an der Unterseite bleiben die Munchkin-Schalen fest an ihrem Platz und verhindern, dass dein Kleines sie versehentlich umst\u00f6\u00dft. Das sorgt f\u00fcr weniger Chaos und mehr Spa\u00df beim Essen! <\/p>\n<h4>Praktisches und sicheres Design<\/h4>\n<p>Die Schalen sind nicht nur funktional, sondern auch praktisch. Sie sind stapelbar, sodass sie leicht in K\u00fcchenschr\u00e4nken verstaut werden k\u00f6nnen. Au\u00dferdem sind sie sp\u00fclmaschinen-, mikrowellen- und gefrierschrankfest, was sie vielseitig und einfach zu verwenden macht. Aus BPA-freiem Kunststoff hergestellt, sind sie sicher f\u00fcr dein Baby und geben den Eltern ein beruhigendes Gef\u00fchl.   <\/p>\n<h4>Geeignet f\u00fcr Kinder ab 6 Monaten<\/h4>\n<p>Dieses Munchkin Schalen-Set mit Saugnapf kommt im 3er-Set in den fr\u00f6hlichen Farben Gelb, Gr\u00fcn und Blau. Sie sind ideal f\u00fcr Kleinkinder ab 6 Monaten und sollen die Mahlzeiten geselliger und bequemer machen. Nimm sie in deine Sammlung von Baby-Essentials auf und genie\u00dfe stressfreie Mahlzeiten mit deinem Kleinen!  <\/p>\n","protected":false},"excerpt":{"rendered":"<p>Mit diesem fr\u00f6hlichen Sch\u00fcsselset von Munchkin macht das Essen nicht nur mehr Spa\u00df, sondern ist auch bequemer f\u00fcr dich und dein Kind! Mit drei verschiedenen Gr\u00f6\u00dfen und einem gro\u00dfen Saugnapf an der Unterseite verhindern diese Schalen, dass etwas versch\u00fcttet wird und machen die Mahlzeiten stressfrei. Vermeiden Sie Versch\u00fcttungen mit dem gro\u00dfen Saugnapf Dank des gro\u00dfen [&hellip;]<\/p>\n","protected":false},"featured_media":6749,"comment_status":"closed","ping_status":"closed","template":"","meta":{"_acf_changed":false,"_seopress_robots_primary_cat":"none","_seopress_titles_title":"Munchkin | Sch\u00fcsseln mit Saugnapf | FerryGut.com","_seopress_titles_desc":"Verhindere, dass dein Kind etwas versch\u00fcttet mit diesen Sch\u00fcsseln | in gelb, gr\u00fcn & blau | Bestelle sie direkt bei FerryGut! | Kostenloser Versand ab \u20ac 19 ","_seopress_robots_index":""},"product_brand":[],"product_cat":[2882,2895,2897],"product_tag":[],"brands":[5289],"channels":[],"class_list":{"0":"post-6747","1":"product","2":"type-product","3":"status-publish","4":"has-post-thumbnail","6":"product_cat-baby-kind","7":"product_cat-essen-und-trinken","8":"product_cat-kindergeschirr","9":"brands-munchkin","11":"first","12":"outofstock","13":"taxable","14":"shipping-taxable","15":"purchasable","16":"product-type-simple"},"acf":[],"weight_unit":"kg","dimension_unit":"cm","packaging_unit":"St\u00fccke","country_of_origin":"China","weee_germany":"DE97744419","website_url":"https:\/\/ferrygut.com\/","verkoper":"FerryGut.com","postcode":"5048CD","telefoonnummer":"+31850000735","_links":{"self":[{"href":"https:\/\/ferrygut.com\/de\/wp-json\/wp\/v2\/product\/6747","targetHints":{"allow":["GET"]}}],"collection":[{"href":"https:\/\/ferrygut.com\/de\/wp-json\/wp\/v2\/product"}],"about":[{"href":"https:\/\/ferrygut.com\/de\/wp-json\/wp\/v2\/types\/product"}],"replies":[{"embeddable":true,"href":"https:\/\/ferrygut.com\/de\/wp-json\/wp\/v2\/comments?post=6747"}],"wp:featuredmedia":[{"embeddable":true,"href":"https:\/\/ferrygut.com\/de\/wp-json\/wp\/v2\/media\/6749"}],"wp:attachment":[{"href":"https:\/\/ferrygut.com\/de\/wp-json\/wp\/v2\/media?parent=6747"}],"wp:term":[{"taxonomy":"product_brand","embeddable":true,"href":"https:\/\/ferrygut.com\/de\/wp-json\/wp\/v2\/product_brand?post=6747"},{"taxonomy":"product_cat","embeddable":true,"href":"https:\/\/ferrygut.com\/de\/wp-json\/wp\/v2\/product_cat?post=6747"},{"taxonomy":"product_tag","embeddable":true,"href":"https:\/\/ferrygut.com\/de\/wp-json\/wp\/v2\/product_tag?post=6747"},{"taxonomy":"brands","embeddable":true,"href":"https:\/\/ferrygut.com\/de\/wp-json\/wp\/v2\/brands?post=6747"},{"taxonomy":"channels","embeddable":true,"href":"https:\/\/ferrygut.com\/de\/wp-json\/wp\/v2\/channels?post=6747"}],"curies":[{"name":"wp","href":"https:\/\/api.w.org\/{rel}","templated":true}]}}