{"id":6745,"date":"2024-03-25T15:40:43","date_gmt":"2024-03-25T14:40:43","guid":{"rendered":"https:\/\/ferrygut.com\/product\/munchkin-auslaufsicherer-strohhalmbecher-blau\/"},"modified":"2025-04-28T11:49:00","modified_gmt":"2025-04-28T09:49:00","slug":"munchkin-auslaufsicherer-strohhalmbecher-blau","status":"publish","type":"product","link":"https:\/\/ferrygut.com\/de\/produkt\/munchkin-auslaufsicherer-strohhalmbecher-blau\/","title":{"rendered":"Munchkin &#8211; Auslaufsicherer Strohhalmbecher &#8211; Blau"},"content":{"rendered":"<p><span style=\"font-size: 14px;\">Mit dem Munchkin Sippy Straw Cup bekommst du einen Trinkbecher, der nicht nur das Zahnfleisch deines Kindes schont, sondern auch f\u00fcr ein sauberes Trinkerlebnis sorgt! Dieser Becher wurde mit Blick auf den Komfort deines Babys entwickelt und verf\u00fcgt \u00fcber eine weiche Silikont\u00fclle, die ideal f\u00fcr bequemes Trinken ist. Die weiche T\u00fclle ist nicht nur langlebig, sondern auch widerstandsf\u00e4hig gegen Kauen, selbst wenn die Z\u00e4hne durchkommen.  <\/span><\/p>\n<h4>Bequemes Trinken mit Spill Resistance<\/h4>\n<p>Der weiche Strohhalm des Munchkin Sippy Straw Cups sorgt f\u00fcr ein angenehmes Trinkerlebnis f\u00fcr dein Kleines und verhindert gleichzeitig, dass etwas versch\u00fcttet wird. Dank des Click Lock Systems musst du dir keine Sorgen \u00fcber versch\u00fcttete Fl\u00fcssigkeiten machen. Das System sorgt daf\u00fcr, dass der Deckel immer sicher geschlossen ist und gibt beim Schlie\u00dfen ein beruhigendes Klickger\u00e4usch von sich. Das ist nicht nur praktisch f\u00fcr Eltern, sondern macht auch den Kindern Spa\u00df!   <\/p>\n<h4>Praktisches und sicheres Design<\/h4>\n<p>Der Munchkin Anti-leak Straws Becher ist garantiert 100% auslaufsicher und l\u00e4sst sich von kleinen H\u00e4nden leicht greifen. Mit dem Dichtungsventil f\u00fcr den Strohhalm bleibt der Becher sauber und hygienisch, auch unterwegs. Au\u00dferdem ist der Becher sp\u00fclmaschinenfest, sodass die Reinigung ein Kinderspiel ist. Dieser Becher aus BPA-freiem Kunststoff bietet Eltern ein beruhigendes Gef\u00fchl und den Kleinen ein sicheres Trinkvergn\u00fcgen ab etwa 12 Monaten.   <\/p>\n<p>Nimm den Munchkin Anti-Leck-Strohhalm-Becher in deine Sammlung von Babyutensilien auf und genie\u00dfe stressfreies Trinken f\u00fcr dein Kleines, wo immer du bist!<\/p>\n","protected":false},"excerpt":{"rendered":"<p>Mit dem Munchkin Sippy Straw Cup bekommst du einen Trinkbecher, der nicht nur das Zahnfleisch deines Kindes schont, sondern auch f\u00fcr ein sauberes Trinkerlebnis sorgt! Dieser Becher wurde mit Blick auf den Komfort deines Babys entwickelt und verf\u00fcgt \u00fcber eine weiche Silikont\u00fclle, die ideal f\u00fcr bequemes Trinken ist. Die weiche T\u00fclle ist nicht nur langlebig, [&hellip;]<\/p>\n","protected":false},"featured_media":6746,"comment_status":"closed","ping_status":"closed","template":"","meta":{"_acf_changed":false,"_seopress_robots_primary_cat":"none","_seopress_titles_title":"Munchkin | Auslaufsicherer Strohhalmbecher | Blau | FerryGut.com","_seopress_titles_desc":"Mit dem auslaufsicheren Trinkbecher von Munchkin kann dein Kind bequem und manipulationssicher trinken | Bestelle ihn direkt bei FerryGut! | Kostenloser Versand ab \u20ac 19 ","_seopress_robots_index":""},"product_brand":[],"product_cat":[2882,2895,2896],"product_tag":[],"brands":[5289],"channels":[],"class_list":{"0":"post-6745","1":"product","2":"type-product","3":"status-publish","4":"has-post-thumbnail","6":"product_cat-baby-kind","7":"product_cat-essen-und-trinken","8":"product_cat-tassen","9":"brands-munchkin","11":"first","12":"outofstock","13":"taxable","14":"shipping-taxable","15":"purchasable","16":"product-type-simple"},"acf":[],"weight_unit":"kg","dimension_unit":"cm","packaging_unit":"St\u00fccke","country_of_origin":"China","weee_germany":"DE97744419","website_url":"https:\/\/ferrygut.com\/","verkoper":"FerryGut.com","postcode":"5048CD","telefoonnummer":"+31850000735","_links":{"self":[{"href":"https:\/\/ferrygut.com\/de\/wp-json\/wp\/v2\/product\/6745","targetHints":{"allow":["GET"]}}],"collection":[{"href":"https:\/\/ferrygut.com\/de\/wp-json\/wp\/v2\/product"}],"about":[{"href":"https:\/\/ferrygut.com\/de\/wp-json\/wp\/v2\/types\/product"}],"replies":[{"embeddable":true,"href":"https:\/\/ferrygut.com\/de\/wp-json\/wp\/v2\/comments?post=6745"}],"wp:featuredmedia":[{"embeddable":true,"href":"https:\/\/ferrygut.com\/de\/wp-json\/wp\/v2\/media\/6746"}],"wp:attachment":[{"href":"https:\/\/ferrygut.com\/de\/wp-json\/wp\/v2\/media?parent=6745"}],"wp:term":[{"taxonomy":"product_brand","embeddable":true,"href":"https:\/\/ferrygut.com\/de\/wp-json\/wp\/v2\/product_brand?post=6745"},{"taxonomy":"product_cat","embeddable":true,"href":"https:\/\/ferrygut.com\/de\/wp-json\/wp\/v2\/product_cat?post=6745"},{"taxonomy":"product_tag","embeddable":true,"href":"https:\/\/ferrygut.com\/de\/wp-json\/wp\/v2\/product_tag?post=6745"},{"taxonomy":"brands","embeddable":true,"href":"https:\/\/ferrygut.com\/de\/wp-json\/wp\/v2\/brands?post=6745"},{"taxonomy":"channels","embeddable":true,"href":"https:\/\/ferrygut.com\/de\/wp-json\/wp\/v2\/channels?post=6745"}],"curies":[{"name":"wp","href":"https:\/\/api.w.org\/{rel}","templated":true}]}}