{"id":6732,"date":"2024-03-25T16:12:58","date_gmt":"2024-03-25T15:12:58","guid":{"rendered":"https:\/\/ferrygut.com\/product\/munchkin-auslaufsicherer-strohhalmbecher-gruen\/"},"modified":"2025-04-15T12:34:15","modified_gmt":"2025-04-15T10:34:15","slug":"munchkin-auslaufsicherer-strohhalmbecher-gruen","status":"publish","type":"product","link":"https:\/\/ferrygut.com\/de\/produkt\/munchkin-auslaufsicherer-strohhalmbecher-gruen\/","title":{"rendered":"Munchkin &#8211; Auslaufsicherer Strohhalmbecher &#8211; Gr\u00fcn"},"content":{"rendered":"<p><span style=\"font-size: 14px;\">Der Munchkin Sippy Strohhalmbecher bietet ein Trinkerlebnis, das nicht nur das Zahnfleisch deines Kindes schont, sondern auch f\u00fcr ultimativen Komfort und kein Durcheinander sorgt! Mit seinem weichen Silikonmundst\u00fcck, das speziell f\u00fcr bequemes Trinken entwickelt wurde, ist dieser Becher ideal f\u00fcr kleine M\u00fcnder. Die langlebige, weiche T\u00fclle widersteht dem Kauen, auch wenn die Z\u00e4hne durchkommen.  <\/span><\/p>\n<h4>Bequemes Trinken mit Auslaufschutz-Garantie<\/h4>\n<p>Dank des weichen Strohhalms des Munchkin Sippy Straw Cups wird das Trinken bequem und ein Verschlucken praktisch unm\u00f6glich. Das innovative Click Lock System sorgt daf\u00fcr, dass der Deckel mit einem beruhigenden Klickger\u00e4usch immer sicher verschlossen ist. So ist es nicht nur bequem f\u00fcr die Eltern, sondern macht den Kindern auch Spa\u00df, selbstst\u00e4ndig zu trinken.  <\/p>\n<h4>Praktisches und sicheres Design<\/h4>\n<p>Der Munchkin Anti-leak Straws Becher ist garantiert 100% auslaufsicher und l\u00e4sst sich von kleinen H\u00e4nden leicht greifen. Dank seines praktischen Designs kann der Becher ganz einfach im oberen Fach der Sp\u00fclmaschine gereinigt werden. Dieser Becher wurde mit Blick auf die Sicherheit hergestellt und ist f\u00fcr Kinder ab etwa 12 Monaten geeignet.  <\/p>\n<p>Nimm den Munchkin Anti-Leck-Strohhalm-Becher in deine Sammlung von Babyutensilien auf und genie\u00dfe stressfreies Trinken f\u00fcr dein Kleines, wo immer du bist!<\/p>\n<p>&nbsp;<\/p>\n<p>&nbsp;<\/p>\n","protected":false},"excerpt":{"rendered":"<p>Der Munchkin Sippy Strohhalmbecher bietet ein Trinkerlebnis, das nicht nur das Zahnfleisch deines Kindes schont, sondern auch f\u00fcr ultimativen Komfort und kein Durcheinander sorgt! Mit seinem weichen Silikonmundst\u00fcck, das speziell f\u00fcr bequemes Trinken entwickelt wurde, ist dieser Becher ideal f\u00fcr kleine M\u00fcnder. Die langlebige, weiche T\u00fclle widersteht dem Kauen, auch wenn die Z\u00e4hne durchkommen. Bequemes [&hellip;]<\/p>\n","protected":false},"featured_media":6734,"comment_status":"closed","ping_status":"closed","template":"","meta":{"_acf_changed":false,"_seopress_robots_primary_cat":"none","_seopress_titles_title":"Munchkin | Auslaufsicherer Strohhalmbecher | Gr\u00fcn | FerryGut.com","_seopress_titles_desc":"Bringe deinem Kind bei, selbstst\u00e4ndig zu trinken mit dem auslaufsicheren Becher von Munchkin | Bequemes Trinken ohne Kleckern | Jetzt bei FerryGut bestellen! | W\u00e4hle deinen Lieferservice ","_seopress_robots_index":""},"product_brand":[],"product_cat":[2882,2895,2896],"product_tag":[],"brands":[5289],"channels":[],"class_list":{"0":"post-6732","1":"product","2":"type-product","3":"status-publish","4":"has-post-thumbnail","6":"product_cat-baby-kind","7":"product_cat-essen-und-trinken","8":"product_cat-tassen","9":"brands-munchkin","11":"first","12":"outofstock","13":"taxable","14":"shipping-taxable","15":"purchasable","16":"product-type-simple"},"acf":[],"weight_unit":"kg","dimension_unit":"cm","packaging_unit":"St\u00fccke","country_of_origin":"China","weee_germany":"DE97744419","website_url":"https:\/\/ferrygut.com\/","verkoper":"FerryGut.com","postcode":"5048CD","telefoonnummer":"+31850000735","_links":{"self":[{"href":"https:\/\/ferrygut.com\/de\/wp-json\/wp\/v2\/product\/6732","targetHints":{"allow":["GET"]}}],"collection":[{"href":"https:\/\/ferrygut.com\/de\/wp-json\/wp\/v2\/product"}],"about":[{"href":"https:\/\/ferrygut.com\/de\/wp-json\/wp\/v2\/types\/product"}],"replies":[{"embeddable":true,"href":"https:\/\/ferrygut.com\/de\/wp-json\/wp\/v2\/comments?post=6732"}],"wp:featuredmedia":[{"embeddable":true,"href":"https:\/\/ferrygut.com\/de\/wp-json\/wp\/v2\/media\/6734"}],"wp:attachment":[{"href":"https:\/\/ferrygut.com\/de\/wp-json\/wp\/v2\/media?parent=6732"}],"wp:term":[{"taxonomy":"product_brand","embeddable":true,"href":"https:\/\/ferrygut.com\/de\/wp-json\/wp\/v2\/product_brand?post=6732"},{"taxonomy":"product_cat","embeddable":true,"href":"https:\/\/ferrygut.com\/de\/wp-json\/wp\/v2\/product_cat?post=6732"},{"taxonomy":"product_tag","embeddable":true,"href":"https:\/\/ferrygut.com\/de\/wp-json\/wp\/v2\/product_tag?post=6732"},{"taxonomy":"brands","embeddable":true,"href":"https:\/\/ferrygut.com\/de\/wp-json\/wp\/v2\/brands?post=6732"},{"taxonomy":"channels","embeddable":true,"href":"https:\/\/ferrygut.com\/de\/wp-json\/wp\/v2\/channels?post=6732"}],"curies":[{"name":"wp","href":"https:\/\/api.w.org\/{rel}","templated":true}]}}