{"id":6723,"date":"2024-03-25T16:32:05","date_gmt":"2024-03-25T15:32:05","guid":{"rendered":"https:\/\/ferrygut.com\/product\/munchkin-auslaufsicherer-strohhalmbecher-orange\/"},"modified":"2025-04-15T12:33:51","modified_gmt":"2025-04-15T10:33:51","slug":"munchkin-auslaufsicherer-strohhalmbecher-orange","status":"publish","type":"product","link":"https:\/\/ferrygut.com\/de\/produkt\/munchkin-auslaufsicherer-strohhalmbecher-orange\/","title":{"rendered":"Munchkin &#8211; Auslaufsicherer Strohhalmbecher &#8211; Orange"},"content":{"rendered":"<p><span style=\"font-size: 14px;\">Eine ausreichende Fl\u00fcssigkeitszufuhr f\u00fcr dein Kind ist wichtig, und der Munchkin Trinkbecher macht es einfacher denn je.<br \/>\nWerfen wir einen Blick auf die Eigenschaften und Vorteile dieses praktischen Trinkbechers. <\/span><\/p>\n<h5>Benutzerfreundliches Design<\/h5>\n<p>Der atile cup Trinkbecher wurde mit Blick auf den Komfort deines Kindes entwickelt.<br \/>\nDer praktische Strohhalm macht es Kindern leicht, zu trinken, ohne zu kleckern, w\u00e4hrend die robuste Konstruktion dem t\u00e4glichen Gebrauch standh\u00e4lt. <\/p>\n<h5>Gesunde Fl\u00fcssigkeitszufuhr, jederzeit und \u00fcberall<\/h5>\n<p>Ob zu Hause, unterwegs oder auf einem Ausflug, dieser Trinkbecher sorgt daf\u00fcr, dass dein Kleines immer Zugang zu Fl\u00fcssigkeit hat.<br \/>\nF\u00fclle den Becher mit Wasser, Saft oder Milch und lass dein Kind ein erfrischendes Getr\u00e4nk genie\u00dfen, wo immer es ist. <\/p>\n<h5>Leicht zu reinigen<\/h5>\n<p>Hygiene ist wichtig, vor allem, wenn es um Produkte f\u00fcr Kinder geht.<br \/>\nZum Gl\u00fcck ist der auslaufsichere Trinkbecher leicht zu reinigen.<br \/>\nDie abnehmbaren Teile k\u00f6nnen in warmer Seifenlauge oder in der Sp\u00fclmaschine gewaschen werden, um den Komfort zu erh\u00f6hen.  <\/p>\n<h5>Nachhaltig und sicher<\/h5>\n<p>Wie alle Produkte von Munchkin besteht auch der Tip &amp; Sip Trinkbecher aus hochwertigen Materialien, die frei von Schadstoffen sind.<br \/>\nDu kannst dich darauf verlassen, dass dein Kleines sicher trinkt, w\u00e4hrend die robuste Konstruktion f\u00fcr eine lange Lebensdauer sorgt. <\/p>\n<h5>Ermutigt zur Unabh\u00e4ngigkeit<\/h5>\n<p>Mit seinem benutzerfreundlichen Design f\u00f6rdert der Trinkbecher die Unabh\u00e4ngigkeit deines Kindes. Sie k\u00f6nnen leicht lernen, selbst zu trinken, was ihre Entwicklung und ihr Selbstvertrauen f\u00f6rdert. <\/p>\n<p>Kurz gesagt, der Munchkin Anti-Auslauf-Trinkbecher ist ein Muss f\u00fcr Eltern, die Wert auf Bequemlichkeit, Hygiene und gesunde Fl\u00fcssigkeitszufuhr f\u00fcr ihre Kleinen legen. Mit seinem benutzerfreundlichen Design und seiner robusten Konstruktion ist er der perfekte Begleiter zu Hause und unterwegs. <\/p>\n","protected":false},"excerpt":{"rendered":"<p>Eine ausreichende Fl\u00fcssigkeitszufuhr f\u00fcr dein Kind ist wichtig, und der Munchkin Trinkbecher macht es einfacher denn je. Werfen wir einen Blick auf die Eigenschaften und Vorteile dieses praktischen Trinkbechers. Benutzerfreundliches Design Der atile cup Trinkbecher wurde mit Blick auf den Komfort deines Kindes entwickelt. Der praktische Strohhalm macht es Kindern leicht, zu trinken, ohne zu [&hellip;]<\/p>\n","protected":false},"featured_media":6724,"comment_status":"closed","ping_status":"closed","template":"","meta":{"_acf_changed":false,"_seopress_robots_primary_cat":"none","_seopress_titles_title":"Munchkin | Auslaufsicherer Strohhalmbecher | Orange | FerryGut.com","_seopress_titles_desc":"Der auslaufsichere Strohhalmbecher von Munchkin ist garantiert 100% auslaufsicher und bringt deinem Kind bei, selbstst\u00e4ndig zu trinken | Bestelle ihn bei FerryGut! | Kostenloser Versand ab \u20ac 19 ","_seopress_robots_index":""},"product_brand":[],"product_cat":[2882,2895,2896],"product_tag":[],"brands":[5289],"channels":[],"class_list":{"0":"post-6723","1":"product","2":"type-product","3":"status-publish","4":"has-post-thumbnail","6":"product_cat-baby-kind","7":"product_cat-essen-und-trinken","8":"product_cat-tassen","9":"brands-munchkin","11":"first","12":"outofstock","13":"taxable","14":"shipping-taxable","15":"purchasable","16":"product-type-simple"},"acf":[],"weight_unit":"kg","dimension_unit":"cm","packaging_unit":"St\u00fccke","country_of_origin":"China","weee_germany":"DE97744419","website_url":"https:\/\/ferrygut.com\/","verkoper":"FerryGut.com","postcode":"5048CD","telefoonnummer":"+31850000735","_links":{"self":[{"href":"https:\/\/ferrygut.com\/de\/wp-json\/wp\/v2\/product\/6723","targetHints":{"allow":["GET"]}}],"collection":[{"href":"https:\/\/ferrygut.com\/de\/wp-json\/wp\/v2\/product"}],"about":[{"href":"https:\/\/ferrygut.com\/de\/wp-json\/wp\/v2\/types\/product"}],"replies":[{"embeddable":true,"href":"https:\/\/ferrygut.com\/de\/wp-json\/wp\/v2\/comments?post=6723"}],"wp:featuredmedia":[{"embeddable":true,"href":"https:\/\/ferrygut.com\/de\/wp-json\/wp\/v2\/media\/6724"}],"wp:attachment":[{"href":"https:\/\/ferrygut.com\/de\/wp-json\/wp\/v2\/media?parent=6723"}],"wp:term":[{"taxonomy":"product_brand","embeddable":true,"href":"https:\/\/ferrygut.com\/de\/wp-json\/wp\/v2\/product_brand?post=6723"},{"taxonomy":"product_cat","embeddable":true,"href":"https:\/\/ferrygut.com\/de\/wp-json\/wp\/v2\/product_cat?post=6723"},{"taxonomy":"product_tag","embeddable":true,"href":"https:\/\/ferrygut.com\/de\/wp-json\/wp\/v2\/product_tag?post=6723"},{"taxonomy":"brands","embeddable":true,"href":"https:\/\/ferrygut.com\/de\/wp-json\/wp\/v2\/brands?post=6723"},{"taxonomy":"channels","embeddable":true,"href":"https:\/\/ferrygut.com\/de\/wp-json\/wp\/v2\/channels?post=6723"}],"curies":[{"name":"wp","href":"https:\/\/api.w.org\/{rel}","templated":true}]}}