{"id":6713,"date":"2024-05-06T15:47:38","date_gmt":"2024-05-06T13:47:38","guid":{"rendered":"https:\/\/ferrygut.com\/product\/geuther-babybett-mayla-zusammenklappbar-natural\/"},"modified":"2025-04-28T15:30:56","modified_gmt":"2025-04-28T13:30:56","slug":"geuther-babybett-mayla-zusammenklappbar-natural","status":"publish","type":"product","link":"https:\/\/ferrygut.com\/de\/produkt\/geuther-babybett-mayla-zusammenklappbar-natural\/","title":{"rendered":"Geuther &#8211; Babybett Mayla &#8211; zusammenklappbar &#8211; Natural"},"content":{"rendered":"<div class=\"flex-1 overflow-hidden\">\n<div class=\"react-scroll-to-bottom--css-srvgj-79elbk h-full\">\n<div class=\"react-scroll-to-bottom--css-srvgj-1n7m0yu\">\n<div class=\"flex flex-col text-sm pb-9\">\n<div class=\"w-full text-token-text-primary\" dir=\"auto\" data-testid=\"conversation-turn-287\" data-scroll-anchor=\"true\">\n<div class=\"px-4 py-2 justify-center text-base md:gap-6 m-auto\">\n<div class=\"flex flex-1 text-base mx-auto gap-3 juice:gap-4 juice:md:gap-6 md:px-5 lg:px-1 xl:px-5 md:max-w-3xl lg:max-w-[40rem] xl:max-w-[48rem]\">\n<div class=\"relative flex w-full min-w-0 flex-col agent-turn\">\n<div class=\"flex-col gap-1 md:gap-3\">\n<div class=\"flex flex-grow flex-col max-w-full\">\n<div class=\"min-h-[20px] text-message flex flex-col items-start gap-3 whitespace-pre-wrap break-words [.text-message+&amp;]:mt-5 overflow-x-auto\" dir=\"auto\" data-message-author-role=\"assistant\" data-message-id=\"4a5f209d-38f6-46a5-8331-27605ad15383\">\n<div class=\"result-streaming markdown prose w-full break-words dark:prose-invert light\">\n<p>Entdecke das Geuther Babybett Mayla: ein zusammenklappbares und umweltfreundliches Babybett, das Komfort und Sicherheit f\u00fcr dein Kleines bietet. Hier sind die Eigenschaften und Vorteile dieses praktischen Babybetts. <\/p>\n<h5>Sicherer und komfortabler Schlaf<\/h5>\n<p>Das Geuther Babybett Mayla bietet eine sichere und komfortable Schlafumgebung f\u00fcr dein Baby.<br \/>\nDas Kinderbett ist robust und stabil, so dass du dein Kleines beruhigt schlafen lassen kannst.<br \/>\nDer Lattenrost ist h\u00f6henverstellbar, damit das Bettchen mit deinem Baby mitwachsen kann.  <\/p>\n<h5>Zusammenklappbares Design<\/h5>\n<p>Das Kinderbett ist zusammenklappbar, sodass es leicht zu transportieren und zu verstauen ist.<br \/>\nIdeal f\u00fcr den Gebrauch zu Hause, aber auch f\u00fcr Reisen oder \u00dcbernachtungen bei den Gro\u00dfeltern. <\/p>\n<h5>Umweltfreundliches Material<\/h5>\n<p>Das Geuther Babybett Mayla ist aus hochwertigem, umweltfreundlichem Material gefertigt.<br \/>\nDas verwendete Holz stammt aus nachhaltig bewirtschafteten W\u00e4ldern und erf\u00fcllt die strengsten Sicherheitsstandards. <\/p>\n<h5>Leicht zu montieren<\/h5>\n<p>Das Kinderbett ist einfach zusammenzubauen und wird mit einer klaren Anleitung geliefert.<br \/>\nDu brauchst kein spezielles Werkzeug und innerhalb weniger Minuten ist das Bett einsatzbereit. <\/p>\n<h5>Inklusive Lattenrost<\/h5>\n<p>Das Kinderbett wird mit einem Lattenrost geliefert, sodass du kein zus\u00e4tzliches Zubeh\u00f6r kaufen musst.<br \/>\nDer Lattenrost ist h\u00f6henverstellbar, sodass du die H\u00f6he an die Bed\u00fcrfnisse deines wachsenden Babys anpassen kannst. <\/p>\n<h5>Wichtige Merkmale:<\/h5>\n<ul>\n<li>Faltbares Kinderbett mit Lattenrost<\/li>\n<li>Sicherer und komfortabler Schlaf<\/li>\n<li>Umweltfreundliches Material<\/li>\n<li>Leicht zu montieren<\/li>\n<li>H\u00f6henverstellbarer Lattenrost<\/li>\n<\/ul>\n<p><em>Mit dem Geuther Babybett Mayla bietest du deinem Kleinen eine sichere und bequeme Schlafumgebung, in der es wegtr\u00e4umen kann.<\/em><\/p>\n<\/div>\n<\/div>\n<\/div>\n<div class=\"mt-1 flex gap-3 empty:hidden\">\n<div class=\"text-gray-400 flex self-end lg:self-center items-center justify-center lg:justify-start mt-0 -ml-1 h-7 gap-[2px] invisible\"><\/div>\n<\/div>\n<\/div>\n<div class=\"absolute\">\n<div class=\"flex w-full gap-2 items-center justify-center\"><\/div>\n<\/div>\n<\/div>\n<\/div>\n<\/div>\n<\/div>\n<\/div>\n<\/div>\n<\/div>\n<\/div>\n<div class=\"w-full pt-2 md:pt-0 dark:border-white\/20 md:border-transparent md:dark:border-transparent md:w-[calc(100%-.5rem)] juice:w-full\">\n<form class=\"stretch flex flex-row gap-3 last:mb-2 md:last:mb-6 mx-2 md:mx-4 lg:mx-auto lg:max-w-2xl xl:max-w-3xl\">\n<div class=\"relative flex h-full max-w-full flex-1 flex-col\">\n<div class=\"absolute bottom-full left-0 right-0\"><\/div>\n<div class=\"flex w-full items-center\"><\/div>\n<\/div>\n<\/form>\n<\/div>\n","protected":false},"excerpt":{"rendered":"<p>Entdecke das Geuther Babybett Mayla: ein zusammenklappbares und umweltfreundliches Babybett, das Komfort und Sicherheit f\u00fcr dein Kleines bietet. Hier sind die Eigenschaften und Vorteile dieses praktischen Babybetts. Sicherer und komfortabler Schlaf Das Geuther Babybett Mayla bietet eine sichere und komfortable Schlafumgebung f\u00fcr dein Baby. Das Kinderbett ist robust und stabil, so dass du dein Kleines [&hellip;]<\/p>\n","protected":false},"featured_media":20241,"comment_status":"closed","ping_status":"closed","template":"","meta":{"_acf_changed":false,"_seopress_robots_primary_cat":"none","_seopress_titles_title":"Geuther Mayla | Faltbares Babybett | Natur | Ferrygut.com","_seopress_titles_desc":"Entdecke das Geuther Mayla Babybett - zusammenklappbar und umweltfreundlich. Ein sicherer Schlafplatz f\u00fcr dein Kleines.  Bestelle jetzt bei ferrygut.com!","_seopress_robots_index":""},"product_brand":[],"product_cat":[2882,2891,2886],"product_tag":[],"brands":[5307],"channels":[],"class_list":{"0":"post-6713","1":"product","2":"type-product","3":"status-publish","4":"has-post-thumbnail","6":"product_cat-baby-kind","7":"product_cat-baby-boxen","8":"product_cat-mobel","9":"brands-geuther","11":"first","12":"outofstock","13":"taxable","14":"shipping-taxable","15":"purchasable","16":"product-type-simple"},"acf":[],"weight_unit":"kg","dimension_unit":"cm","packaging_unit":"St\u00fccke","country_of_origin":"China","weee_germany":"DE97744419","website_url":"https:\/\/ferrygut.com\/","verkoper":"FerryGut.com","postcode":"5048CD","telefoonnummer":"+31850000735","_links":{"self":[{"href":"https:\/\/ferrygut.com\/de\/wp-json\/wp\/v2\/product\/6713","targetHints":{"allow":["GET"]}}],"collection":[{"href":"https:\/\/ferrygut.com\/de\/wp-json\/wp\/v2\/product"}],"about":[{"href":"https:\/\/ferrygut.com\/de\/wp-json\/wp\/v2\/types\/product"}],"replies":[{"embeddable":true,"href":"https:\/\/ferrygut.com\/de\/wp-json\/wp\/v2\/comments?post=6713"}],"wp:featuredmedia":[{"embeddable":true,"href":"https:\/\/ferrygut.com\/de\/wp-json\/wp\/v2\/media\/20241"}],"wp:attachment":[{"href":"https:\/\/ferrygut.com\/de\/wp-json\/wp\/v2\/media?parent=6713"}],"wp:term":[{"taxonomy":"product_brand","embeddable":true,"href":"https:\/\/ferrygut.com\/de\/wp-json\/wp\/v2\/product_brand?post=6713"},{"taxonomy":"product_cat","embeddable":true,"href":"https:\/\/ferrygut.com\/de\/wp-json\/wp\/v2\/product_cat?post=6713"},{"taxonomy":"product_tag","embeddable":true,"href":"https:\/\/ferrygut.com\/de\/wp-json\/wp\/v2\/product_tag?post=6713"},{"taxonomy":"brands","embeddable":true,"href":"https:\/\/ferrygut.com\/de\/wp-json\/wp\/v2\/brands?post=6713"},{"taxonomy":"channels","embeddable":true,"href":"https:\/\/ferrygut.com\/de\/wp-json\/wp\/v2\/channels?post=6713"}],"curies":[{"name":"wp","href":"https:\/\/api.w.org\/{rel}","templated":true}]}}