{"id":53670,"date":"2025-07-24T17:14:26","date_gmt":"2025-07-24T15:14:26","guid":{"rendered":"https:\/\/ferrygut.com\/product\/rolling-square-supertiny-65w\/"},"modified":"2025-07-24T17:20:06","modified_gmt":"2025-07-24T15:20:06","slug":"rolling-square-supertiny-65w","status":"publish","type":"product","link":"https:\/\/ferrygut.com\/de\/produkt\/rolling-square-supertiny-65w\/","title":{"rendered":"Rolling Square &#8211; Supertiny &#8211; 65W"},"content":{"rendered":"<div data-olk-copy-source=\"MessageBody\">Du kennst das bestimmt: Du bist auf einer Reise, bei der Arbeit oder in einem Caf\u00e9 und hast nur eine Steckdose frei &#8211; aber alle deine Ger\u00e4te wollen Strom. Gro\u00dfe, schwere Ladeger\u00e4te nehmen viel Platz weg und wiegen eine Ewigkeit in deiner Tasche. Das Rolling Square Super Tiny 65W hei\u00dft nicht umsonst so: Es ist das bisher kleinste und leichteste GaN-Ladeger\u00e4t und l\u00e4dt alle deine USB-C-Ger\u00e4te blitzschnell \u00fcber einen Anschluss auf.  <\/div>\n<h3><b>Vorteile<\/b><\/h3>\n<ul data-start=\"694\" data-end=\"970\">\n<li>\n<div role=\"presentation\">65 W Leistung: geeignet f\u00fcr Laptops, Tablets und Smartphones<\/div>\n<\/li>\n<li>\n<div role=\"presentation\">Ultrakompakt und leicht: Passt buchst\u00e4blich in deine Tasche<\/div>\n<\/li>\n<li>\n<div role=\"presentation\">Superschnelles Laden mit Power Delivery und PPS<\/div>\n<\/li>\n<li>\n<div role=\"presentation\">Eingebauter Schutz gegen \u00dcberhitzung und \u00dcberspannung<\/div>\n<\/li>\n<li>\n<div role=\"presentation\">EU-Stecker: sofort f\u00fcr den Einsatz in Europa bereit<\/div>\n<\/li>\n<\/ul>\n<h3><b>Im Einsatz<\/b><\/h3>\n<div>Du verwendest Supertiny ganz einfach \u00fcber den festen USB-C-Anschluss. Schlie\u00dfe dein USB-C-Kabel (nicht im Lieferumfang enthalten) z. B. an dein MacBook, iPad oder Android-Handy an und der Ladevorgang beginnt sofort. Dank der GaN-Technologie bleibt das Ladeger\u00e4t kompakt, k\u00fchl und effizient, auch bei l\u00e4ngerem Gebrauch.  <\/div>\n<h3><b>Zus\u00e4tzliche Merkmale<\/b><\/h3>\n<div>Das Geh\u00e4use ist aus robustem, hitzebest\u00e4ndigem Material gefertigt. Dank des festen EU-Steckers ist es innerhalb Europas direkt verwendbar, ohne dass Adapter oder Steckdosenadapter ben\u00f6tigt werden. Das Ladeger\u00e4t erkennt automatisch, welches Ger\u00e4t angeschlossen ist, und passt die Spannung f\u00fcr ein sicheres und schnelles Aufladen entsprechend an.  <\/div>\n<h3><b>Praktische Tipps<\/b><\/h3>\n<div>Dieses Ladeger\u00e4t ist ideal f\u00fcr Minimalisten, Gesch\u00e4ftsreisende oder Studenten. Nimm ein Ladeger\u00e4t f\u00fcr alle deine USB-C-Ger\u00e4te mit &#8211; von deinem Laptop bis zu deinem E-Reader. Hinweis: Du brauchst dein eigenes USB-C-Kabel. Weil es so klein ist, passt es sogar in die Rei\u00dfverschlusstasche deines Rucksacks.   <\/div>\n<h3><b>Was ist in dem Paket?<\/b><\/h3>\n<ul data-start=\"1892\" data-end=\"1981\">\n<li>\n<div role=\"presentation\">Rolling Square Super Tiny 65 W GaN-Ladeger\u00e4t (mit festem EU-Stecker)<\/div>\n<\/li>\n<li>\n<div role=\"presentation\">Benutzerhandbuch<\/div>\n<\/li>\n<\/ul>\n","protected":false},"excerpt":{"rendered":"<p>Du kennst das bestimmt: Du bist auf einer Reise, bei der Arbeit oder in einem Caf\u00e9 und hast nur eine Steckdose frei &#8211; aber alle deine Ger\u00e4te wollen Strom. Gro\u00dfe, schwere Ladeger\u00e4te nehmen viel Platz weg und wiegen eine Ewigkeit in deiner Tasche. Das Rolling Square Super Tiny 65W hei\u00dft nicht umsonst so: Es ist [&hellip;]<\/p>\n","protected":false},"featured_media":53661,"comment_status":"closed","ping_status":"closed","template":"","meta":{"_acf_changed":false,"_seopress_robots_primary_cat":"none","_seopress_titles_title":"","_seopress_titles_desc":"","_seopress_robots_index":""},"product_brand":[],"product_cat":[2938,2932],"product_tag":[],"brands":[5265],"channels":[],"class_list":{"0":"post-53670","1":"product","2":"type-product","3":"status-publish","4":"has-post-thumbnail","6":"product_cat-ladegerate","7":"product_cat-tech","8":"brands-rolling-square","10":"first","11":"instock","12":"taxable","13":"shipping-taxable","14":"purchasable","15":"product-type-simple"},"acf":[],"weight_unit":"kg","dimension_unit":"cm","packaging_unit":"St\u00fccke","country_of_origin":"China","weee_germany":"DE97744419","website_url":"https:\/\/ferrygut.com\/","verkoper":"FerryGut.com","postcode":"5048CD","telefoonnummer":"+31850000735","_links":{"self":[{"href":"https:\/\/ferrygut.com\/de\/wp-json\/wp\/v2\/product\/53670","targetHints":{"allow":["GET"]}}],"collection":[{"href":"https:\/\/ferrygut.com\/de\/wp-json\/wp\/v2\/product"}],"about":[{"href":"https:\/\/ferrygut.com\/de\/wp-json\/wp\/v2\/types\/product"}],"replies":[{"embeddable":true,"href":"https:\/\/ferrygut.com\/de\/wp-json\/wp\/v2\/comments?post=53670"}],"wp:featuredmedia":[{"embeddable":true,"href":"https:\/\/ferrygut.com\/de\/wp-json\/wp\/v2\/media\/53661"}],"wp:attachment":[{"href":"https:\/\/ferrygut.com\/de\/wp-json\/wp\/v2\/media?parent=53670"}],"wp:term":[{"taxonomy":"product_brand","embeddable":true,"href":"https:\/\/ferrygut.com\/de\/wp-json\/wp\/v2\/product_brand?post=53670"},{"taxonomy":"product_cat","embeddable":true,"href":"https:\/\/ferrygut.com\/de\/wp-json\/wp\/v2\/product_cat?post=53670"},{"taxonomy":"product_tag","embeddable":true,"href":"https:\/\/ferrygut.com\/de\/wp-json\/wp\/v2\/product_tag?post=53670"},{"taxonomy":"brands","embeddable":true,"href":"https:\/\/ferrygut.com\/de\/wp-json\/wp\/v2\/brands?post=53670"},{"taxonomy":"channels","embeddable":true,"href":"https:\/\/ferrygut.com\/de\/wp-json\/wp\/v2\/channels?post=53670"}],"curies":[{"name":"wp","href":"https:\/\/api.w.org\/{rel}","templated":true}]}}