{"id":52525,"date":"2025-07-13T21:10:35","date_gmt":"2025-07-13T19:10:35","guid":{"rendered":"https:\/\/ferrygut.com\/product\/outin-fino-tragbare-elektrische-kaffeemuhle\/"},"modified":"2026-03-08T00:45:42","modified_gmt":"2026-03-07T23:45:42","slug":"outin-fino-tragbare-elektrische-kaffeemuhle","status":"publish","type":"product","link":"https:\/\/ferrygut.com\/de\/produkt\/outin-fino-tragbare-elektrische-kaffeemuhle\/","title":{"rendered":"OutIn &#8211; Fino &#8211; Tragbare elektrische Kaffeem\u00fchle &#8211; Braun"},"content":{"rendered":"<p>Nichts geht \u00fcber frisch gemahlenen Kaffee, aber bei der Arbeit, beim Camping oder auf Reisen ist das oft keine Option. Du endest mit Instant- oder Kapselkaffee, der sich nicht wirklich frisch anf\u00fchlt. Die OutIn Fino l\u00f6st dieses Problem mit einem Handgriff: Mit dieser kompakten, kabellosen Kaffeem\u00fchle hast du die Kontrolle \u00fcber Geschmack und Qualit\u00e4t, egal wo du bist.  <\/p>\n<h3><b>Vorteile des OutIn Fino<\/b><\/h3>\n<ul>\n<li>28 pr\u00e4zise Mahlgradeinstellungen (von Espresso bis French Press) mit einem einzigen Dreh<span class=\"Apple-converted-space\"> <\/span><\/li>\n<li>38 mm 7-schneidiges konisches Edelstahlmahlwerk mit HRC 56-60 f\u00fcr gleichm\u00e4\u00dfiges, aromatisches Mahlen<\/li>\n<li>Kabelloses Design mit einem Gewicht von nur 690 g, ideal f\u00fcr unterwegs<span class=\"Apple-converted-space\"> <\/span><\/li>\n<li>USB-C, Akku innerhalb von 1 Stunde voll, gut f\u00fcr \u00b1 18 Espressi<span class=\"Apple-converted-space\"> <\/span><\/li>\n<li>Einfache Bedienung: Doppelklick oder Halten der Taste zum Starten, automatischer Stopp und Verstopfungsschutzfunktion<\/li>\n<\/ul>\n<h3><b>Wie benutzt du das OutIn Fino?<\/b><\/h3>\n<p>Stelle den Mahlgrad auf deine Lieblingseinstellung ein (Espresso, Moka, Filter, French Press). Hebe den eingebauten Trichter an, f\u00fcge bis zu 25 g Kaffeebohnen hinzu, klicke doppelt oder halte die Taste gedr\u00fcckt und das Mahlwerk erledigt den Rest. In Sekundenschnelle fertig, ohne manuelle Einstellung<span class=\"Apple-converted-space\"> <\/span><\/p>\n<h3><b>Was ist das Besondere am OutIn Fino?<\/b><\/h3>\n<p>Dank des patentierten, kalibrierungsfreien Drehknopfes wechselst du blitzschnell zwischen den Mahlmodi. Das Kegelmahlwerk erhitzt sich nicht und bewahrt die Aromen. Mit dem abnehmbaren Auffangbeh\u00e4lter und dem mitgelieferten Deckel kannst du das Mahlgut mitnehmen oder einfach in den OutIn Nano f\u00fcllen.  <\/p>\n<h3><b>Praktische Tipps &amp; Hintergrundinformationen<\/b><\/h3>\n<p>F\u00fcr perfekte Espressomischungen empfehlen Experten eine feine Mahlung, w\u00e4hrend eine gr\u00f6bere Mahlung ideal f\u00fcr French Press oder Cold Brew ist. Mit einer Drehung stellst du den Mahlgrad ein &#8211; alle Methoden auf Knopfdruck. Reinige das Mahlwerk mit der mitgelieferten B\u00fcrste oder dem Luftgebl\u00e4se und wische die Au\u00dfenseite mit einem leicht feuchten Tuch ab (nicht eintauchen!).  <\/p>\n<h4><b>Was ist in dem Paket?<\/b><\/h4>\n<ul>\n<li>OutIn Fino tragbare elektrische Kaffeem\u00fchle<\/li>\n<li>USB-C Ladekabel<\/li>\n<li>B\u00fcrste + Luftgebl\u00e4se f\u00fcr die Reinigung<\/li>\n<li>Dosiertunnel &amp; Mahldeckel<\/li>\n<li>Handbuch<\/li>\n<\/ul>\n","protected":false},"excerpt":{"rendered":"<p><strong>15% Rabatt mit dem Rabattcode &#8220;OUTINONSALE&#8221;<\/strong><\/p>\n","protected":false},"featured_media":52697,"comment_status":"closed","ping_status":"closed","template":"","meta":{"_acf_changed":false,"_seopress_robots_primary_cat":"none","_seopress_titles_title":"","_seopress_titles_desc":"","_seopress_robots_index":""},"product_brand":[],"product_cat":[9348,20084],"product_tag":[],"brands":[9295],"channels":[{"id":5331,"name":"Amazon","slug":"amazon-de"},{"id":5343,"name":"ANWB","slug":"anwb-de"},{"id":5349,"name":"Blokker","slug":"blokker-de"},{"id":5319,"name":"Bol","slug":"bol-de"},{"id":5325,"name":"Decathlon","slug":"decathlon-de"},{"id":5313,"name":"Kaufland","slug":"kaufland-de"},{"id":5337,"name":"Kruidvat","slug":"kruidvat-de"},{"id":5355,"name":"Obelink","slug":"obelink-de"}],"class_list":{"0":"post-52525","1":"product","2":"type-product","3":"status-publish","4":"has-post-thumbnail","6":"product_cat-kaffee-to-go","7":"product_cat-kaffeemuhlen","8":"brands-outin","9":"channels-amazon-de","10":"channels-anwb-de","11":"channels-blokker-de","12":"channels-bol-de","13":"channels-decathlon-de","14":"channels-kaufland-de","15":"channels-kruidvat-de","16":"channels-obelink-de","18":"first","19":"instock","20":"taxable","21":"shipping-taxable","22":"purchasable","23":"product-type-simple"},"acf":[],"weight_unit":"kg","dimension_unit":"cm","packaging_unit":"St\u00fccke","country_of_origin":"China","weee_germany":"DE97744419","website_url":"https:\/\/ferrygut.com\/","verkoper":"FerryGut.com","postcode":"5048CD","telefoonnummer":"+31850000735","_links":{"self":[{"href":"https:\/\/ferrygut.com\/de\/wp-json\/wp\/v2\/product\/52525","targetHints":{"allow":["GET"]}}],"collection":[{"href":"https:\/\/ferrygut.com\/de\/wp-json\/wp\/v2\/product"}],"about":[{"href":"https:\/\/ferrygut.com\/de\/wp-json\/wp\/v2\/types\/product"}],"replies":[{"embeddable":true,"href":"https:\/\/ferrygut.com\/de\/wp-json\/wp\/v2\/comments?post=52525"}],"wp:featuredmedia":[{"embeddable":true,"href":"https:\/\/ferrygut.com\/de\/wp-json\/wp\/v2\/media\/52697"}],"wp:attachment":[{"href":"https:\/\/ferrygut.com\/de\/wp-json\/wp\/v2\/media?parent=52525"}],"wp:term":[{"taxonomy":"product_brand","embeddable":true,"href":"https:\/\/ferrygut.com\/de\/wp-json\/wp\/v2\/product_brand?post=52525"},{"taxonomy":"product_cat","embeddable":true,"href":"https:\/\/ferrygut.com\/de\/wp-json\/wp\/v2\/product_cat?post=52525"},{"taxonomy":"product_tag","embeddable":true,"href":"https:\/\/ferrygut.com\/de\/wp-json\/wp\/v2\/product_tag?post=52525"},{"taxonomy":"brands","embeddable":true,"href":"https:\/\/ferrygut.com\/de\/wp-json\/wp\/v2\/brands?post=52525"},{"taxonomy":"channels","embeddable":true,"href":"https:\/\/ferrygut.com\/de\/wp-json\/wp\/v2\/channels?post=52525"}],"curies":[{"name":"wp","href":"https:\/\/api.w.org\/{rel}","templated":true}]}}