{"id":47951,"date":"2025-05-08T14:44:41","date_gmt":"2025-05-08T12:44:41","guid":{"rendered":"https:\/\/ferrygut.com\/product\/rolling-square-incharge-xs-4-in-1-schluesselanhaenger-kabel-grau\/"},"modified":"2026-01-04T21:12:46","modified_gmt":"2026-01-04T20:12:46","slug":"rolling-square-incharge-xs-4-in-1-schluesselanhaenger-kabel-grau","status":"publish","type":"product","link":"https:\/\/ferrygut.com\/de\/produkt\/rolling-square-incharge-xs-4-in-1-schluesselanhaenger-kabel-grau\/","title":{"rendered":"Rolling Square &#8211; inCharge XS &#8211; 4-in-1 Schl\u00fcsselanh\u00e4nger Kabel &#8211; Grau"},"content":{"rendered":"<p>Du kennst das: Du hast es eilig, dein Akku geht zur Neige und du hast gerade das falsche Kabel dabei. Oder du musst drei verschiedene Kabel f\u00fcr dein Telefon, deinen Laptop und deine Kopfh\u00f6rer mit dir herumschleppen. Der inCharge XS von Rolling Square schafft hier Abhilfe. Dieses kompakte 4-in-1-Schl\u00fcsselanh\u00e4ngerkabel passt an deinen Schl\u00fcsselbund und sorgt daf\u00fcr, dass du immer und \u00fcberall aufladen und synchronisieren kannst, unabh\u00e4ngig von Ger\u00e4t und Verbindung.   <\/p>\n<h3>Vorteile des inCharge XS<\/h3>\n<ul>\n<li>4-in-1-Ladeoptionen: USB-C zu USB-C, USB-C zu Lightning, USB-A zu USB-C und USB-A zu Lightning.<\/li>\n<li>Ultra-schnelle Ladegeschwindigkeit: Unterst\u00fctzt bis zu 240 W, einschlie\u00dflich 27 W f\u00fcr Apple Fast Charging.<\/li>\n<li>Kompakt und tragbar: nur 6,1 cm lang, passt an deinen Schl\u00fcsselbund.<\/li>\n<li>Langlebiges Design: Metallgeh\u00e4use, nylongeflochtenes Kabel und TPU-Verst\u00e4rkung.<\/li>\n<li>Magnetischer Verschluss: N52-Magnete halten das Kabel ordentlich geschlossen.<\/li>\n<li>Daten\u00fcbertragung: Unterst\u00fctzt eine Daten\u00fcbertragung von bis zu 480 Mbit\/s.<\/li>\n<\/ul>\n<h3>Immer mit einem Kabel vorbereitet<\/h3>\n<p>Mit dem inCharge XS musst du nie wieder verschiedene Kabel mitnehmen. Egal ob du ein iPhone, ein Android-Ger\u00e4t, einen Laptop oder ein anderes USB-C-Ger\u00e4t hast, dieses Kabel passt sich deinen Bed\u00fcrfnissen an. Mit vier verschiedenen Kombinationen kannst du jedes Ger\u00e4t m\u00fchelos aufladen oder synchronisieren.  <\/p>\n<h3>Entworfen f\u00fcr das moderne Leben<\/h3>\n<p>Das inCharge XS ist nicht nur funktional, sondern auch stylisch. Es wurde in der Schweiz entwickelt und kombiniert schlankes Design mit hochwertigen Materialien. Das Kabel ist mit Aramidfasern verst\u00e4rkt und hat ein Metallgeh\u00e4use, das dem t\u00e4glichen Gebrauch standh\u00e4lt. Eingebaute Magnete sorgen daf\u00fcr, dass das Kabel kompakt bleibt, wenn es nicht gebraucht wird.   <\/p>\n<h3>Praktisch f\u00fcr unterwegs<\/h3>\n<p>Ob du auf Reisen bist, arbeitest oder einfach nur unterwegs bist, der inCharge XS ist dein zuverl\u00e4ssiger Begleiter. Durch seine kurze L\u00e4nge ist er ideal f\u00fcr die Verwendung mit Powerbanks oder Laptops, ohne dass ein Kabelsalat entsteht. Und mit der OTG-Funktion kannst du sogar andere Ger\u00e4te \u00fcber dein Telefon aufladen &#8211; praktisch f\u00fcr Notf\u00e4lle.  <\/p>\n<h4>Was ist in dem Paket?<\/h4>\n<p>inCharge XS 4-in-1 Schl\u00fcsselanh\u00e4nger Kabel<br \/>\nUmweltfreundliche Verpackung<\/p>\n","protected":false},"excerpt":{"rendered":"<p>Du kennst das: Du hast es eilig, dein Akku geht zur Neige und du hast gerade das falsche Kabel dabei. Oder du musst drei verschiedene Kabel f\u00fcr dein Telefon, deinen Laptop und deine Kopfh\u00f6rer mit dir herumschleppen. Der inCharge XS von Rolling Square schafft hier Abhilfe. Dieses kompakte 4-in-1-Schl\u00fcsselanh\u00e4ngerkabel passt an deinen Schl\u00fcsselbund und sorgt [&hellip;]<\/p>\n","protected":false},"featured_media":47890,"comment_status":"closed","ping_status":"closed","template":"","meta":{"_acf_changed":false,"_seopress_robots_primary_cat":"none","_seopress_titles_title":"","_seopress_titles_desc":"","_seopress_robots_index":""},"product_brand":[],"product_cat":[2945,2932],"product_tag":[],"brands":[5265],"channels":[],"class_list":{"0":"post-47951","1":"product","2":"type-product","3":"status-publish","4":"has-post-thumbnail","6":"product_cat-ladekabel","7":"product_cat-tech","8":"brands-rolling-square","10":"first","11":"instock","12":"taxable","13":"shipping-taxable","14":"purchasable","15":"product-type-simple"},"acf":[],"weight_unit":"kg","dimension_unit":"cm","packaging_unit":"St\u00fccke","country_of_origin":"China","weee_germany":"DE97744419","website_url":"https:\/\/ferrygut.com\/","verkoper":"FerryGut.com","postcode":"5048CD","telefoonnummer":"+31850000735","_links":{"self":[{"href":"https:\/\/ferrygut.com\/de\/wp-json\/wp\/v2\/product\/47951","targetHints":{"allow":["GET"]}}],"collection":[{"href":"https:\/\/ferrygut.com\/de\/wp-json\/wp\/v2\/product"}],"about":[{"href":"https:\/\/ferrygut.com\/de\/wp-json\/wp\/v2\/types\/product"}],"replies":[{"embeddable":true,"href":"https:\/\/ferrygut.com\/de\/wp-json\/wp\/v2\/comments?post=47951"}],"wp:featuredmedia":[{"embeddable":true,"href":"https:\/\/ferrygut.com\/de\/wp-json\/wp\/v2\/media\/47890"}],"wp:attachment":[{"href":"https:\/\/ferrygut.com\/de\/wp-json\/wp\/v2\/media?parent=47951"}],"wp:term":[{"taxonomy":"product_brand","embeddable":true,"href":"https:\/\/ferrygut.com\/de\/wp-json\/wp\/v2\/product_brand?post=47951"},{"taxonomy":"product_cat","embeddable":true,"href":"https:\/\/ferrygut.com\/de\/wp-json\/wp\/v2\/product_cat?post=47951"},{"taxonomy":"product_tag","embeddable":true,"href":"https:\/\/ferrygut.com\/de\/wp-json\/wp\/v2\/product_tag?post=47951"},{"taxonomy":"brands","embeddable":true,"href":"https:\/\/ferrygut.com\/de\/wp-json\/wp\/v2\/brands?post=47951"},{"taxonomy":"channels","embeddable":true,"href":"https:\/\/ferrygut.com\/de\/wp-json\/wp\/v2\/channels?post=47951"}],"curies":[{"name":"wp","href":"https:\/\/api.w.org\/{rel}","templated":true}]}}