{"id":47711,"date":"2025-05-06T16:29:58","date_gmt":"2025-05-06T14:29:58","guid":{"rendered":"https:\/\/ferrygut.com\/product\/rolling-square-tau-2-powerbank-fuer-deinen-schluesselbund\/"},"modified":"2026-01-04T21:10:14","modified_gmt":"2026-01-04T20:10:14","slug":"rolling-square-tau-2-powerbank-fuer-deinen-schluesselbund","status":"publish","type":"product","link":"https:\/\/ferrygut.com\/de\/produkt\/rolling-square-tau-2-powerbank-fuer-deinen-schluesselbund\/","title":{"rendered":"Rolling Square &#8211; TAU 2 &#8211; Mini Powerbank &#8211; Grau"},"content":{"rendered":"<p>Du kennst das: Du bist unterwegs, dein Handy meldet, dass der Akku leer ist, und du hast weder ein Ladeger\u00e4t noch eine Steckdose in der N\u00e4he. Oder du bist am Bahnhof und willst deine Route \u00fcberpr\u00fcfen, und pl\u00f6tzlich geht dein Smartphone kaputt. In solchen Momenten willst du nicht nach einem Kabel suchen oder eine schwere Powerbank aus deiner Tasche ziehen. Du willst einfach nur in der Lage sein, es sofort aufzuladen. Der TAU 2 von Rolling Square ist eine kompakte Powerbank f\u00fcr deinen Schl\u00fcsselbund, die immer f\u00fcr Notf\u00e4lle bereit ist. Du merkst kaum, dass du sie dabei hast &#8211; bis du sie brauchst.     <\/p>\n<h3>Vorteile des TAU 2<\/h3>\n<ul>\n<li>  Kompakte 2.000-mAh-Powerbank &#8211; ideal f\u00fcr den Einsatz im Notfall<\/li>\n<li>Kann an deinem Schl\u00fcsselbund befestigt werden &#8211; immer dabei<\/li>\n<li>Integrierte USB-C-, Lightning- und Micro-USB-Anschl\u00fcsse<\/li>\n<li>Magnetische Dockingstation f\u00fcr automatisches Aufladen<\/li>\n<li>NFC-Chip und QR-Code f\u00fcr digitale Visitenkarte<\/li>\n<li>Lost Mode zur Wiederherstellung verlorener Schl\u00fcssel<\/li>\n<li>Immer aktuell, ohne zu suchen<\/li>\n<\/ul>\n<p>Der TAU 2 ist f\u00fcr Situationen gedacht, in denen du Strom brauchst, aber keinen Platz f\u00fcr eine gro\u00dfe Powerbank hast. Dank seiner handlichen Gr\u00f6\u00dfe f\u00fcr den Schl\u00fcsselbund hast du ihn immer dabei &#8211; buchst\u00e4blich in deiner Tasche. Mit einer Kapazit\u00e4t von 2.000 mAh kannst du dein Smartphone schnell auf etwa 30 % aufladen &#8211; genug, um mit deinem Telefon in Verbindung zu bleiben, zu navigieren oder zu bezahlen.  <\/p>\n<h4>Intelligentes Design, intelligente Funktionen<\/h4>\n<p>Der TAU 2 enth\u00e4lt nicht nur Energie, sondern auch intelligente Technologie. \u00dcber den eingebauten NFC-Chip oder den QR-Code kannst du ganz einfach deine digitale Visitenkarte weitergeben &#8211; ideal f\u00fcr Networking-Situationen. Und mit dem Lost Mode kannst du deine Kontaktdaten anzeigen, wenn jemand deinen Schl\u00fcsselbund findet. Das Geh\u00e4use ist robust, leicht und stilvoll &#8211; und passt m\u00fchelos zu deinen Schl\u00fcsseln.   <\/p>\n<h4>Aufladen ohne zur\u00fcckzuschauen<\/h4>\n<p>Der TAU 2 wird mit einer magnetischen Halterung geliefert. Du befestigst sie an einer Wand, einem Schrank oder einem Schreibtisch. Wenn du nach Hause kommst, h\u00e4ngst du deine Schl\u00fcssel daran &#8211; und deine Powerbank wird automatisch aufgeladen. Du musst dir keine Gedanken dar\u00fcber machen, ob deine Powerbank aufgeladen ist: Sie ist immer einsatzbereit.   <\/p>\n<h4>Was ist in dem Paket?<\/h4>\n<ul>\n<li>1\u00d7 Rolling Square TAU 2 Powerbank (2.000 mAh)<\/li>\n<li>1\u00d7 Magnetische Ladestation<\/li>\n<li>1\u00d7 Doppelseitiges Befestigungsband<\/li>\n<li>1\u00d7 Handbuch<\/li>\n<\/ul>\n","protected":false},"excerpt":{"rendered":"<p>Du kennst das: Du bist unterwegs, dein Handy meldet, dass der Akku leer ist, und du hast weder ein Ladeger\u00e4t noch eine Steckdose in der N\u00e4he. Oder du bist am Bahnhof und willst deine Route \u00fcberpr\u00fcfen, und pl\u00f6tzlich geht dein Smartphone kaputt. In solchen Momenten willst du nicht nach einem Kabel suchen oder eine schwere [&hellip;]<\/p>\n","protected":false},"featured_media":52943,"comment_status":"closed","ping_status":"closed","template":"","meta":{"_acf_changed":false,"_seopress_robots_primary_cat":"none","_seopress_titles_title":"","_seopress_titles_desc":"","_seopress_robots_index":""},"product_brand":[],"product_cat":[2904,2935,2936,2932],"product_tag":[],"brands":[5265],"channels":[],"class_list":{"0":"post-47711","1":"product","2":"type-product","3":"status-publish","4":"has-post-thumbnail","6":"product_cat-camping","7":"product_cat-powerbanks","8":"product_cat-powerbanks-de","9":"product_cat-tech","10":"brands-rolling-square","12":"first","13":"outofstock","14":"taxable","15":"shipping-taxable","16":"purchasable","17":"product-type-simple"},"acf":[],"weight_unit":"kg","dimension_unit":"cm","packaging_unit":"St\u00fccke","country_of_origin":"China","weee_germany":"DE97744419","website_url":"https:\/\/ferrygut.com\/","verkoper":"FerryGut.com","postcode":"5048CD","telefoonnummer":"+31850000735","_links":{"self":[{"href":"https:\/\/ferrygut.com\/de\/wp-json\/wp\/v2\/product\/47711","targetHints":{"allow":["GET"]}}],"collection":[{"href":"https:\/\/ferrygut.com\/de\/wp-json\/wp\/v2\/product"}],"about":[{"href":"https:\/\/ferrygut.com\/de\/wp-json\/wp\/v2\/types\/product"}],"replies":[{"embeddable":true,"href":"https:\/\/ferrygut.com\/de\/wp-json\/wp\/v2\/comments?post=47711"}],"wp:featuredmedia":[{"embeddable":true,"href":"https:\/\/ferrygut.com\/de\/wp-json\/wp\/v2\/media\/52943"}],"wp:attachment":[{"href":"https:\/\/ferrygut.com\/de\/wp-json\/wp\/v2\/media?parent=47711"}],"wp:term":[{"taxonomy":"product_brand","embeddable":true,"href":"https:\/\/ferrygut.com\/de\/wp-json\/wp\/v2\/product_brand?post=47711"},{"taxonomy":"product_cat","embeddable":true,"href":"https:\/\/ferrygut.com\/de\/wp-json\/wp\/v2\/product_cat?post=47711"},{"taxonomy":"product_tag","embeddable":true,"href":"https:\/\/ferrygut.com\/de\/wp-json\/wp\/v2\/product_tag?post=47711"},{"taxonomy":"brands","embeddable":true,"href":"https:\/\/ferrygut.com\/de\/wp-json\/wp\/v2\/brands?post=47711"},{"taxonomy":"channels","embeddable":true,"href":"https:\/\/ferrygut.com\/de\/wp-json\/wp\/v2\/channels?post=47711"}],"curies":[{"name":"wp","href":"https:\/\/api.w.org\/{rel}","templated":true}]}}