{"id":47441,"date":"2025-05-02T13:01:38","date_gmt":"2025-05-02T11:01:38","guid":{"rendered":"https:\/\/ferrygut.com\/product\/luvego-faltbarer-bollerwagen\/"},"modified":"2026-02-24T16:08:34","modified_gmt":"2026-02-24T15:08:34","slug":"luvego-faltbarer-bollerwagen","status":"publish","type":"product","link":"https:\/\/ferrygut.com\/de\/produkt\/luvego-faltbarer-bollerwagen\/","title":{"rendered":"Luvego &#8211; Faltbarer Bollerwagen"},"content":{"rendered":"<div class=\"x_elementToProof\" data-olk-copy-source=\"MessageBody\">Du gehst aus und willst eine Menge Sachen mitnehmen? Dann ist ein Faltwagen eine praktische L\u00f6sung. Du kannst alle deine Sachen darin verstauen, ohne viel heben zu m\u00fcssen. Nimm die K\u00fchlbox, den Sonnenschirm und den Picknickkorb mit, und schon bist du bereit f\u00fcr einen Ausflug!   <\/div>\n<h2 class=\"x_elementToProof\"><strong>Die Vorteile des Luvego-Wagens<\/strong><\/h2>\n<ul>\n<li>Kann bis zu 80 kg an Ausr\u00fcstung tragen<\/li>\n<li>Stabile R\u00e4der f\u00fcr jede Art von Untergrund<\/li>\n<li>Leicht zu falten und zu tragen<\/li>\n<li>Der Griff ist verstellbar<\/li>\n<li>Eingeklappt: 72x52x25 cm \/ Ausgeklappt: 90x52x55 cm<\/li>\n<\/ul>\n<h3 class=\"x_elementToProof\"><b>Kann \u00fcberall eingesetzt werden, auch auf schwierigem Terrain<\/b><\/h3>\n<p class=\"x_elementToProof\">Dieser faltbare Wagen ist robust und kann einiges aushalten. Dank seiner speziellen R\u00e4der kannst du ihn leicht in den Wald, in einen Vergn\u00fcgungspark oder auf ein Festival mitnehmen. <\/p>\n<h3 class=\"x_elementToProof\"><b>Stark und zuverl\u00e4ssig<\/b><\/h3>\n<p class=\"x_elementToProof\">Der Wagen kann bis zu 80 kg tragen. Du musst dich also nicht entscheiden, was du mitnehmen willst. Der Wagen ist aus starkem Stahl und robustem Polyester gefertigt und kann daher viel aushalten.  <\/p>\n<h3 class=\"x_elementToProof\"><b>Leicht zu verstauen<\/b><\/h3>\n<p class=\"x_elementToProof\">Wenn du den Wagen nicht benutzt, kannst du ihn klein zusammenfalten. Das ist praktisch f\u00fcr das Auto oder den Schuppen. Das Zusammen- und Auseinanderfalten geht schnell und einfach. Wenn er zusammengeklappt ist (72x52x25 cm), kannst du die Schutzplatten um ihn wickeln, damit alles ordentlich bleibt. Im ausgeklappten Zustand hast du Platz f\u00fcr etwa 90 Liter Gep\u00e4ck.    <\/p>\n<h3 class=\"x_elementToProof\"><b>Was ist in der Box?<\/b><\/h3>\n<ul>\n<li>Luvego Faltwagen<\/li>\n<li>Handbuch<\/li>\n<\/ul>\n<p><strong><em>* Der Luvego-Wagentisch ist f\u00fcr diesen Wagen nicht geeignet.<\/em><\/strong><\/p>\n<div><\/div>\n","protected":false},"excerpt":{"rendered":"<p>Du gehst aus und willst eine Menge Sachen mitnehmen? Dann ist ein Faltwagen eine praktische L\u00f6sung. Du kannst alle deine Sachen darin verstauen, ohne viel heben zu m\u00fcssen. Nimm die K\u00fchlbox, den Sonnenschirm und den Picknickkorb mit, und schon bist du bereit f\u00fcr einen Ausflug! Die Vorteile des Luvego-Wagens Kann bis zu 80 kg an [&hellip;]<\/p>\n","protected":false},"featured_media":78261,"comment_status":"closed","ping_status":"closed","template":"","meta":{"_acf_changed":false,"_seopress_robots_primary_cat":"none","_seopress_titles_title":"","_seopress_titles_desc":"","_seopress_robots_index":""},"product_brand":[],"product_cat":[2904,2958],"product_tag":[],"brands":[5271],"channels":[],"class_list":{"0":"post-47441","1":"product","2":"type-product","3":"status-publish","4":"has-post-thumbnail","6":"product_cat-camping","7":"product_cat-trolleys","8":"brands-luvego","10":"first","11":"instock","12":"sale","13":"taxable","14":"shipping-taxable","15":"purchasable","16":"product-type-simple"},"acf":[],"weight_unit":"kg","dimension_unit":"cm","packaging_unit":"St\u00fccke","country_of_origin":"China","weee_germany":"DE97744419","website_url":"https:\/\/ferrygut.com\/","verkoper":"FerryGut.com","postcode":"5048CD","telefoonnummer":"+31850000735","_links":{"self":[{"href":"https:\/\/ferrygut.com\/de\/wp-json\/wp\/v2\/product\/47441","targetHints":{"allow":["GET"]}}],"collection":[{"href":"https:\/\/ferrygut.com\/de\/wp-json\/wp\/v2\/product"}],"about":[{"href":"https:\/\/ferrygut.com\/de\/wp-json\/wp\/v2\/types\/product"}],"replies":[{"embeddable":true,"href":"https:\/\/ferrygut.com\/de\/wp-json\/wp\/v2\/comments?post=47441"}],"wp:featuredmedia":[{"embeddable":true,"href":"https:\/\/ferrygut.com\/de\/wp-json\/wp\/v2\/media\/78261"}],"wp:attachment":[{"href":"https:\/\/ferrygut.com\/de\/wp-json\/wp\/v2\/media?parent=47441"}],"wp:term":[{"taxonomy":"product_brand","embeddable":true,"href":"https:\/\/ferrygut.com\/de\/wp-json\/wp\/v2\/product_brand?post=47441"},{"taxonomy":"product_cat","embeddable":true,"href":"https:\/\/ferrygut.com\/de\/wp-json\/wp\/v2\/product_cat?post=47441"},{"taxonomy":"product_tag","embeddable":true,"href":"https:\/\/ferrygut.com\/de\/wp-json\/wp\/v2\/product_tag?post=47441"},{"taxonomy":"brands","embeddable":true,"href":"https:\/\/ferrygut.com\/de\/wp-json\/wp\/v2\/brands?post=47441"},{"taxonomy":"channels","embeddable":true,"href":"https:\/\/ferrygut.com\/de\/wp-json\/wp\/v2\/channels?post=47441"}],"curies":[{"name":"wp","href":"https:\/\/api.w.org\/{rel}","templated":true}]}}