{"id":47388,"date":"2025-05-01T16:53:41","date_gmt":"2025-05-01T14:53:41","guid":{"rendered":"https:\/\/ferrygut.com\/product\/rolling-square-airnotch-pro-bluetooth-tracker-fuer-apple\/"},"modified":"2026-01-04T21:34:44","modified_gmt":"2026-01-04T20:34:44","slug":"rolling-square-airnotch-pro-bluetooth-tracker-fuer-apple","status":"publish","type":"product","link":"https:\/\/ferrygut.com\/de\/produkt\/rolling-square-airnotch-pro-bluetooth-tracker-fuer-apple\/","title":{"rendered":"Rolling Square &#8211; AirNotch Pro &#8211; Bluetooth Tracker f\u00fcr Apple"},"content":{"rendered":"<p class=\"p1\">Du kennst das: Du bist unterwegs und merkst pl\u00f6tzlich, dass du deine Schl\u00fcssel oder deine Tasche verloren hast. Panik. Du versuchst dich zu erinnern, wo du sie zuletzt gesehen hast, aber du kannst es nicht herausfinden. Die Rolling Square AirNotch Pro Apple-Version schafft hier Abhilfe. Dieser intelligente, kompakte Bluetooth-Tracker arbeitet nahtlos mit Apples Find My Network zusammen und hilft dir, deine Sachen blitzschnell wiederzufinden, auch wenn sie sich au\u00dferhalb der Bluetooth-Reichweite befinden.    <\/p>\n<h3 class=\"p2\"><b>Vorteile<\/b><\/h3>\n<ul class=\"ul1\">\n<li class=\"li1\">Kompatibel mit Apple Find My Network<\/li>\n<li class=\"li1\">Besonders kraftvoller Klang dank doppelter Lautsprecher<\/li>\n<li class=\"li1\">IP68 wasser- und staubdicht<\/li>\n<li class=\"li1\">Im Dunkeln leuchtend f\u00fcr Sichtbarkeit im Dunkeln<\/li>\n<li class=\"li1\">Auswechselbare Batterie (CR2032) &#8211; bis zu 20 Monate Betriebsdauer<\/li>\n<li class=\"li1\">Hergestellt aus robustem Aluminium mit integriertem Befestigungsring<\/li>\n<\/ul>\n<h3 class=\"p2\"><b>Intelligent und einfach zu bedienen<\/b><\/h3>\n<p class=\"p1\">Der AirNotch Pro funktioniert mit deiner bestehenden Apple Find My App. Du f\u00fcgst den Tracker in Sekundenschnelle zu deiner Apple ID hinzu. Hast du deine Tasche, dein Portemonnaie oder deine Schl\u00fcssel verloren? Dann lass den Tracker ein lautes Signal abspielen, das dank der doppelten Lautsprecherkonfiguration \u00fcber dein iPhone weit im Raum zu h\u00f6ren ist. Und bist du weiter weg? Dann zeigt Find My automatisch den letzten bekannten Standort an.     <\/p>\n<h3 class=\"p2\"><b>Robustes Design mit praktischen Details<\/b><\/h3>\n<p class=\"p1\">Dieser Tracker ist f\u00fcr eine intensive Nutzung gebaut. Das Geh\u00e4use besteht aus eloxiertem Aluminium und ist IP68-zertifiziert, d. h. es ist komplett wasser- und staubdicht. Die beiden Lautsprecher befinden sich an den gegen\u00fcberliegenden Seiten des Ger\u00e4ts, sodass du es immer und \u00fcberall deutlich h\u00f6ren kannst. Dank des integrierten Metallrings kannst du es direkt an deinem Schl\u00fcsselbund oder deiner Tasche befestigen, ohne zus\u00e4tzliches Zubeh\u00f6r.   <\/p>\n<h3 class=\"p2\"><b>\u00dcberall einsatzf\u00e4hig, immer sichtbar<\/b><\/h3>\n<p class=\"p1\">Die AirNotch Pro ist ideal f\u00fcr alle, die Schnelligkeit und Einfachheit sch\u00e4tzen. Verwende ihn an deinen Schl\u00fcsseln, deinem Rucksack, deinem Gep\u00e4ck oder sogar an deinem Hund. Dank seiner leuchtenden Akzente kannst du ihn auch in dunklen Umgebungen finden. Die austauschbare Batterie h\u00e4lt bis zu 20 Monate und ist leicht zu wechseln. Und weil er \u00fcber das Apple-Netzwerk funktioniert, brauchst du keine separate App, sondern verwendest einfach die bekannte Find My App auf deinem iPhone oder iPad.    <\/p>\n<h4 class=\"p1\"><b>Was ist in dem Paket?<\/b><\/h4>\n<ul class=\"ul1\">\n<li class=\"li1\">1\u00d7 Rolling Square AirNotch Pro Tracker (Apple Version)<\/li>\n<li class=\"li1\">1\u00d7 Integrierter Befestigungsring aus Metall<\/li>\n<li class=\"li1\">1\u00d7 CR2032 Batterie (vorinstalliert)<\/li>\n<li class=\"li1\">1\u00d7 Benutzerhandbuch<\/li>\n<\/ul>\n","protected":false},"excerpt":{"rendered":"<p>Du kennst das: Du bist unterwegs und merkst pl\u00f6tzlich, dass du deine Schl\u00fcssel oder deine Tasche verloren hast. Panik. Du versuchst dich zu erinnern, wo du sie zuletzt gesehen hast, aber du kannst es nicht herausfinden. Die Rolling Square AirNotch Pro Apple-Version schafft hier Abhilfe. Dieser intelligente, kompakte Bluetooth-Tracker arbeitet nahtlos mit Apples Find My [&hellip;]<\/p>\n","protected":false},"featured_media":47258,"comment_status":"closed","ping_status":"closed","template":"","meta":{"_acf_changed":false,"_seopress_robots_primary_cat":"none","_seopress_titles_title":"","_seopress_titles_desc":"","_seopress_robots_index":""},"product_brand":[],"product_cat":[2904,2932,2947,2948],"product_tag":[],"brands":[5265],"channels":[],"class_list":{"0":"post-47388","1":"product","2":"type-product","3":"status-publish","4":"has-post-thumbnail","6":"product_cat-camping","7":"product_cat-tech","8":"product_cat-tracker","9":"product_cat-tracker-de","10":"brands-rolling-square","12":"first","13":"instock","14":"taxable","15":"shipping-taxable","16":"purchasable","17":"product-type-simple"},"acf":[],"weight_unit":"kg","dimension_unit":"cm","packaging_unit":"St\u00fccke","country_of_origin":"China","weee_germany":"DE97744419","website_url":"https:\/\/ferrygut.com\/","verkoper":"FerryGut.com","postcode":"5048CD","telefoonnummer":"+31850000735","_links":{"self":[{"href":"https:\/\/ferrygut.com\/de\/wp-json\/wp\/v2\/product\/47388","targetHints":{"allow":["GET"]}}],"collection":[{"href":"https:\/\/ferrygut.com\/de\/wp-json\/wp\/v2\/product"}],"about":[{"href":"https:\/\/ferrygut.com\/de\/wp-json\/wp\/v2\/types\/product"}],"replies":[{"embeddable":true,"href":"https:\/\/ferrygut.com\/de\/wp-json\/wp\/v2\/comments?post=47388"}],"wp:featuredmedia":[{"embeddable":true,"href":"https:\/\/ferrygut.com\/de\/wp-json\/wp\/v2\/media\/47258"}],"wp:attachment":[{"href":"https:\/\/ferrygut.com\/de\/wp-json\/wp\/v2\/media?parent=47388"}],"wp:term":[{"taxonomy":"product_brand","embeddable":true,"href":"https:\/\/ferrygut.com\/de\/wp-json\/wp\/v2\/product_brand?post=47388"},{"taxonomy":"product_cat","embeddable":true,"href":"https:\/\/ferrygut.com\/de\/wp-json\/wp\/v2\/product_cat?post=47388"},{"taxonomy":"product_tag","embeddable":true,"href":"https:\/\/ferrygut.com\/de\/wp-json\/wp\/v2\/product_tag?post=47388"},{"taxonomy":"brands","embeddable":true,"href":"https:\/\/ferrygut.com\/de\/wp-json\/wp\/v2\/brands?post=47388"},{"taxonomy":"channels","embeddable":true,"href":"https:\/\/ferrygut.com\/de\/wp-json\/wp\/v2\/channels?post=47388"}],"curies":[{"name":"wp","href":"https:\/\/api.w.org\/{rel}","templated":true}]}}