{"id":47321,"date":"2025-05-01T16:45:45","date_gmt":"2025-05-01T14:45:45","guid":{"rendered":"https:\/\/ferrygut.com\/product\/aircard-pro-bluetooth-tracker-fuer-android\/"},"modified":"2026-01-04T21:33:59","modified_gmt":"2026-01-04T20:33:59","slug":"aircard-pro-bluetooth-tracker-fuer-android","status":"publish","type":"product","link":"https:\/\/ferrygut.com\/de\/produkt\/aircard-pro-bluetooth-tracker-fuer-android\/","title":{"rendered":"Rolling Square AirCard Pro &#8211; Tracker f\u00fcr Google &#8211; Wei\u00df"},"content":{"rendered":"<p class=\"p1\">Du hast dein Portemonnaie verloren? Oder noch schlimmer: Dein Personalausweis, dein F\u00fchrerschein oder deine P\u00e4sse sind wie vom Erdboden verschluckt. Du \u00fcberlegst, wo du sie zuletzt hattest, kannst es aber nicht herausfinden. Die <b>AirCard Pro f\u00fcr Android<\/b> verhindert genau diese Art von Stress. Dieser ultrad\u00fcnne Bluetooth-Tracker passt nahtlos in dein Portemonnaie und arbeitet direkt mit dem Google Find My Device-Netzwerk zusammen. So wei\u00dft du immer, wo deine wertvollen Karten sind &#8211; ohne zus\u00e4tzliche Apps oder komplizierte Links.     <\/p>\n<p class=\"p2\"><b>Vorteile<\/b><\/p>\n<ul class=\"ul1\">\n<li class=\"li1\">Funktioniert mit Google Find My Device &#8211; keine separate App erforderlich<\/li>\n<li class=\"li1\">Nur 2,2 mm dick &#8211; passt in jedes Kartenfach<\/li>\n<li class=\"li1\">Leistungsstarker Lautsprecher mit bis zu 105 dB f\u00fcr h\u00f6rbares Abrufen<\/li>\n<li class=\"li1\">Kabellos wiederaufladbar, bis zu 6 Monate Akkulaufzeit pro Ladung<\/li>\n<li class=\"li1\">NFC und QR-Code f\u00fcr Kontaktinformationen im Falle eines Verlusts<\/li>\n<li class=\"li1\">IPX6 wasserdicht &#8211; widerstandsf\u00e4hig gegen Versch\u00fctten und Regen<\/li>\n<li class=\"li1\">Hergestellt aus eloxiertem Aluminium &#8211; stark und stilvoll<\/li>\n<\/ul>\n<p class=\"p2\"><b>Bereit f\u00fcr den sofortigen Einsatz<\/b><\/p>\n<p class=\"p1\">Die AirCard Pro ist vollst\u00e4ndig mit dem Google Find My Network integriert. Du f\u00fcgst den Tracker einfach \u00fcber dein Android-Telefon hinzu, woraufhin du ihn aus der Ferne piepsen lassen oder seinen Standort \u00fcber die Karte finden kannst. Innerhalb der Bluetooth-Reichweite gibt er ein deutliches akustisches Signal ab. Au\u00dferhalb der Reichweite siehst du den letzten bekannten Standort und das Netzwerk von Millionen von Android-Nutzern hilft dir, ihn zu finden.   <\/p>\n<p class=\"p2\"><b>Schlankes Design, solide Leistung<\/b><\/p>\n<p class=\"p1\">Mit seinem d\u00fcnnen Profil von nur 2,2 mm passt der Tracker in jede Standard-Kartentasche. Das robuste Aluminiumgeh\u00e4use sorgt f\u00fcr Langlebigkeit, ohne dass du etwas sp\u00fcrst oder siehst, das herausragt. Der eingebaute Lautsprecher ist stark genug, um ihn aus einer Jackentasche, einem Rucksack oder sogar unter einer Couch zu h\u00f6ren. Dank seiner IPX6-Einstufung ist er au\u00dferdem wasserfest, so dass du ihn problemlos im Alltag einsetzen kannst.   <\/p>\n<p class=\"p2\"><b>Intelligente Funktionen f\u00fcr zus\u00e4tzliche Sicherheit<\/b><\/p>\n<p class=\"p1\">Die AirCard Pro bietet au\u00dferdem intelligente Funktionen f\u00fcr den Fall, dass jemand dein verlorenes Portemonnaie findet. Dank NFC und QR-Code auf der Karte k\u00f6nnen ehrliche Finder auf deine sichere Kontaktseite zugreifen &#8211; ohne dass deine pers\u00f6nlichen Daten sichtbar sind. Und mit einer Akkulaufzeit von bis zu sechs Monaten musst du sie nur selten kabellos aufladen. Kompakt, smart und zuverl\u00e4ssig &#8211; genau das, was du von einem modernen Tracker erwartest.   <\/p>\n<p class=\"p1\"><b>Was ist in dem Paket?<\/b><\/p>\n<ul class=\"ul1\">\n<li class=\"li1\">1\u00d7 AirCard Pro f\u00fcr Android (schwarz)<\/li>\n<li class=\"li1\">1\u00d7 Schnellstartanleitung<\/li>\n<li class=\"li1\">Verpackt in einer kompakten und recycelbaren Verpackung<\/li>\n<\/ul>\n","protected":false},"excerpt":{"rendered":"<p>Du hast dein Portemonnaie verloren? Oder noch schlimmer: Dein Personalausweis, dein F\u00fchrerschein oder deine P\u00e4sse sind wie vom Erdboden verschluckt. Du \u00fcberlegst, wo du sie zuletzt hattest, kannst es aber nicht herausfinden. Die AirCard Pro f\u00fcr Android verhindert genau diese Art von Stress. Dieser ultrad\u00fcnne Bluetooth-Tracker passt nahtlos in dein Portemonnaie und arbeitet direkt mit [&hellip;]<\/p>\n","protected":false},"featured_media":47193,"comment_status":"closed","ping_status":"closed","template":"","meta":{"_acf_changed":false,"_seopress_robots_primary_cat":"none","_seopress_titles_title":"","_seopress_titles_desc":"","_seopress_robots_index":""},"product_brand":[],"product_cat":[2904,2932,2947,2948],"product_tag":[],"brands":[5265],"channels":[],"class_list":{"0":"post-47321","1":"product","2":"type-product","3":"status-publish","4":"has-post-thumbnail","6":"product_cat-camping","7":"product_cat-tech","8":"product_cat-tracker","9":"product_cat-tracker-de","10":"brands-rolling-square","12":"first","13":"instock","14":"taxable","15":"shipping-taxable","16":"purchasable","17":"product-type-simple"},"acf":[],"weight_unit":"kg","dimension_unit":"cm","packaging_unit":"St\u00fccke","country_of_origin":"China","weee_germany":"DE97744419","website_url":"https:\/\/ferrygut.com\/","verkoper":"FerryGut.com","postcode":"5048CD","telefoonnummer":"+31850000735","_links":{"self":[{"href":"https:\/\/ferrygut.com\/de\/wp-json\/wp\/v2\/product\/47321","targetHints":{"allow":["GET"]}}],"collection":[{"href":"https:\/\/ferrygut.com\/de\/wp-json\/wp\/v2\/product"}],"about":[{"href":"https:\/\/ferrygut.com\/de\/wp-json\/wp\/v2\/types\/product"}],"replies":[{"embeddable":true,"href":"https:\/\/ferrygut.com\/de\/wp-json\/wp\/v2\/comments?post=47321"}],"wp:featuredmedia":[{"embeddable":true,"href":"https:\/\/ferrygut.com\/de\/wp-json\/wp\/v2\/media\/47193"}],"wp:attachment":[{"href":"https:\/\/ferrygut.com\/de\/wp-json\/wp\/v2\/media?parent=47321"}],"wp:term":[{"taxonomy":"product_brand","embeddable":true,"href":"https:\/\/ferrygut.com\/de\/wp-json\/wp\/v2\/product_brand?post=47321"},{"taxonomy":"product_cat","embeddable":true,"href":"https:\/\/ferrygut.com\/de\/wp-json\/wp\/v2\/product_cat?post=47321"},{"taxonomy":"product_tag","embeddable":true,"href":"https:\/\/ferrygut.com\/de\/wp-json\/wp\/v2\/product_tag?post=47321"},{"taxonomy":"brands","embeddable":true,"href":"https:\/\/ferrygut.com\/de\/wp-json\/wp\/v2\/brands?post=47321"},{"taxonomy":"channels","embeddable":true,"href":"https:\/\/ferrygut.com\/de\/wp-json\/wp\/v2\/channels?post=47321"}],"curies":[{"name":"wp","href":"https:\/\/api.w.org\/{rel}","templated":true}]}}