{"id":47178,"date":"2025-05-01T14:50:45","date_gmt":"2025-05-01T12:50:45","guid":{"rendered":"https:\/\/ferrygut.com\/product\/rolling-square-aircard-pro-tracker-fuer-apple-schwarz\/"},"modified":"2026-01-04T21:37:47","modified_gmt":"2026-01-04T20:37:47","slug":"rolling-square-aircard-pro-tracker-fuer-apple-schwarz","status":"publish","type":"product","link":"https:\/\/ferrygut.com\/de\/produkt\/rolling-square-aircard-pro-tracker-fuer-apple-schwarz\/","title":{"rendered":"Rolling Square AirCard Pro &#8211; Tracker f\u00fcr Apple &#8211; Schwarz"},"content":{"rendered":"<p class=\"p1\">Du kennst das Gef\u00fchl: Du \u00f6ffnest dein Portemonnaie und deine Karten sind noch drin, aber dein Ausweis oder F\u00fchrerschein ist weg. Oder noch schlimmer: Dein ganzes Portemonnaie ist weg. Frustration, verschwendete Zeit und das Risiko, wichtige Dokumente zu verlieren. Die <b>Rolling Square AirCard Pro f\u00fcr Apple<\/b> verhindert dies. Dieser intelligente, ultrad\u00fcnne Bluetooth-Tracker passt genau in dein Portemonnaie und arbeitet direkt mit Apples Find My Network zusammen. So wei\u00dft du immer, wo deine Karten sind, ohne zus\u00e4tzliche Apps oder Einstellungen.     <\/p>\n<p class=\"p2\"><b>Vorteile<\/b><\/p>\n<ul class=\"ul1\">\n<li class=\"li1\">Funktioniert mit Apple Find My Network &#8211; keine zus\u00e4tzliche App erforderlich<\/li>\n<li class=\"li1\">Nur 2,2 mm dick &#8211; passt in jedes Kartenfach<\/li>\n<li class=\"li1\">Eingebauter Lautsprecher &#8211; bis zu 105 dB Audiosignal<\/li>\n<li class=\"li1\">NFC und QR-Code f\u00fcr Kontaktdaten im Falle eines Verlusts<\/li>\n<li class=\"li1\">Vollst\u00e4ndig wasserdicht (IPX6)<\/li>\n<li class=\"li1\">Kabellos wiederaufladbar &#8211; bis zu 6 Monate pro Ladung<\/li>\n<li class=\"li1\">Schlankes Aluminiumdesign &#8211; langlebig und stilvoll<\/li>\n<\/ul>\n<p class=\"p2\"><b>Immer mit deinen Wertsachen verbunden<\/b><\/p>\n<p class=\"p1\">Die AirCard Pro wurde f\u00fcr einen einzigen Zweck entwickelt: um deine wertvollen Karten und Dokumente sicher aufzubewahren. Du f\u00fcgst sie in Sekundenschnelle \u00fcber die Find My App zu deiner Apple ID hinzu. Hast du dein Portemonnaie verloren? Dann kannst du den Tracker aus der Ferne ein Tonsignal abspielen lassen oder seinen letzten Standort auf der Karte anzeigen. Innerhalb der Reichweite erf\u00e4hrst du sofort, wo sie sich befindet. Au\u00dferhalb der Reichweite hilft dir das Find My-Netzwerk mit Millionen von Apple-Nutzern dabei, das zu finden, was dir geh\u00f6rt.     <\/p>\n<p class=\"p2\"><b>Schlank, robust und bereit f\u00fcr den t\u00e4glichen Gebrauch<\/b><\/p>\n<p class=\"p1\">Mit nur 2,2 mm Dicke passt die AirCard Pro m\u00fchelos in jede Reisepasstasche. Das Geh\u00e4use besteht aus schwarz eloxiertem Aluminium und f\u00fchlt sich robust an. Der eingebaute Lautsprecher ist stark genug, um auch aus einer gef\u00fcllten Tasche oder Jacke deutlich h\u00f6rbar zu sein. Einzigartig ist die Kombination aus Bluetooth-Ortung und Kontaktm\u00f6glichkeiten \u00fcber NFC oder QR-Code: Wenn jemand deine Karte findet, kann er dich erreichen, ohne dass deine privaten Daten sichtbar sind.   <\/p>\n<p class=\"p2\"><b>Intelligente Funktionen f\u00fcr zus\u00e4tzliche Sicherheit<\/b><\/p>\n<p class=\"p1\">Zus\u00e4tzlich zur Ortung bietet die AirCard Pro intelligente Funktionen, die zu deinem Seelenfrieden beitragen. Mit einem einfachen Klick auf die Karte kann ein Finder deine Kontaktseite \u00f6ffnen. Au\u00dferdem kannst du die AirCard Pro ganz einfach kabellos aufladen. Ideal f\u00fcr den t\u00e4glichen Gebrauch in deiner Brieftasche, deinem Kartenhalter oder deiner Laptoptasche.   <\/p>\n<p class=\"p1\"><b>Was ist in dem Paket?<\/b><\/p>\n<ul class=\"ul1\">\n<li class=\"li1\">1\u00d7 AirCard Pro (Schwarz)<\/li>\n<li class=\"li1\">1\u00d7 Schnellstartanleitung<\/li>\n<li class=\"li1\">Verpackt in einer recycelbaren Verpackung<\/li>\n<\/ul>\n","protected":false},"excerpt":{"rendered":"<p>Du kennst das Gef\u00fchl: Du \u00f6ffnest dein Portemonnaie und deine Karten sind noch drin, aber dein Ausweis oder F\u00fchrerschein ist weg. Oder noch schlimmer: Dein ganzes Portemonnaie ist weg. Frustration, verschwendete Zeit und das Risiko, wichtige Dokumente zu verlieren. Die Rolling Square AirCard Pro f\u00fcr Apple verhindert dies. Dieser intelligente, ultrad\u00fcnne Bluetooth-Tracker passt genau in [&hellip;]<\/p>\n","protected":false},"featured_media":47124,"comment_status":"closed","ping_status":"closed","template":"","meta":{"_acf_changed":false,"_seopress_robots_primary_cat":"none","_seopress_titles_title":"","_seopress_titles_desc":"","_seopress_robots_index":""},"product_brand":[],"product_cat":[2904,2932,2948,2947],"product_tag":[],"brands":[5265],"channels":[],"class_list":{"0":"post-47178","1":"product","2":"type-product","3":"status-publish","4":"has-post-thumbnail","6":"product_cat-camping","7":"product_cat-tech","8":"product_cat-tracker-de","9":"product_cat-tracker","10":"brands-rolling-square","12":"first","13":"outofstock","14":"taxable","15":"shipping-taxable","16":"purchasable","17":"product-type-simple"},"acf":[],"weight_unit":"kg","dimension_unit":"cm","packaging_unit":"St\u00fccke","country_of_origin":"China","weee_germany":"DE97744419","website_url":"https:\/\/ferrygut.com\/","verkoper":"FerryGut.com","postcode":"5048CD","telefoonnummer":"+31850000735","_links":{"self":[{"href":"https:\/\/ferrygut.com\/de\/wp-json\/wp\/v2\/product\/47178","targetHints":{"allow":["GET"]}}],"collection":[{"href":"https:\/\/ferrygut.com\/de\/wp-json\/wp\/v2\/product"}],"about":[{"href":"https:\/\/ferrygut.com\/de\/wp-json\/wp\/v2\/types\/product"}],"replies":[{"embeddable":true,"href":"https:\/\/ferrygut.com\/de\/wp-json\/wp\/v2\/comments?post=47178"}],"wp:featuredmedia":[{"embeddable":true,"href":"https:\/\/ferrygut.com\/de\/wp-json\/wp\/v2\/media\/47124"}],"wp:attachment":[{"href":"https:\/\/ferrygut.com\/de\/wp-json\/wp\/v2\/media?parent=47178"}],"wp:term":[{"taxonomy":"product_brand","embeddable":true,"href":"https:\/\/ferrygut.com\/de\/wp-json\/wp\/v2\/product_brand?post=47178"},{"taxonomy":"product_cat","embeddable":true,"href":"https:\/\/ferrygut.com\/de\/wp-json\/wp\/v2\/product_cat?post=47178"},{"taxonomy":"product_tag","embeddable":true,"href":"https:\/\/ferrygut.com\/de\/wp-json\/wp\/v2\/product_tag?post=47178"},{"taxonomy":"brands","embeddable":true,"href":"https:\/\/ferrygut.com\/de\/wp-json\/wp\/v2\/brands?post=47178"},{"taxonomy":"channels","embeddable":true,"href":"https:\/\/ferrygut.com\/de\/wp-json\/wp\/v2\/channels?post=47178"}],"curies":[{"name":"wp","href":"https:\/\/api.w.org\/{rel}","templated":true}]}}