{"id":45384,"date":"2025-03-25T11:57:46","date_gmt":"2025-03-25T10:57:46","guid":{"rendered":"https:\/\/ferrygut.com\/product\/flextail-zero-pillow-luftkissen-2\/"},"modified":"2026-02-12T15:20:35","modified_gmt":"2026-02-12T14:20:35","slug":"flextail-zero-pillow-luftkissen-2","status":"publish","type":"product","link":"https:\/\/ferrygut.com\/de\/produkt\/flextail-zero-pillow-luftkissen-2\/","title":{"rendered":"Flextail &#8211; Zero Pillow Luftkissen"},"content":{"rendered":"<p>Ein praktisches <a href=\"https:\/\/ferrygut.com\/de\/produkt-kategorie\/camping\/luftkissen\/\">Luftkissen<\/a> f\u00fcrs Camping, f\u00fcr den Strand, den Pool oder das Luftbett. Mit dem ergonomischen Design des Zero Pillow liegst du gut.<\/p>\n<ul>\n<li>Ergonomisch<\/li>\n<li>2 Verschiedene Farben<\/li>\n<li>Handgep\u00e4ck<\/li>\n<\/ul>\n<h4>Ergonomisch<\/h4>\n<p>Das Zero Pillow von Flextail Gear hat die Form eines B. Dank dieser Form hast du optimalen Komfort in verschiedenen Schlafpositionen.<br \/>\nAu\u00dferdem besteht die Oberfl\u00e4che aus einem weichen Material, das viel feiner schl\u00e4ft als Hartplastik. <\/p>\n<h4>Leicht zu tragen<\/h4>\n<p>Das Kissen wird in einer praktischen Tragetasche geliefert.<br \/>\nIdeal f\u00fcr unterwegs! <\/p>\n<h4>Perfekt in Kombination mit Flextail-Produkten<\/h4>\n<p>Das Zero Pillow ist ideal f\u00fcr die Kombination mit der <a href=\"https:\/\/ferrygut.com\/de\/produkt\/flextail-zero-pump-inklusive-batterie\/\">Zero Pump<\/a> von Flextail!<\/p>\n","protected":false},"excerpt":{"rendered":"<p>Ein praktisches Luftkissen f\u00fcrs Camping, f\u00fcr den Strand, den Pool oder das Luftbett. Mit dem ergonomischen Design des Zero Pillow liegst du gut. Ergonomisch 2 Verschiedene Farben Handgep\u00e4ck Ergonomisch Das Zero Pillow von Flextail Gear hat die Form eines B. Dank dieser Form hast du optimalen Komfort in verschiedenen Schlafpositionen. Au\u00dferdem besteht die Oberfl\u00e4che aus [&hellip;]<\/p>\n","protected":false},"featured_media":44006,"comment_status":"closed","ping_status":"closed","template":"","meta":{"_acf_changed":false,"_seopress_robots_primary_cat":"none","_seopress_titles_title":"","_seopress_titles_desc":"","_seopress_robots_index":""},"product_brand":[],"product_cat":[2904,2902],"product_tag":[],"brands":[5277],"channels":[],"class_list":{"0":"post-45384","1":"product","2":"type-product","3":"status-publish","4":"has-post-thumbnail","6":"product_cat-camping","7":"product_cat-luftkissen","8":"brands-flextail","10":"first","11":"instock","12":"sale","13":"taxable","14":"shipping-taxable","15":"purchasable","16":"product-type-simple"},"acf":[],"weight_unit":"kg","dimension_unit":"cm","packaging_unit":"St\u00fccke","country_of_origin":"China","weee_germany":"DE97744419","website_url":"https:\/\/ferrygut.com\/","verkoper":"FerryGut.com","postcode":"5048CD","telefoonnummer":"+31850000735","_links":{"self":[{"href":"https:\/\/ferrygut.com\/de\/wp-json\/wp\/v2\/product\/45384","targetHints":{"allow":["GET"]}}],"collection":[{"href":"https:\/\/ferrygut.com\/de\/wp-json\/wp\/v2\/product"}],"about":[{"href":"https:\/\/ferrygut.com\/de\/wp-json\/wp\/v2\/types\/product"}],"replies":[{"embeddable":true,"href":"https:\/\/ferrygut.com\/de\/wp-json\/wp\/v2\/comments?post=45384"}],"wp:featuredmedia":[{"embeddable":true,"href":"https:\/\/ferrygut.com\/de\/wp-json\/wp\/v2\/media\/44006"}],"wp:attachment":[{"href":"https:\/\/ferrygut.com\/de\/wp-json\/wp\/v2\/media?parent=45384"}],"wp:term":[{"taxonomy":"product_brand","embeddable":true,"href":"https:\/\/ferrygut.com\/de\/wp-json\/wp\/v2\/product_brand?post=45384"},{"taxonomy":"product_cat","embeddable":true,"href":"https:\/\/ferrygut.com\/de\/wp-json\/wp\/v2\/product_cat?post=45384"},{"taxonomy":"product_tag","embeddable":true,"href":"https:\/\/ferrygut.com\/de\/wp-json\/wp\/v2\/product_tag?post=45384"},{"taxonomy":"brands","embeddable":true,"href":"https:\/\/ferrygut.com\/de\/wp-json\/wp\/v2\/brands?post=45384"},{"taxonomy":"channels","embeddable":true,"href":"https:\/\/ferrygut.com\/de\/wp-json\/wp\/v2\/channels?post=45384"}],"curies":[{"name":"wp","href":"https:\/\/api.w.org\/{rel}","templated":true}]}}