{"id":45335,"date":"2025-03-25T21:22:33","date_gmt":"2025-03-25T20:22:33","guid":{"rendered":"https:\/\/ferrygut.com\/product\/zero-taschenlampe-900cht\/"},"modified":"2026-03-04T14:34:22","modified_gmt":"2026-03-04T13:34:22","slug":"zero-taschenlampe-900cht","status":"publish","type":"product","link":"https:\/\/ferrygut.com\/de\/produkt\/zero-taschenlampe-900cht\/","title":{"rendered":"Zero Flashlight 900CHT &#8211; Taschenlampe &#8211; Schwarz"},"content":{"rendered":"<div class=\"page\" title=\"Seite 5\">\n<div class=\"layoutArea\">\n<div class=\"column\">\n<p>Neben einer Stirnlampe ist eine Taschenlampe eines der n\u00fctzlichsten Ger\u00e4te f\u00fcr zus\u00e4tzliche Beleuchtung beim Zelten oder anderen Outdoor-Abenteuern wie Wandern, Radfahren oder sogar beim Gassi gehen mit dem Hund. Unserer Meinung nach ist die Flextail Zero Flashlight 1200 perfekt daf\u00fcr geeignet. Diese ultraleichte Taschenlampe leuchtet mit einer maximalen Helligkeit von 1200 Lumen in einem Winkel von bis zu 120 Grad. So bist du immer auf Situationen vorbereitet, in denen du kein oder nur wenig Licht hast, und dank ihres geringen Gewichts kannst du diese Taschenlampe \u00fcberallhin mitnehmen. Verwende die Flextail Outdoor-Taschenlampe zum Beispiel f\u00fcr Outdoor-Abenteuer, n\u00e4chtliche Szenarien, in denen du mehr Licht brauchst, wie beim Gassi gehen mit deinem Hund oder beim Reparieren deines Autos, und als Notbeleuchtung in gef\u00e4hrlichen Situationen.   <\/p>\n<h2>Pluspunkte der Flextail Zero Flashlight 1200<\/h2>\n<ul>\n<li>Ultraleicht, wiegt etwa 50 Gramm und kann \u00fcberallhin mitgenommen werden<\/li>\n<li>Einh\u00e4ndige Bedienung<\/li>\n<li>Ultra-hell mit bis zu 1200 Lumen<\/li>\n<li>Abstrahlwinkel von mindestens 120 Grad<\/li>\n<li>Batterielebensdauer von 200 Stunden<\/li>\n<li>Wasserdicht dank IP67-Schutz<\/li>\n<li>Einfaches Aufladen mit USB-C-Kabel oder Akku<\/li>\n<\/ul>\n<h3>Ultra-leicht und ultra-hell<\/h3>\n<p>Die Flextail Zero 1200 Outdoor-Taschenlampe liegt gut in der Hand und l\u00e4sst sich dank ihres geringen Gewichts \u00fcberallhin mitnehmen. Mit nur 50 Gramm und einer Gr\u00f6\u00dfe von 2 x 8 Zentimetern passt diese Taschenlampe sogar in deine Tasche. Lass dich vom geringen Gewicht dieser Taschenlampe nicht t\u00e4uschen, denn das Licht dieser Taschenlampe ist immer noch sehr stark und hell. Mit einer maximalen Lichtst\u00e4rke von 1200 Lumen kann die Taschenlampe bis zu einem Winkel von 120 Grad leuchten. Mit ihrer Gr\u00f6\u00dfe und ihrem Gewicht ist die Taschenlampe ideal, um sie unauff\u00e4llig bei dir zu tragen, damit du f\u00fcr alle m\u00f6glichen Situationen ger\u00fcstet bist.    <\/p>\n<h3>Tagesmodus und Notbeleuchtung<\/h3>\n<p>Mit dieser Taschenlampe kannst du zwischen 4 verschiedenen Beleuchtungsarten f\u00fcr den Tagesmodus und 3 verschiedenen Arten der Notbeleuchtung w\u00e4hlen. Der Tagesmodus hat 4 Helligkeitsstufen: 400 Lumen im High Brightness Mode, 200 Lumen im Medium Brightness Mode, 35 Lumen im Low Brightness Mode und 1 Lumen im Moonlight Mode. Dank dieser 4 Helligkeitsstufen kannst du diese Outdoor-Taschenlampe f\u00fcr alle m\u00f6glichen Situationen nutzen, z.B. ist der High Brightness Mode ideal f\u00fcr einen Nachtspaziergang durch den Wald, aber der Low Brightness Mode reicht bereits f\u00fcr eine schlecht beleuchtete Stra\u00dfe aus. Neben dem allt\u00e4glichen Modus kannst du diese Taschenlampe auch als Notbeleuchtung verwenden, wobei du zwischen 3 verschiedenen Optionen w\u00e4hlen kannst: Stroboskopmodus, ultraheller Modus mit 1200 Lumen und SOS-Modus mit internationalem Standard-Morsecode.   <\/p>\n<\/div>\n<\/div>\n<\/div>\n<div class=\"page\" title=\"Seite 6\">\n<div class=\"layoutArea\">\n<div class=\"column\">\n<h3>Mit einer Hand bedienbar und einfach zu laden<\/h3>\n<p>Die Outdoor-Taschenlampe von Flextail ist einfach mit einer Hand zu bedienen. Mit der Doppeltaste hast du deine Taschenlampe im Handumdrehen ein- und ausgeschaltet oder auf eine andere Helligkeitsstufe oder einen anderen Modus umgestellt. Mit einem Doppelklick ist die Taschenlampe an, mit einem Klick schaltest du auf eine andere Helligkeitsstufe und mit einem langen Druck schaltest du die Taschenlampe aus. Der Tagesmodus und das Notlicht befinden sich beide unter einer anderen Taste, sodass du sie leicht auseinanderhalten kannst.   <\/p>\n<p>Au\u00dferdem l\u00e4sst sich die Outdoor-Taschenlampe von Flextail ganz einfach aufladen. Das geht entweder direkt mit einem USB-C-Kabel oder indem du den Akku aus der Taschenlampe nimmst und ihn aufl\u00e4dst. Dank der Schutzart IP67 und der Fallfestigkeit von 1 Meter musst du dir keine Sorgen machen, dass die Taschenlampe schnell kaputt geht. Mit der Flextail Zero Flashlight 1200 triffst du eine langlebige Wahl und bist in jeder Situation gut ger\u00fcstet!   <\/p>\n<\/div>\n<\/div>\n<\/div>\n","protected":false},"excerpt":{"rendered":"<p>Neben einer Stirnlampe ist eine Taschenlampe eines der n\u00fctzlichsten Ger\u00e4te f\u00fcr zus\u00e4tzliche Beleuchtung beim Zelten oder anderen Outdoor-Abenteuern wie Wandern, Radfahren oder sogar beim Gassi gehen mit dem Hund. Unserer Meinung nach ist die Flextail Zero Flashlight 1200 perfekt daf\u00fcr geeignet. Diese ultraleichte Taschenlampe leuchtet mit einer maximalen Helligkeit von 1200 Lumen in einem Winkel [&hellip;]<\/p>\n","protected":false},"featured_media":37968,"comment_status":"closed","ping_status":"closed","template":"","meta":{"_acf_changed":false,"_seopress_robots_primary_cat":"none","_seopress_titles_title":"Zero-Taschenlampe 900CHT","_seopress_titles_desc":"Kein Licht zu haben, w\u00e4hrend du mit deinem Hund spazieren gehst, ist kein Spa\u00df. Die Zero Flashlight hat eine maximale Helligkeit von 1200 Lumen. Sie verwendet LUMINUS-Lampenkugeln und hat eine starke Leistung. ","_seopress_robots_index":""},"product_brand":[],"product_cat":[15659,2904],"product_tag":[],"brands":[5277],"channels":[],"class_list":{"0":"post-45335","1":"product","2":"type-product","3":"status-publish","4":"has-post-thumbnail","6":"product_cat-beleuchtung","7":"product_cat-camping","8":"brands-flextail","10":"first","11":"instock","12":"sale","13":"taxable","14":"shipping-taxable","15":"purchasable","16":"product-type-simple"},"acf":[],"weight_unit":"kg","dimension_unit":"cm","packaging_unit":"St\u00fccke","country_of_origin":"China","weee_germany":"DE97744419","website_url":"https:\/\/ferrygut.com\/","verkoper":"FerryGut.com","postcode":"5048CD","telefoonnummer":"+31850000735","_links":{"self":[{"href":"https:\/\/ferrygut.com\/de\/wp-json\/wp\/v2\/product\/45335","targetHints":{"allow":["GET"]}}],"collection":[{"href":"https:\/\/ferrygut.com\/de\/wp-json\/wp\/v2\/product"}],"about":[{"href":"https:\/\/ferrygut.com\/de\/wp-json\/wp\/v2\/types\/product"}],"replies":[{"embeddable":true,"href":"https:\/\/ferrygut.com\/de\/wp-json\/wp\/v2\/comments?post=45335"}],"wp:featuredmedia":[{"embeddable":true,"href":"https:\/\/ferrygut.com\/de\/wp-json\/wp\/v2\/media\/37968"}],"wp:attachment":[{"href":"https:\/\/ferrygut.com\/de\/wp-json\/wp\/v2\/media?parent=45335"}],"wp:term":[{"taxonomy":"product_brand","embeddable":true,"href":"https:\/\/ferrygut.com\/de\/wp-json\/wp\/v2\/product_brand?post=45335"},{"taxonomy":"product_cat","embeddable":true,"href":"https:\/\/ferrygut.com\/de\/wp-json\/wp\/v2\/product_cat?post=45335"},{"taxonomy":"product_tag","embeddable":true,"href":"https:\/\/ferrygut.com\/de\/wp-json\/wp\/v2\/product_tag?post=45335"},{"taxonomy":"brands","embeddable":true,"href":"https:\/\/ferrygut.com\/de\/wp-json\/wp\/v2\/brands?post=45335"},{"taxonomy":"channels","embeddable":true,"href":"https:\/\/ferrygut.com\/de\/wp-json\/wp\/v2\/channels?post=45335"}],"curies":[{"name":"wp","href":"https:\/\/api.w.org\/{rel}","templated":true}]}}