{"id":45296,"date":"2025-03-25T12:07:21","date_gmt":"2025-03-25T11:07:21","guid":{"rendered":"https:\/\/ferrygut.com\/product\/flextail-evo-pump-3\/"},"modified":"2026-02-13T16:29:36","modified_gmt":"2026-02-13T15:29:36","slug":"flextail-evo-pump-3","status":"publish","type":"product","link":"https:\/\/ferrygut.com\/de\/produkt\/flextail-evo-pump-3\/","title":{"rendered":"Flextail &#8211; Evo Pump 3"},"content":{"rendered":"<p>Das ist die EVO Pump 3, eine tragbare und wiederaufladbare Luftpumpe von Flextail, mit der du dein Luftbett oder einen anderen aufblasbaren Gegenstand auf- und abpumpen kannst. Egal, ob du zeltest, schwimmst oder mit einem Schlauchboot aufs Wasser gehst, die EVO Pump 3 pumpt mit einer Kraft von 5 kPa 1000 Liter Luft pro Minute und du kannst dich im Handumdrehen \u00fcber eine aufgeblasene Luftmatratze, ein Schwimmband oder ein Boot freuen. Da die EVO Pump 3 leicht ist, kannst du sie \u00fcberallhin mitnehmen und musst nie wieder manuell pumpen.  <span class=\"Apple-converted-space\"> <\/span><\/p>\n<h2>Pluspunkte der EVO Pump 3<span class=\"Apple-converted-space\"> <\/span><\/h2>\n<ul>\n<li>Leichtgewichtig und kann \u00fcberallhin mitgenommen werden<\/li>\n<li>Sehr leistungsstark dank eines Drucks von 5kPA<span class=\"Apple-converted-space\"> <\/span><\/li>\n<li>Eine schnelle Luftzufuhr von 1.000 Litern pro Minute<span class=\"Apple-converted-space\"> <\/span><\/li>\n<li>Wiederaufladbar mit einem USB-C Kabel<span class=\"Apple-converted-space\"> <\/span><\/li>\n<li>Vielseitig dank verschiedener D\u00fcsen<span class=\"Apple-converted-space\"> <\/span><\/li>\n<li>Kein manuelles Aufblasen und Staubsaugen mehr<span class=\"Apple-converted-space\"> <\/span><\/li>\n<\/ul>\n<h3>Leicht und einfach zu bedienen<\/h3>\n<p>Da die EVO Pump 3 leicht ist, kannst du sie \u00fcberallhin mitnehmen. Mit dieser Luftpumpe kannst du alle Arten von aufblasbaren Gegenst\u00e4nden aufblasen, z. B. Luftbetten, Schlafmatten, Schwimmk\u00f6rbe, Strandb\u00e4lle und andere aufblasbare Spielzeuge. Du schlie\u00dft die richtige D\u00fcse zusammen mit der Luftpumpe an den aufblasbaren Gegenstand an und im Nu ist er aufgeblasen. Das handliche System der EVO Pump 3 macht diese Luftpumpe einfach zu bedienen und damit zum idealen Begleiter beim Campen, Reisen, Schwimmen und mehr.   <span class=\"Apple-converted-space\"> <\/span><\/p>\n<h3>Leistungsstark und langlebig<\/h3>\n<p>Die EVO Pump 3 ist leicht, aber das tut der Leistung dieser Luftpumpe keinen Abbruch. Mit einem Druck von bis zu 5kPa ist dein Luftbett, dein Strandball oder dein Swimmingpool im Handumdrehen aufgeblasen und gut mit Luft gef\u00fcllt. Da die EVO Pump 3 \u00fcber einen Luftvorrat von 1000 Litern pro Minute verf\u00fcgt, bist du schnell fertig und kannst zu den lustigen Dingen \u00fcbergehen: im Zelt schlafen, im Pool spielen oder mit deinem Schlauchboot aufs Wasser gehen. Au\u00dferdem ist die EVO Pump 3 aus strapazierf\u00e4higem und robustem Material gefertigt und diese Luftpumpe wird sehr lange halten. Sei vorsichtig mit ihr und du wirst deine Sachen nie wieder manuell aufpumpen m\u00fcssen!    <\/p>\n<h3>Vielseitig<span class=\"Apple-converted-space\"> <\/span><\/h3>\n<p>Als eine der leistungsst\u00e4rksten Luftpumpen von Flextail ist die EVO Pump 3 auch sehr vielseitig. Dank der 5 mitgelieferten D\u00fcsen kannst du sie unter anderem zum Aufblasen von Luftbetten, Schlauchbooten, Schwimmreifen und aufblasbarem Spielzeug verwenden. Du kannst diese Gegenst\u00e4nde nicht nur mit Luft versorgen, sondern mit der Flextail-Luftpumpe auch Luft ablassen und diese Gegenst\u00e4nde absaugen.  <span class=\"Apple-converted-space\"> <\/span><\/p>\n<p>Egal, ob du viel zeltest, deine Kinder mit einem gut aufgepumpten Schwimmband gl\u00fccklich machst oder regelm\u00e4\u00dfig mit deinem Schlauchboot aufs Wasser gehst, die EVO Pump 3 ist ein praktisches Werkzeug und die ideale Erg\u00e4nzung zu deiner Ausr\u00fcstung. Mit der tragbaren und wiederaufladbaren Luftpumpe von Flextail hast du deine Ausr\u00fcstung im Handumdrehen aufgepumpt! <span class=\"Apple-converted-space\"> <\/span><\/p>\n","protected":false},"excerpt":{"rendered":"<p>Das ist die EVO Pump 3, eine tragbare und wiederaufladbare Luftpumpe von Flextail, mit der du dein Luftbett oder einen anderen aufblasbaren Gegenstand auf- und abpumpen kannst. Egal, ob du zeltest, schwimmst oder mit einem Schlauchboot aufs Wasser gehst, die EVO Pump 3 pumpt mit einer Kraft von 5 kPa 1000 Liter Luft pro Minute [&hellip;]<\/p>\n","protected":false},"featured_media":53769,"comment_status":"closed","ping_status":"closed","template":"","meta":{"_acf_changed":false,"_seopress_robots_primary_cat":"none","_seopress_titles_title":"","_seopress_titles_desc":"","_seopress_robots_index":""},"product_brand":[],"product_cat":[2904,2907,2905],"product_tag":[],"brands":[5277],"channels":[],"class_list":{"0":"post-45296","1":"product","2":"type-product","3":"status-publish","4":"has-post-thumbnail","6":"product_cat-camping","7":"product_cat-luftbett-pumpen","8":"product_cat-luftpumpen","9":"brands-flextail","11":"first","12":"instock","13":"sale","14":"taxable","15":"shipping-taxable","16":"purchasable","17":"product-type-simple"},"acf":[],"weight_unit":"kg","dimension_unit":"cm","packaging_unit":"St\u00fccke","country_of_origin":"China","weee_germany":"DE97744419","website_url":"https:\/\/ferrygut.com\/","verkoper":"FerryGut.com","postcode":"5048CD","telefoonnummer":"+31850000735","_links":{"self":[{"href":"https:\/\/ferrygut.com\/de\/wp-json\/wp\/v2\/product\/45296","targetHints":{"allow":["GET"]}}],"collection":[{"href":"https:\/\/ferrygut.com\/de\/wp-json\/wp\/v2\/product"}],"about":[{"href":"https:\/\/ferrygut.com\/de\/wp-json\/wp\/v2\/types\/product"}],"replies":[{"embeddable":true,"href":"https:\/\/ferrygut.com\/de\/wp-json\/wp\/v2\/comments?post=45296"}],"wp:featuredmedia":[{"embeddable":true,"href":"https:\/\/ferrygut.com\/de\/wp-json\/wp\/v2\/media\/53769"}],"wp:attachment":[{"href":"https:\/\/ferrygut.com\/de\/wp-json\/wp\/v2\/media?parent=45296"}],"wp:term":[{"taxonomy":"product_brand","embeddable":true,"href":"https:\/\/ferrygut.com\/de\/wp-json\/wp\/v2\/product_brand?post=45296"},{"taxonomy":"product_cat","embeddable":true,"href":"https:\/\/ferrygut.com\/de\/wp-json\/wp\/v2\/product_cat?post=45296"},{"taxonomy":"product_tag","embeddable":true,"href":"https:\/\/ferrygut.com\/de\/wp-json\/wp\/v2\/product_tag?post=45296"},{"taxonomy":"brands","embeddable":true,"href":"https:\/\/ferrygut.com\/de\/wp-json\/wp\/v2\/brands?post=45296"},{"taxonomy":"channels","embeddable":true,"href":"https:\/\/ferrygut.com\/de\/wp-json\/wp\/v2\/channels?post=45296"}],"curies":[{"name":"wp","href":"https:\/\/api.w.org\/{rel}","templated":true}]}}