{"id":30349,"date":"2025-02-14T10:18:27","date_gmt":"2025-02-14T09:18:27","guid":{"rendered":"https:\/\/ferrygut.com\/product\/outin-nano-tragbare-espressomaschine-2\/"},"modified":"2026-03-08T00:50:41","modified_gmt":"2026-03-07T23:50:41","slug":"outin-nano-tragbare-espressomaschine-2","status":"publish","type":"product","link":"https:\/\/ferrygut.com\/de\/produkt\/outin-nano-tragbare-espressomaschine-2\/","title":{"rendered":"OutIn &#8211; Nano &#8211; Tragbare Espressomaschine &#8211; Gr\u00fcn"},"content":{"rendered":"<p><span style=\"font-size: 14px;\">Wir von FerryGut sind gro\u00dfe Espresso-Fans und sind stolz darauf, die OutIn Nano, eine tragbare und elektrische Espressomaschine, zu pr\u00e4sentieren. Diese kompakte Maschine wiegt nur 670 Gramm und ist damit perfekt f\u00fcr unterwegs. Au\u00dferdem ist ihr Design nicht nur funktional, sondern auch stilvoll und wurde mit mehreren Designpreisen ausgezeichnet. Mit der OutIn Nano kannst du ganz einfach einen Espresso mit Kapseln oder gemahlenem Kaffee zubereiten.   <\/span><\/p>\n<h3>Die Pluspunkte der OutIn Nano Espressomaschine<\/h3>\n<ul>\n<li>Elegantes Design, erh\u00e4ltlich in verschiedenen Farben.<\/li>\n<li>Sowohl f\u00fcr gemahlenen Kaffee als auch f\u00fcr Kaffeekapseln geeignet.<\/li>\n<li>Leicht und kompakt, ideal f\u00fcr Reisen und Camping.<\/li>\n<li>Genie\u00dfe einen Espresso in nur 200 Sekunden.<\/li>\n<li>Wiederaufladbar \u00fcber USB-C-Kabel oder Autoladeger\u00e4t.<\/li>\n<\/ul>\n<h2>Vielseitig und einfach zu bedienen<\/h2>\n<p>Die OutIn Nano ist einfach zu bedienen: Auf Knopfdruck machst du eine Tasse Espresso, w\u00e4hrend die Maschine die Arbeit selbstst\u00e4ndig erledigt. Du kannst sowohl Kaffeekapseln, wie die von Nespresso, als auch gemahlenen Kaffee verwenden. Diese Espressomaschine funktioniert sowohl mit kaltem als auch mit hei\u00dfem Wasser. Mit kaltem Wasser kannst du bis zu 5 Tassen Espresso zubereiten, w\u00e4hrend sich das Wasser in wenigen Minuten aufheizt. Mit hei\u00dfem Wasser kann die OutIn Nano mehr als 200 Tassen zubereiten, mit einer Zubereitungszeit von etwa 200 Sekunden pro Tasse. Das Aufladen erfolgt ganz einfach \u00fcber ein USB-C-Kabel, ein universelles Kabel, das fast jeder in seinem Haushalt hat.     <\/p>\n<h2>Leistungsstark und langlebig<\/h2>\n<p>Die OutIn Nano bietet nicht nur Vielseitigkeit und Benutzerfreundlichkeit, sondern auch jede Menge Power. Mit dem eingebauten 7500-mAh-Akku kannst du die Espressomaschine lange nutzen, je nachdem, welche Art von Wasser du verwendest. Mit einer vollen Ladung kannst du 5 50-ml-Tassen mit kaltem Wasser und 3 80-ml-Tassen mit Wasser bei Raumtemperatur zubereiten. Mit hei\u00dfem Wasser macht die Maschine mehr als 200 Tassen Espresso! Die Maschine kann sowohl mit 22 V als auch mit 24 V \u00fcber ein normales Ladeger\u00e4t oder ein Autoladeger\u00e4t schnell aufgeladen werden. Das robuste Geh\u00e4use macht die Espressomaschine widerstandsf\u00e4hig gegen St\u00f6\u00dfe und St\u00fcrze. Dank der Wasserdichtigkeitsklasse IPX6 lassen sich die Teile leicht absp\u00fclen, so dass die Maschine leicht sauber zu halten ist. Das auslaufsichere Design und die W\u00e4rmeisolierung sorgen daf\u00fcr, dass du dich nicht an der Maschine verbrennst.       <\/p>\n<h2>Ideal f\u00fcr Espresso-Liebhaber<\/h2>\n<p>Die OutIn Nano ist perfekt f\u00fcr dein Zuhause oder dein B\u00fcro. Diese tragbare Espressomaschine funktioniert sowohl mit Kaffeekapseln als auch mit gemahlenem Kaffee, so dass du immer einen k\u00f6stlichen Espresso genie\u00dfen kannst, genau so, wie du ihn magst. Au\u00dferdem ist die OutIn Nano ideal f\u00fcr unterwegs, auf langen Autofahrten oder beim Camping. Espressoliebhaber k\u00f6nnen ihren Lieblingskaffee \u00fcberall genie\u00dfen. Dank seines leichten, kompakten Designs, seiner Schnelligkeit und Vielseitigkeit und einem Druck von bis zu 20 bar kannst du schnell und einfach einen Espresso mit einer reichhaltigen Crema zubereiten, egal wo du bist.    <\/p>\n<h3>Was ist in der Box?<\/h3>\n<ul>\n<li>OutIn Nano<\/li>\n<li>Kaffeetasse<\/li>\n<li>Kapseladapter<\/li>\n<li>Filterkorb f\u00fcr gemahlenen Kaffee<\/li>\n<li>Messl\u00f6ffel f\u00fcr gemahlenen Kaffee<\/li>\n<li>Typ-C Ladekabel<\/li>\n<\/ul>\n","protected":false},"excerpt":{"rendered":"<p><strong>10% Rabatt mit dem Rabattcode &#8220;OUTINONSALE&#8221;<\/strong><\/p>\n","protected":false},"featured_media":30003,"comment_status":"closed","ping_status":"closed","template":"","meta":{"_acf_changed":false,"_seopress_robots_primary_cat":"none","_seopress_titles_title":"OutIn - Nano - Tragbare Espressomaschine","_seopress_titles_desc":"Die OutIn Nano erhitzt das Wasser selbst und ist sowohl f\u00fcr gemahlenen Kaffee als auch f\u00fcr Kaffeekapseln geeignet. Mit einem maximalen Druck von 20 bar garantiert die Maschine. ","_seopress_robots_index":""},"product_brand":[],"product_cat":[20066,9348],"product_tag":[],"brands":[9295],"channels":[],"class_list":{"0":"post-30349","1":"product","2":"type-product","3":"status-publish","4":"has-post-thumbnail","6":"product_cat-espressomaschinen","7":"product_cat-kaffee-to-go","8":"brands-outin","10":"first","11":"instock","12":"taxable","13":"shipping-taxable","14":"purchasable","15":"product-type-simple"},"acf":[],"weight_unit":"kg","dimension_unit":"cm","packaging_unit":"St\u00fccke","country_of_origin":"China","weee_germany":"DE97744419","website_url":"https:\/\/ferrygut.com\/","verkoper":"FerryGut.com","postcode":"5048CD","telefoonnummer":"+31850000735","_links":{"self":[{"href":"https:\/\/ferrygut.com\/de\/wp-json\/wp\/v2\/product\/30349","targetHints":{"allow":["GET"]}}],"collection":[{"href":"https:\/\/ferrygut.com\/de\/wp-json\/wp\/v2\/product"}],"about":[{"href":"https:\/\/ferrygut.com\/de\/wp-json\/wp\/v2\/types\/product"}],"replies":[{"embeddable":true,"href":"https:\/\/ferrygut.com\/de\/wp-json\/wp\/v2\/comments?post=30349"}],"wp:featuredmedia":[{"embeddable":true,"href":"https:\/\/ferrygut.com\/de\/wp-json\/wp\/v2\/media\/30003"}],"wp:attachment":[{"href":"https:\/\/ferrygut.com\/de\/wp-json\/wp\/v2\/media?parent=30349"}],"wp:term":[{"taxonomy":"product_brand","embeddable":true,"href":"https:\/\/ferrygut.com\/de\/wp-json\/wp\/v2\/product_brand?post=30349"},{"taxonomy":"product_cat","embeddable":true,"href":"https:\/\/ferrygut.com\/de\/wp-json\/wp\/v2\/product_cat?post=30349"},{"taxonomy":"product_tag","embeddable":true,"href":"https:\/\/ferrygut.com\/de\/wp-json\/wp\/v2\/product_tag?post=30349"},{"taxonomy":"brands","embeddable":true,"href":"https:\/\/ferrygut.com\/de\/wp-json\/wp\/v2\/brands?post=30349"},{"taxonomy":"channels","embeddable":true,"href":"https:\/\/ferrygut.com\/de\/wp-json\/wp\/v2\/channels?post=30349"}],"curies":[{"name":"wp","href":"https:\/\/api.w.org\/{rel}","templated":true}]}}