{"id":30347,"date":"2025-02-14T10:18:30","date_gmt":"2025-02-14T09:18:30","guid":{"rendered":"https:\/\/ferrygut.com\/product\/outin-nano-tragbare-espressomaschine\/"},"modified":"2026-03-08T00:52:58","modified_gmt":"2026-03-07T23:52:58","slug":"outin-nano-tragbare-espressomaschine","status":"publish","type":"product","link":"https:\/\/ferrygut.com\/de\/produkt\/outin-nano-tragbare-espressomaschine\/","title":{"rendered":"OutIn &#8211; Nano &#8211; Tragbare Espressomaschine &#8211; Wei\u00df"},"content":{"rendered":"<p>Wir von FerryGut sind gro\u00dfe Espresso-Liebhaber und deshalb sind wir stolz darauf, die OutIn Nano zu pr\u00e4sentieren: eine tragbare und elektrische Espressomaschine. Diese kompakte Maschine wiegt nur 670 Gramm und ist damit ideal f\u00fcr unterwegs. Ihr stilvolles Design, das bereits mehrere Designpreise gewonnen hat, macht die Espressomaschine auch optisch ansprechend. Mit der OutIn Nano kannst du sowohl Kaffeekapseln als auch gemahlenen Kaffee verwenden, um einen perfekten Espresso zuzubereiten.   <\/p>\n<h3>Die Pluspunkte der OutIn Nano Espressomaschine<\/h3>\n<ul>\n<li>Elegantes Design, erh\u00e4ltlich in verschiedenen Farben<\/li>\n<li>Sowohl f\u00fcr gemahlenen Kaffee als auch f\u00fcr Kaffeekapseln geeignet<\/li>\n<li>Leicht und kompakt, ideal f\u00fcr Reisen und Camping<\/li>\n<li>Leckerer Espresso in 200 Sekunden<\/li>\n<li>Wiederaufladbar \u00fcber USB-C Kabel oder Autoladeger\u00e4t<\/li>\n<\/ul>\n<h2>Vielseitig und einfach zu bedienen<\/h2>\n<p>Die OutIn Nano ist extrem benutzerfreundlich: Du kannst mit einem Knopfdruck einen Espresso zubereiten, w\u00e4hrend die Maschine die Arbeit selbstst\u00e4ndig erledigt. Du kannst diese tragbare Espressomaschine sowohl mit Kaffeekapseln (wie Nespresso) als auch mit gemahlenem Kaffee verwenden. Au\u00dferdem funktioniert die Maschine sowohl mit kaltem als auch mit hei\u00dfem Wasser. Mit kaltem Wasser br\u00fcht die OutIn Nano bis zu 5 Tassen Espresso, wobei sich das Wasser in wenigen Minuten aufheizt. Mit hei\u00dfem Wasser kannst du mehr als 200 Tassen aufbr\u00fchen, jede in etwa 200 Sekunden. Du kannst die Espressomaschine ganz einfach \u00fcber ein USB-C-Kabel aufladen, das in den meisten Haushalten vorhanden ist.     <\/p>\n<h2>Leistungsstark und langlebig<\/h2>\n<p>Die OutIn Nano ist nicht nur vielseitig und benutzerfreundlich, sondern auch extrem leistungsstark. Mit dem eingebauten 7500-mAh-Akku kannst du deinen Espresso lange Zeit genie\u00dfen, je nachdem, ob du kaltes oder hei\u00dfes Wasser verwendest. Mit einer vollen Ladung kannst du bis zu 5 Tassen \u00e0 50 ml mit kaltem Wasser und 3 Tassen \u00e0 80 ml mit Wasser bei Raumtemperatur zubereiten. Wenn du hei\u00dfes Wasser verwendest, kannst du sogar mehr als 200 Tassen Espresso aufbr\u00fchen! Das Aufladen erfolgt schnell und flexibel sowohl mit 22V als auch mit 24V, mit einem Standardladeger\u00e4t oder einem Autoladeger\u00e4t. Das robuste Geh\u00e4use macht die OutIn Nano widerstandsf\u00e4hig gegen St\u00f6\u00dfe und St\u00fcrze. Dank seiner IPX6-Wasserbest\u00e4ndigkeit lassen sich die Komponenten leicht absp\u00fclen, sodass die Reinigung m\u00fchelos ist. Au\u00dferdem verhindern das auslaufsichere Design und die W\u00e4rmeisolierung, dass du dich an dem Ger\u00e4t verbrennst.       <\/p>\n<h2>Ideal f\u00fcr Espresso-Liebhaber<\/h2>\n<p>Die OutIn Nano ist nicht nur perfekt f\u00fcr unterwegs, sondern auch ideal f\u00fcr zu Hause oder das B\u00fcro. Dank ihrer Kompatibilit\u00e4t sowohl mit Kaffeekapseln als auch mit gemahlenem Kaffee kannst du immer deinen Lieblings-Espresso genie\u00dfen. Diese tragbare Espressomaschine ist auch ein Muss auf Reisen, auf langen Autofahrten oder beim Camping. Wo auch immer du bist, ein leckerer Espresso ist immer in Reichweite. Mit ihrem leichten, kompakten Design, der schnellen Bedienung und dem maximalen Druck von 20 bar br\u00fchst du m\u00fchelos einen Espresso mit einer reichhaltigen Crema, wo und wann immer du willst.    <\/p>\n<h3>Was ist in der Box?<\/h3>\n<ul>\n<li>OutIn Nano<\/li>\n<li>Kaffeetasse<\/li>\n<li>Adapter f\u00fcr Kaffeekapseln<\/li>\n<li>Filterkorb f\u00fcr gemahlenen Kaffee<\/li>\n<li>Messl\u00f6ffel f\u00fcr gemahlenen Kaffee<\/li>\n<li>USB-C Ladekabel<\/li>\n<\/ul>\n","protected":false},"excerpt":{"rendered":"<p><strong>10% Rabatt mit dem Rabattcode &#8220;OUTINONSALE&#8221;<\/strong><\/p>\n","protected":false},"featured_media":30129,"comment_status":"closed","ping_status":"closed","template":"","meta":{"_acf_changed":false,"_seopress_robots_primary_cat":"none","_seopress_titles_title":"","_seopress_titles_desc":"","_seopress_robots_index":""},"product_brand":[],"product_cat":[20066,9348],"product_tag":[],"brands":[9295],"channels":[],"class_list":{"0":"post-30347","1":"product","2":"type-product","3":"status-publish","4":"has-post-thumbnail","6":"product_cat-espressomaschinen","7":"product_cat-kaffee-to-go","8":"brands-outin","10":"first","11":"instock","12":"taxable","13":"shipping-taxable","14":"purchasable","15":"product-type-simple"},"acf":[],"weight_unit":"kg","dimension_unit":"cm","packaging_unit":"St\u00fccke","country_of_origin":"China","weee_germany":"DE97744419","website_url":"https:\/\/ferrygut.com\/","verkoper":"FerryGut.com","postcode":"5048CD","telefoonnummer":"+31850000735","_links":{"self":[{"href":"https:\/\/ferrygut.com\/de\/wp-json\/wp\/v2\/product\/30347","targetHints":{"allow":["GET"]}}],"collection":[{"href":"https:\/\/ferrygut.com\/de\/wp-json\/wp\/v2\/product"}],"about":[{"href":"https:\/\/ferrygut.com\/de\/wp-json\/wp\/v2\/types\/product"}],"replies":[{"embeddable":true,"href":"https:\/\/ferrygut.com\/de\/wp-json\/wp\/v2\/comments?post=30347"}],"wp:featuredmedia":[{"embeddable":true,"href":"https:\/\/ferrygut.com\/de\/wp-json\/wp\/v2\/media\/30129"}],"wp:attachment":[{"href":"https:\/\/ferrygut.com\/de\/wp-json\/wp\/v2\/media?parent=30347"}],"wp:term":[{"taxonomy":"product_brand","embeddable":true,"href":"https:\/\/ferrygut.com\/de\/wp-json\/wp\/v2\/product_brand?post=30347"},{"taxonomy":"product_cat","embeddable":true,"href":"https:\/\/ferrygut.com\/de\/wp-json\/wp\/v2\/product_cat?post=30347"},{"taxonomy":"product_tag","embeddable":true,"href":"https:\/\/ferrygut.com\/de\/wp-json\/wp\/v2\/product_tag?post=30347"},{"taxonomy":"brands","embeddable":true,"href":"https:\/\/ferrygut.com\/de\/wp-json\/wp\/v2\/brands?post=30347"},{"taxonomy":"channels","embeddable":true,"href":"https:\/\/ferrygut.com\/de\/wp-json\/wp\/v2\/channels?post=30347"}],"curies":[{"name":"wp","href":"https:\/\/api.w.org\/{rel}","templated":true}]}}