{"id":30193,"date":"2025-02-13T16:03:52","date_gmt":"2025-02-13T15:03:52","guid":{"rendered":"https:\/\/ferrygut.com\/product\/outin-nano-tragbare-12v-espressomaschine-20-bar-kapseln-gemahlener-kaffee\/"},"modified":"2025-02-13T16:39:35","modified_gmt":"2025-02-13T15:39:35","slug":"outin-nano-tragbare-12v-espressomaschine-20-bar-kapseln-gemahlener-kaffee","status":"publish","type":"product","link":"https:\/\/ferrygut.com\/de\/produkt\/outin-nano-tragbare-12v-espressomaschine-20-bar-kapseln-gemahlener-kaffee\/","title":{"rendered":"OutIn &#8211; Nano &#8211; Tragbare Espressomaschine"},"content":{"rendered":"<h2 id=\"product_description\" class=\"slot__title mt-none\" data-test=\"title\">Beschreibung des Produkts<\/h2>\n<div class=\"js_show-more-description show-more active\">\n<div class=\"js_show-more-holder show-more-holder show-more--l product-tracklists-show-more--animate\">\n<div class=\"js_description_content js_show-more-content\">\n<div class=\"product-description\" data-test=\"description\">\n<h3>Diese elektrische Reise- und Camping-Kaffeemaschine vereint Stil und Komfort in einer robusten tragbaren Kaffeemaschine.<\/h3>\n<p>Die OutIn Nano erhitzt das Wasser selbst und ist sowohl f\u00fcr gemahlenen Kaffee als auch f\u00fcr Kaffeekapseln geeignet. Mit einem maximalen Druck von 20 bar garantiert die Maschine eine optimale Crema.  Das Design, das mit mehreren Designpreisen ausgezeichnet wurde, ist nicht nur stilvoll und solide, sondern auch sehr schick.<\/p>\n<p><strong>Leistung und Kapazit\u00e4t<\/strong><\/p>\n<p>Mit nur einem Tastendruck kannst du m\u00fchelos einen perfekten Espresso genie\u00dfen. Egal, ob du unterwegs bist, zelten gehst oder einfach nur eine schnelle Kaffeepause machen willst, diese tragbare Espressomaschine macht es dir leicht. <\/p>\n<p>Dr\u00fccke den Knopf zwei Sekunden lang, und die Maschine erhitzt das Wasser und br\u00fcht automatisch einen k\u00f6stlichen Espresso. Du hast bereits hei\u00dfes Wasser und willst sofort Kaffee kochen? Dann halte die Taste f\u00fcnf Sekunden lang gedr\u00fcckt oder dr\u00fccke sie zweimal kurz hintereinander. Auf diese Weise hast du immer die volle Kontrolle \u00fcber deinen Kaffeemoment.   <\/p>\n<p>Dank der erh\u00f6hten 7,4 cm gro\u00dfen Kaffeetasse bleibt deine Umgebung sauber und du versch\u00fcttest weniger &#8211; ideal f\u00fcr unterwegs oder im Auto. Au\u00dferdem musst du die Maschine beim Br\u00fchen nicht festhalten. Stell sie ab, dr\u00fccke den Knopf und nimm dir einen Moment Zeit f\u00fcr dich, w\u00e4hrend die Espressomaschine die Arbeit erledigt.  <\/p>\n<p>So kombinierst du m\u00fchelose Leistung mit ultimativem Komfort, wo immer du bist!<\/p>\n<p><strong>Batterie und Haltbarkeit<\/strong><\/p>\n<p>Zuverl\u00e4ssigkeit und Komfort stehen bei der OutIn Nano an erster Stelle. Mit dem leistungsstarken eingebauten 7500-mAh-Akku kannst du bis zu 200 Tassen Hei\u00dfwasserkaffee aufbr\u00fchen, ohne jedes Mal nachzuladen. Du gehst mit Wasser in Zimmertemperatur aus? Dann produziert ein voller Akku m\u00fchelos 5 50ml-Tassen oder 3 80ml-Tassen, perfekt f\u00fcr lange Reisen oder entspannte Campingausfl\u00fcge.   <\/p>\n<p>Dank seiner vielseitigen Ladeoptionen passt sich der OutIn Nano m\u00fchelos an deinen Lebensstil an. Du kannst ihn ganz einfach an einer 220-V- oder 240-V-Steckdose aufladen, solange der Adapter mindestens 5 V und 10 W liefert. Verwende ein 5V\/2A oder 5V\/3A USB-Ladeger\u00e4t und profitiere von der Kompatibilit\u00e4t von USB-C zu USB-C und USB-A zu USB-C. Auch unterwegs bietet die Espressomaschine ultimativen Komfort, da sie m\u00fchelos \u00fcber 12V oder 24V Autoladeger\u00e4te aufgeladen werden kann. Bitte beachte, dass Ladeger\u00e4te unter 10W, wie z.B. das Apple 5W Ladeger\u00e4t, nicht geeignet sind.    <\/p>\n<p>Au\u00dferdem wird der OutIn Nano mit einem universellen USB-C-auf-USB-C-Kabel geliefert, das mit den meisten modernen Ger\u00e4ten kompatibel ist. Und mit einer zweij\u00e4hrigen Garantie kannst du dich auf eine lange Nutzungsdauer und zuverl\u00e4ssige Leistung verlassen, wo immer du bist! <\/p>\n<p><strong>Vielseitigkeit und Design<\/strong><\/p>\n<p>Die OutIn Nano wurde f\u00fcr echte Kaffeeliebhaber entwickelt, die \u00fcberall einen perfekten Espresso genie\u00dfen wollen. Egal, ob du gemahlenen Kaffee oder Kaffeekapseln von Topmarken wie Nespresso, Starbucks, Illy, Lavazza, Kimbo, Cafe Royal, L&#8217;OR oder Jacobs verwendest, diese Espressomaschine passt sich m\u00fchelos an deine Vorlieben an. <\/p>\n<p>Wo auch immer du bist &#8211; zu Hause, im B\u00fcro, im Hotel, im Auto, im Bus oder sogar mitten in der Natur &#8211; der OutIn Nano bietet immer eine zuverl\u00e4ssige Kaffeepause. Dank seiner kompakten Gr\u00f6\u00dfe, die einer Wasserflasche \u00e4hnelt, kannst du ihn leicht in deiner Tasche oder deinem Rucksack mitnehmen. Ideal f\u00fcr Reisen, Camping, Wandern, Angeln oder einfach auf dem Weg zur Arbeit.  <\/p>\n<p><strong>Preisgekr\u00f6ntes Design und Nachhaltigkeit<\/strong><\/p>\n<p>Der OutIn Nano wurde mit dem renommierten <strong>Red Dot Design Award 2023<\/strong> ausgezeichnet und ist nicht nur funktional, sondern auch ein stilvolles St\u00fcck Handwerkskunst. Das robuste Design h\u00e4lt einiges aus und zerbricht nicht so leicht, wenn es herunterf\u00e4llt &#8211; perfekt f\u00fcr Abenteurer und Berufst\u00e4tige. <\/p>\n<p>Au\u00dferdem ist er <strong>nach IPX6 wasserdicht<\/strong>, d.h. du kannst ihn einfach unter dem Wasserhahn absp\u00fclen. Das auslaufsichere Design und die W\u00e4rmeisolierung sorgen daf\u00fcr, dass du deinen Kaffee sicher genie\u00dfen kannst, ohne dich um hei\u00dfe Fl\u00fcssigkeiten oder ein hei\u00dfes Ger\u00e4t sorgen zu m\u00fcssen. <\/p>\n<p>Mit dem OutIn Nano hast du jederzeit und \u00fcberall einen erstklassigen Kaffeemoment zur Hand!<\/p>\n<\/div><\/div>\n<\/p><\/div>\n<\/p><\/div>\n","protected":false},"excerpt":{"rendered":"<p>Beschreibung des Produkts Diese elektrische Reise- und Camping-Kaffeemaschine vereint Stil und Komfort in einer robusten tragbaren Kaffeemaschine. Die OutIn Nano erhitzt das Wasser selbst und ist sowohl f\u00fcr gemahlenen Kaffee als auch f\u00fcr Kaffeekapseln geeignet. Mit einem maximalen Druck von 20 bar garantiert die Maschine eine optimale Crema. Das Design, das mit mehreren Designpreisen ausgezeichnet [&hellip;]<\/p>\n","protected":false},"featured_media":26484,"comment_status":"closed","ping_status":"closed","template":"","meta":{"_acf_changed":false,"_seopress_robots_primary_cat":"none","_seopress_titles_title":"","_seopress_titles_desc":"","_seopress_robots_index":""},"product_brand":[],"product_cat":[2901],"product_tag":[],"brands":[],"channels":[],"class_list":{"0":"post-30193","1":"product","2":"type-product","3":"status-publish","4":"has-post-thumbnail","6":"product_cat-keine-kategorie","8":"first","9":"outofstock","10":"taxable","11":"shipping-taxable","12":"product-type-simple"},"acf":[],"weight_unit":"kg","dimension_unit":"cm","packaging_unit":"St\u00fccke","country_of_origin":"China","weee_germany":"DE97744419","website_url":"https:\/\/ferrygut.com\/","verkoper":"FerryGut.com","postcode":"5048CD","telefoonnummer":"+31850000735","_links":{"self":[{"href":"https:\/\/ferrygut.com\/de\/wp-json\/wp\/v2\/product\/30193","targetHints":{"allow":["GET"]}}],"collection":[{"href":"https:\/\/ferrygut.com\/de\/wp-json\/wp\/v2\/product"}],"about":[{"href":"https:\/\/ferrygut.com\/de\/wp-json\/wp\/v2\/types\/product"}],"replies":[{"embeddable":true,"href":"https:\/\/ferrygut.com\/de\/wp-json\/wp\/v2\/comments?post=30193"}],"wp:featuredmedia":[{"embeddable":true,"href":"https:\/\/ferrygut.com\/de\/wp-json\/wp\/v2\/media\/26484"}],"wp:attachment":[{"href":"https:\/\/ferrygut.com\/de\/wp-json\/wp\/v2\/media?parent=30193"}],"wp:term":[{"taxonomy":"product_brand","embeddable":true,"href":"https:\/\/ferrygut.com\/de\/wp-json\/wp\/v2\/product_brand?post=30193"},{"taxonomy":"product_cat","embeddable":true,"href":"https:\/\/ferrygut.com\/de\/wp-json\/wp\/v2\/product_cat?post=30193"},{"taxonomy":"product_tag","embeddable":true,"href":"https:\/\/ferrygut.com\/de\/wp-json\/wp\/v2\/product_tag?post=30193"},{"taxonomy":"brands","embeddable":true,"href":"https:\/\/ferrygut.com\/de\/wp-json\/wp\/v2\/brands?post=30193"},{"taxonomy":"channels","embeddable":true,"href":"https:\/\/ferrygut.com\/de\/wp-json\/wp\/v2\/channels?post=30193"}],"curies":[{"name":"wp","href":"https:\/\/api.w.org\/{rel}","templated":true}]}}