{"id":30187,"date":"2025-02-13T15:59:02","date_gmt":"2025-02-13T14:59:02","guid":{"rendered":"https:\/\/ferrygut.com\/product\/outin-nano-tragbare-espressomaschine-grau\/"},"modified":"2026-03-08T00:52:17","modified_gmt":"2026-03-07T23:52:17","slug":"outin-nano-tragbare-espressomaschine-grau","status":"publish","type":"product","link":"https:\/\/ferrygut.com\/de\/produkt\/outin-nano-tragbare-espressomaschine-grau\/","title":{"rendered":"OutIn &#8211; Nano &#8211; Tragbare Espressomaschine &#8211; Schwarz"},"content":{"rendered":"<p>Bei FerryGut lieben wir Espresso! Deshalb sind wir stolz darauf, die OutIn Nano vorzustellen, eine tragbare und elektrische Espressomaschine. Mit einem Gewicht von nur 670 Gramm ist diese kompakte Maschine ideal f\u00fcr unterwegs. Au\u00dferdem besticht sie durch ihr stilvolles Design, das mit mehreren Designpreisen ausgezeichnet wurde. Egal ob du Kapseln oder gemahlenen Kaffee verwendest, mit der OutIn Nano kannst du \u00fcberall einen perfekten Espresso zubereiten.    <\/p>\n<h3>Die Pluspunkte der OutIn Nano Espressomaschine<\/h3>\n<ul>\n<li>Elegantes Design, erh\u00e4ltlich in verschiedenen Farben<\/li>\n<li>Kompatibel sowohl mit gemahlenem Kaffee als auch mit Kaffeekapseln<\/li>\n<li>Leicht und kompakt &#8211; ideal f\u00fcr Reisen und Camping<\/li>\n<li>Leckerer Espresso in nur 200 Sekunden<\/li>\n<li>Wiederaufladbar \u00fcber USB-C oder Autoladeger\u00e4t<\/li>\n<\/ul>\n<h2>Vielseitig und einfach zu bedienen<\/h2>\n<p>Die OutIn Nano ist einfach zu bedienen: Mit nur einem Knopfdruck kannst du einen k\u00f6stlichen Espresso zubereiten, w\u00e4hrend die Maschine beim Br\u00fchen autonom bleibt. Du kannst sowohl Kaffeekapseln, wie die von Nespresso, als auch gemahlenen Kaffee verwenden. Au\u00dferdem funktioniert die Espressomaschine sowohl mit kaltem als auch mit hei\u00dfem Wasser. Mit kaltem Wasser macht die OutIn Nano f\u00fcnf Tassen Espresso und erhitzt das Wasser in ein paar Minuten. Wenn du hei\u00dfes Wasser verwendest, kann die Maschine mehr als 200 Tassen aufbr\u00fchen, jede in etwa 200 Sekunden. Das Aufladen erfolgt ganz einfach \u00fcber ein USB-C-Kabel, einen universellen Anschluss, den fast jeder in seinem Haushalt hat.     <\/p>\n<h2>Leistungsstark und langlebig<\/h2>\n<p>Neben ihrer Vielseitigkeit und Benutzerfreundlichkeit ist die OutIn Nano auch \u00fcberraschend leistungsstark. Mit einem eingebauten 7500-mAh-Akku h\u00e4lt diese Espressomaschine lange durch, je nachdem, ob du kaltes oder hei\u00dfes Wasser verwendest. Mit einer vollen Ladung kannst du bis zu 5 50-ml-Tassen mit kaltem Wasser oder 3 80-ml-Tassen mit Wasser bei Raumtemperatur zubereiten. Wenn du hei\u00dfes Wasser verwendest, kannst du sogar mehr als 200 Tassen Espresso aufbr\u00fchen! Das Aufladen erfolgt schnell und flexibel sowohl mit 22V als auch mit 24V, mit einem normalen Ladeger\u00e4t oder einem Autoladeger\u00e4t. Au\u00dferdem ist die OutIn Nano f\u00fcr Abenteuer gebaut: Ihr robustes Geh\u00e4use macht sie widerstandsf\u00e4hig gegen St\u00f6\u00dfe und St\u00fcrze. Dank seiner IPX6-Wasserfestigkeit kannst du die Teile einfach absp\u00fclen, sodass die Reinigung kein Problem darstellt. Das auslaufsichere Design und die W\u00e4rmeisolierung sorgen au\u00dferdem daf\u00fcr, dass du dir nicht die H\u00e4nde verbrennst.       <\/p>\n<h2>Ideal f\u00fcr Espresso-Liebhaber<\/h2>\n<p>Die OutIn Nano ist perfekt f\u00fcr zu Hause, das B\u00fcro und f\u00fcr unterwegs. Diese tragbare Espressomaschine funktioniert sowohl mit Kaffeekapseln als auch mit gemahlenem Kaffee, sodass du immer deinen Lieblings-Espresso genie\u00dfen kannst. Ideal f\u00fcr Reisen, lange Autofahrten oder beim Camping. Mit ihrem leichten und kompakten Design, der schnellen Bedienung und einem Druck von bis zu 20 bar br\u00fchst du m\u00fchelos einen Espresso mit einer vollen Crema, egal wo du bist.   <\/p>\n<h3>Was ist in der Box?<\/h3>\n<ul>\n<li>OutIn Nano<\/li>\n<li>Kaffeetasse<\/li>\n<li data-start=\"18\" data-end=\"43\">Adapter f\u00fcr Kapseln<\/li>\n<li data-start=\"44\" data-end=\"80\">Filterkorb f\u00fcr gemahlenen Kaffee<\/li>\n<li data-start=\"81\" data-end=\"114\">Messl\u00f6ffel f\u00fcr gemahlenen Kaffee<\/li>\n<li data-start=\"115\" data-end=\"135\" data-is-last-node=\"\">Typ-C Ladekabel<\/li>\n<\/ul>\n","protected":false},"excerpt":{"rendered":"<p><strong>10% Rabatt mit dem Rabattcode &#8220;OUTINONSALE&#8221;<\/strong><\/p>\n","protected":false},"featured_media":29740,"comment_status":"closed","ping_status":"closed","template":"","meta":{"_acf_changed":false,"_seopress_robots_primary_cat":"none","_seopress_titles_title":"OutIn - Nano - Tragbare Espressomaschine","_seopress_titles_desc":"Die OutIn Nano erhitzt das Wasser selbst und ist sowohl f\u00fcr gemahlenen Kaffee als auch f\u00fcr Kaffeekapseln geeignet. Mit einem maximalen Druck von 20 bar garantiert die Maschine. ","_seopress_robots_index":""},"product_brand":[],"product_cat":[20066,9348],"product_tag":[],"brands":[9295],"channels":[],"class_list":{"0":"post-30187","1":"product","2":"type-product","3":"status-publish","4":"has-post-thumbnail","6":"product_cat-espressomaschinen","7":"product_cat-kaffee-to-go","8":"brands-outin","10":"first","11":"instock","12":"taxable","13":"shipping-taxable","14":"purchasable","15":"product-type-simple"},"acf":[],"weight_unit":"kg","dimension_unit":"cm","packaging_unit":"St\u00fccke","country_of_origin":"China","weee_germany":"DE97744419","website_url":"https:\/\/ferrygut.com\/","verkoper":"FerryGut.com","postcode":"5048CD","telefoonnummer":"+31850000735","_links":{"self":[{"href":"https:\/\/ferrygut.com\/de\/wp-json\/wp\/v2\/product\/30187","targetHints":{"allow":["GET"]}}],"collection":[{"href":"https:\/\/ferrygut.com\/de\/wp-json\/wp\/v2\/product"}],"about":[{"href":"https:\/\/ferrygut.com\/de\/wp-json\/wp\/v2\/types\/product"}],"replies":[{"embeddable":true,"href":"https:\/\/ferrygut.com\/de\/wp-json\/wp\/v2\/comments?post=30187"}],"wp:featuredmedia":[{"embeddable":true,"href":"https:\/\/ferrygut.com\/de\/wp-json\/wp\/v2\/media\/29740"}],"wp:attachment":[{"href":"https:\/\/ferrygut.com\/de\/wp-json\/wp\/v2\/media?parent=30187"}],"wp:term":[{"taxonomy":"product_brand","embeddable":true,"href":"https:\/\/ferrygut.com\/de\/wp-json\/wp\/v2\/product_brand?post=30187"},{"taxonomy":"product_cat","embeddable":true,"href":"https:\/\/ferrygut.com\/de\/wp-json\/wp\/v2\/product_cat?post=30187"},{"taxonomy":"product_tag","embeddable":true,"href":"https:\/\/ferrygut.com\/de\/wp-json\/wp\/v2\/product_tag?post=30187"},{"taxonomy":"brands","embeddable":true,"href":"https:\/\/ferrygut.com\/de\/wp-json\/wp\/v2\/brands?post=30187"},{"taxonomy":"channels","embeddable":true,"href":"https:\/\/ferrygut.com\/de\/wp-json\/wp\/v2\/channels?post=30187"}],"curies":[{"name":"wp","href":"https:\/\/api.w.org\/{rel}","templated":true}]}}